{"id":4299,"date":"2025-08-31T18:24:07","date_gmt":"2025-08-31T16:24:07","guid":{"rendered":"http:\/\/ginaundseppontour.de\/?page_id=4299"},"modified":"2025-08-31T18:38:32","modified_gmt":"2025-08-31T16:38:32","slug":"kurztrip-holland","status":"publish","type":"page","link":"https:\/\/ginaundseppontour.de\/?page_id=4299","title":{"rendered":"Wochenenden 2025"},"content":{"rendered":"\n<p class=\"wp-block-paragraph\"><\/p>\n\n\n\n<p class=\"wp-block-paragraph\">Im M\u00e4rz 2025 sind wir \u00fcbers Wochenende nach Holland gefahren zu Obelink (Ikea f\u00fcr Camper \ud83d\ude09)<\/p>\n\n\n\n<figure class=\"wp-block-gallery has-nested-images columns-default is-cropped wp-block-gallery-1 is-layout-flex wp-block-gallery-is-layout-flex\">\n<figure class=\"wp-block-image size-large\"><a href=\"https:\/\/ginaundseppontour.de\/wordpress\/wp-content\/uploads\/2025\/08\/IMG_1378-scaled.jpeg\"><img loading=\"lazy\" decoding=\"async\" width=\"971\" height=\"1024\" data-id=\"4296\" src=\"https:\/\/ginaundseppontour.de\/wordpress\/wp-content\/uploads\/2025\/08\/IMG_1378-971x1024.jpeg\" alt=\"\" class=\"wp-image-4296\" srcset=\"https:\/\/ginaundseppontour.de\/wordpress\/wp-content\/uploads\/2025\/08\/IMG_1378-971x1024.jpeg 971w, https:\/\/ginaundseppontour.de\/wordpress\/wp-content\/uploads\/2025\/08\/IMG_1378-284x300.jpeg 284w, https:\/\/ginaundseppontour.de\/wordpress\/wp-content\/uploads\/2025\/08\/IMG_1378-768x810.jpeg 768w, https:\/\/ginaundseppontour.de\/wordpress\/wp-content\/uploads\/2025\/08\/IMG_1378-1456x1536.jpeg 1456w, https:\/\/ginaundseppontour.de\/wordpress\/wp-content\/uploads\/2025\/08\/IMG_1378-1941x2048.jpeg 1941w, https:\/\/ginaundseppontour.de\/wordpress\/wp-content\/uploads\/2025\/08\/IMG_1378-676x713.jpeg 676w\" sizes=\"auto, (max-width: 971px) 100vw, 971px\" \/><\/a><\/figure>\n\n\n\n<figure class=\"wp-block-image size-large\"><a href=\"https:\/\/ginaundseppontour.de\/wordpress\/wp-content\/uploads\/2025\/08\/IMG_1374-scaled.jpeg\"><img loading=\"lazy\" decoding=\"async\" width=\"1024\" height=\"768\" data-id=\"4297\" src=\"https:\/\/ginaundseppontour.de\/wordpress\/wp-content\/uploads\/2025\/08\/IMG_1374-1024x768.jpeg\" alt=\"\" class=\"wp-image-4297\" srcset=\"https:\/\/ginaundseppontour.de\/wordpress\/wp-content\/uploads\/2025\/08\/IMG_1374-1024x768.jpeg 1024w, https:\/\/ginaundseppontour.de\/wordpress\/wp-content\/uploads\/2025\/08\/IMG_1374-300x225.jpeg 300w, https:\/\/ginaundseppontour.de\/wordpress\/wp-content\/uploads\/2025\/08\/IMG_1374-768x576.jpeg 768w, https:\/\/ginaundseppontour.de\/wordpress\/wp-content\/uploads\/2025\/08\/IMG_1374-1536x1152.jpeg 1536w, https:\/\/ginaundseppontour.de\/wordpress\/wp-content\/uploads\/2025\/08\/IMG_1374-2048x1536.jpeg 2048w, https:\/\/ginaundseppontour.de\/wordpress\/wp-content\/uploads\/2025\/08\/IMG_1374-676x507.jpeg 676w\" sizes=\"auto, (max-width: 1024px) 100vw, 1024px\" \/><\/a><\/figure>\n<\/figure>\n\n\n\n<p class=\"wp-block-paragraph\"><\/p>\n\n\n\n<p class=\"wp-block-paragraph\">Im Mai waren wir beim Wellness in Bad Wurzach und haben auf dem Heimweg einen Abstecher in N\u00f6rdlingen gemacht.<\/p>\n\n\n\n<figure class=\"wp-block-gallery has-nested-images columns-default is-cropped wp-block-gallery-2 is-layout-flex wp-block-gallery-is-layout-flex\">\n<figure class=\"wp-block-image size-large\"><a href=\"https:\/\/ginaundseppontour.de\/wordpress\/wp-content\/uploads\/2025\/08\/IMG_1535-scaled.jpeg\"><img loading=\"lazy\" decoding=\"async\" width=\"768\" height=\"1024\" data-id=\"4304\" src=\"https:\/\/ginaundseppontour.de\/wordpress\/wp-content\/uploads\/2025\/08\/IMG_1535-768x1024.jpeg\" alt=\"\" class=\"wp-image-4304\" srcset=\"https:\/\/ginaundseppontour.de\/wordpress\/wp-content\/uploads\/2025\/08\/IMG_1535-768x1024.jpeg 768w, https:\/\/ginaundseppontour.de\/wordpress\/wp-content\/uploads\/2025\/08\/IMG_1535-225x300.jpeg 225w, https:\/\/ginaundseppontour.de\/wordpress\/wp-content\/uploads\/2025\/08\/IMG_1535-1152x1536.jpeg 1152w, https:\/\/ginaundseppontour.de\/wordpress\/wp-content\/uploads\/2025\/08\/IMG_1535-1536x2048.jpeg 1536w, https:\/\/ginaundseppontour.de\/wordpress\/wp-content\/uploads\/2025\/08\/IMG_1535-676x901.jpeg 676w, https:\/\/ginaundseppontour.de\/wordpress\/wp-content\/uploads\/2025\/08\/IMG_1535-scaled.jpeg 1920w\" sizes=\"auto, (max-width: 768px) 100vw, 768px\" \/><\/a><figcaption class=\"wp-element-caption\">N\u00f6rdlingen<\/figcaption><\/figure>\n\n\n\n<figure class=\"wp-block-image size-large\"><a href=\"https:\/\/ginaundseppontour.de\/wordpress\/wp-content\/uploads\/2025\/08\/IMG_1537-scaled.jpeg\"><img loading=\"lazy\" decoding=\"async\" width=\"911\" height=\"1024\" data-id=\"4305\" src=\"https:\/\/ginaundseppontour.de\/wordpress\/wp-content\/uploads\/2025\/08\/IMG_1537-911x1024.jpeg\" alt=\"\" class=\"wp-image-4305\" srcset=\"https:\/\/ginaundseppontour.de\/wordpress\/wp-content\/uploads\/2025\/08\/IMG_1537-911x1024.jpeg 911w, https:\/\/ginaundseppontour.de\/wordpress\/wp-content\/uploads\/2025\/08\/IMG_1537-267x300.jpeg 267w, https:\/\/ginaundseppontour.de\/wordpress\/wp-content\/uploads\/2025\/08\/IMG_1537-768x864.jpeg 768w, https:\/\/ginaundseppontour.de\/wordpress\/wp-content\/uploads\/2025\/08\/IMG_1537-1366x1536.jpeg 1366w, https:\/\/ginaundseppontour.de\/wordpress\/wp-content\/uploads\/2025\/08\/IMG_1537-1821x2048.jpeg 1821w, https:\/\/ginaundseppontour.de\/wordpress\/wp-content\/uploads\/2025\/08\/IMG_1537-676x760.jpeg 676w\" sizes=\"auto, (max-width: 911px) 100vw, 911px\" \/><\/a><\/figure>\n<\/figure>\n\n\n\n<p class=\"wp-block-paragraph\"><\/p>\n\n\n\n<p class=\"wp-block-paragraph\">Im Juli waren wir bei Lieder auf Banz, ein sehr, sehr sch\u00f6ner Abend<\/p>\n\n\n\n<figure class=\"wp-block-gallery has-nested-images columns-default is-cropped wp-block-gallery-3 is-layout-flex wp-block-gallery-is-layout-flex\">\n<figure class=\"wp-block-image size-large\"><a href=\"https:\/\/ginaundseppontour.de\/wordpress\/wp-content\/uploads\/2025\/08\/IMG_1692-scaled.jpeg\"><img loading=\"lazy\" decoding=\"async\" width=\"1024\" height=\"768\" data-id=\"4314\" src=\"https:\/\/ginaundseppontour.de\/wordpress\/wp-content\/uploads\/2025\/08\/IMG_1692-1024x768.jpeg\" alt=\"\" class=\"wp-image-4314\" srcset=\"https:\/\/ginaundseppontour.de\/wordpress\/wp-content\/uploads\/2025\/08\/IMG_1692-1024x768.jpeg 1024w, https:\/\/ginaundseppontour.de\/wordpress\/wp-content\/uploads\/2025\/08\/IMG_1692-300x225.jpeg 300w, https:\/\/ginaundseppontour.de\/wordpress\/wp-content\/uploads\/2025\/08\/IMG_1692-768x576.jpeg 768w, https:\/\/ginaundseppontour.de\/wordpress\/wp-content\/uploads\/2025\/08\/IMG_1692-1536x1152.jpeg 1536w, https:\/\/ginaundseppontour.de\/wordpress\/wp-content\/uploads\/2025\/08\/IMG_1692-2048x1536.jpeg 2048w, https:\/\/ginaundseppontour.de\/wordpress\/wp-content\/uploads\/2025\/08\/IMG_1692-676x507.jpeg 676w\" sizes=\"auto, (max-width: 1024px) 100vw, 1024px\" \/><\/a><\/figure>\n\n\n\n<figure class=\"wp-block-image size-large\"><a href=\"https:\/\/ginaundseppontour.de\/wordpress\/wp-content\/uploads\/2025\/08\/IMG_2399_Original-scaled.jpeg\"><img loading=\"lazy\" decoding=\"async\" width=\"768\" height=\"1024\" data-id=\"4313\" src=\"https:\/\/ginaundseppontour.de\/wordpress\/wp-content\/uploads\/2025\/08\/IMG_2399_Original-768x1024.jpeg\" alt=\"\" class=\"wp-image-4313\" srcset=\"https:\/\/ginaundseppontour.de\/wordpress\/wp-content\/uploads\/2025\/08\/IMG_2399_Original-768x1024.jpeg 768w, https:\/\/ginaundseppontour.de\/wordpress\/wp-content\/uploads\/2025\/08\/IMG_2399_Original-225x300.jpeg 225w, https:\/\/ginaundseppontour.de\/wordpress\/wp-content\/uploads\/2025\/08\/IMG_2399_Original-1152x1536.jpeg 1152w, https:\/\/ginaundseppontour.de\/wordpress\/wp-content\/uploads\/2025\/08\/IMG_2399_Original-1536x2048.jpeg 1536w, https:\/\/ginaundseppontour.de\/wordpress\/wp-content\/uploads\/2025\/08\/IMG_2399_Original-676x901.jpeg 676w, https:\/\/ginaundseppontour.de\/wordpress\/wp-content\/uploads\/2025\/08\/IMG_2399_Original-scaled.jpeg 1920w\" sizes=\"auto, (max-width: 768px) 100vw, 768px\" \/><\/a><\/figure>\n\n\n\n<figure class=\"wp-block-image size-large\"><a href=\"https:\/\/ginaundseppontour.de\/wordpress\/wp-content\/uploads\/2025\/08\/IMG_1689-scaled.jpeg\"><img loading=\"lazy\" decoding=\"async\" width=\"768\" height=\"1024\" data-id=\"4311\" src=\"https:\/\/ginaundseppontour.de\/wordpress\/wp-content\/uploads\/2025\/08\/IMG_1689-768x1024.jpeg\" alt=\"\" class=\"wp-image-4311\" srcset=\"https:\/\/ginaundseppontour.de\/wordpress\/wp-content\/uploads\/2025\/08\/IMG_1689-768x1024.jpeg 768w, https:\/\/ginaundseppontour.de\/wordpress\/wp-content\/uploads\/2025\/08\/IMG_1689-225x300.jpeg 225w, https:\/\/ginaundseppontour.de\/wordpress\/wp-content\/uploads\/2025\/08\/IMG_1689-1152x1536.jpeg 1152w, https:\/\/ginaundseppontour.de\/wordpress\/wp-content\/uploads\/2025\/08\/IMG_1689-1536x2048.jpeg 1536w, https:\/\/ginaundseppontour.de\/wordpress\/wp-content\/uploads\/2025\/08\/IMG_1689-676x901.jpeg 676w, https:\/\/ginaundseppontour.de\/wordpress\/wp-content\/uploads\/2025\/08\/IMG_1689-scaled.jpeg 1920w\" sizes=\"auto, (max-width: 768px) 100vw, 768px\" \/><\/a><\/figure>\n<\/figure>\n\n\n\n<p class=\"wp-block-paragraph\"><\/p>\n\n\n\n<p class=\"wp-block-paragraph\"><\/p>\n","protected":false},"excerpt":{"rendered":"<p>Im M\u00e4rz 2025 sind wir \u00fcbers Wochenende nach Holland gefahren zu Obelink (Ikea f\u00fcr Camper \ud83d\ude09) Im Mai waren wir beim Wellness in Bad Wurzach und haben auf dem Heimweg einen Abstecher in N\u00f6rdlingen gemacht. Im Juli waren wir bei Lieder auf Banz, ein sehr, sehr sch\u00f6ner Abend<\/p>\n","protected":false},"author":1,"featured_media":0,"parent":0,"menu_order":0,"comment_status":"closed","ping_status":"closed","template":"","meta":{"_crdt_document":"","pgc_sgb_lightbox_settings":"","footnotes":""},"class_list":["post-4299","page","type-page","status-publish","hentry"],"_links":{"self":[{"href":"https:\/\/ginaundseppontour.de\/index.php?rest_route=\/wp\/v2\/pages\/4299","targetHints":{"allow":["GET"]}}],"collection":[{"href":"https:\/\/ginaundseppontour.de\/index.php?rest_route=\/wp\/v2\/pages"}],"about":[{"href":"https:\/\/ginaundseppontour.de\/index.php?rest_route=\/wp\/v2\/types\/page"}],"author":[{"embeddable":true,"href":"https:\/\/ginaundseppontour.de\/index.php?rest_route=\/wp\/v2\/users\/1"}],"replies":[{"embeddable":true,"href":"https:\/\/ginaundseppontour.de\/index.php?rest_route=%2Fwp%2Fv2%2Fcomments&post=4299"}],"version-history":[{"count":7,"href":"https:\/\/ginaundseppontour.de\/index.php?rest_route=\/wp\/v2\/pages\/4299\/revisions"}],"predecessor-version":[{"id":4317,"href":"https:\/\/ginaundseppontour.de\/index.php?rest_route=\/wp\/v2\/pages\/4299\/revisions\/4317"}],"wp:attachment":[{"href":"https:\/\/ginaundseppontour.de\/index.php?rest_route=%2Fwp%2Fv2%2Fmedia&parent=4299"}],"curies":[{"name":"wp","href":"https:\/\/api.w.org\/{rel}","templated":true}]}}