{"id":39,"date":"2014-11-07T19:39:10","date_gmt":"2014-11-07T17:39:10","guid":{"rendered":"http:\/\/ginaundseppontour.de\/blog\/?page_id=39"},"modified":"2015-12-24T13:57:54","modified_gmt":"2015-12-24T11:57:54","slug":"unsere-erste-tour","status":"publish","type":"page","link":"https:\/\/ginaundseppontour.de\/?page_id=39","title":{"rendered":"Unsere erste Tour"},"content":{"rendered":"<p><iframe loading=\"lazy\" style=\"border: 0;\" src=\"https:\/\/www.google.com\/maps\/embed?pb=!1m63!1m12!1m3!1d2748584.3076353706!2d11.326508341623143!3d47.720058978016866!2m3!1f0!2f0!3f0!3m2!1i1024!2i768!4f13.1!4m48!1i0!3e0!4m5!1s0x477f68b991f704db%3A0x771855be78bc656e!2sVia+Sorio%2C+Ca'+degli+Oppi+VR%2C+Italien!3m2!1d45.2924076!2d11.130281499999999!4m5!1s0x477edaec1205674f%3A0x2b41139d6a5fefc2!2sCentro+Commerciale+Auchan+Padova%2C+Via+Venezia%2C+61%2C+35131+Padova+PD%2C+Italien!3m2!1d45.41188!2d11.907269999999999!4m5!1s0x477eb3e3a7e6564d%3A0xe8dbeb23eb939ec3!2sParco+San+Giuliano%2C+Cavalcavia+San+Giuliano%2C+30173+Venezia%2C+Italien!3m2!1d45.473245999999996!2d12.276425999999999!4m3!3m2!1d45.6097536!2d12.8994083!4m5!1s0x4770d4fe15adbb1b%3A0xc463c20ad0bc159a!2sTauernalm%2C+5542%2C+%C3%96sterreich!3m2!1d47.249302799999995!2d13.4244709!4m5!1s0x47766cc7c2c745eb%3A0xb0f1314ef42489e9!2sFelden%2C+83233+Bernau%2C+Deutschland!3m2!1d47.8296851!2d12.3832808!4m5!1s0x479efdc31c07a5ff%3A0x21a3415efd1153ee!2sFriedrichshofener+Stra%C3%9Fe+51A%2C+Ingolstadt%2C+Deutschland!3m2!1d48.779959999999996!2d11.37091!4m5!1s0x479f18bffd19ad6b%3A0xbf4f1ae34b120ea5!2sHauptstra%C3%9Fe+5%2C+85132+Schernfeld%2C+Deutschland!3m2!1d48.926719999999996!2d11.150311499999999!5e0!3m2!1sde!2sde!4v1415435604369\" width=\"600\" height=\"450\" frameborder=\"0\"><\/iframe><\/p>\n<p>&nbsp;<\/p>\n<p style=\"text-align: justify;\"><span style=\"color: #000000;\">Im Oktober 2014 haben wir unser neues Wohnmobil in Italien abgeholt. Mit dem Zug ging es nach Verona und von dort nach \u00a0Oppeano, wo das Wohnmobil stand. Unsere erste Fahrt hat uns nach Padua gef\u00fchrt, dort haben wir die erste Nacht verbracht. Am n\u00e4chsten Tag sind wir nach Venedig gefahren und haben das Wohnmobil auf einem Parkplatz vor Venedig abgestellt um mit dem Boot in die Stadt zu fahren. Die Nacht blieben wir auf dem Parkplatz . Dann ging es weiter nach Caorle. Dort haben wir einen wundersch\u00f6nen sonnigen Tag am Meer verbracht. Auf dem R\u00fcckweg nach Hause schliefen wir die Nacht auf einem Parkplatz in \u00d6sterreich. Am Chiemsee haben wir dann bei herrlichem Sonnenschein noch gefr\u00fchst\u00fcckt. Dann haben wir das Wohnmobil in seine neue Heimat gebracht und erst mal in der Halle abgestellt. Hoffentlich geht es bald auf die n\u00e4chste Tour! \u00a0<\/span><\/p>\n<p><a href=\"https:\/\/ginaundseppontour.de\/wordpress\/wp-content\/uploads\/2015\/12\/1606851_719385011474606_6226175594545356072_n.jpg\" rel=\"attachment wp-att-324\"><img loading=\"lazy\" decoding=\"async\" class=\"size-medium wp-image-324 alignleft\" src=\"https:\/\/ginaundseppontour.de\/wordpress\/wp-content\/uploads\/2015\/12\/1606851_719385011474606_6226175594545356072_n-300x199.jpg\" alt=\"1606851_719385011474606_6226175594545356072_n\" width=\"300\" height=\"199\" srcset=\"https:\/\/ginaundseppontour.de\/wordpress\/wp-content\/uploads\/2015\/12\/1606851_719385011474606_6226175594545356072_n-300x199.jpg 300w, https:\/\/ginaundseppontour.de\/wordpress\/wp-content\/uploads\/2015\/12\/1606851_719385011474606_6226175594545356072_n-768x509.jpg 768w, https:\/\/ginaundseppontour.de\/wordpress\/wp-content\/uploads\/2015\/12\/1606851_719385011474606_6226175594545356072_n-676x448.jpg 676w, https:\/\/ginaundseppontour.de\/wordpress\/wp-content\/uploads\/2015\/12\/1606851_719385011474606_6226175594545356072_n.jpg 871w\" sizes=\"auto, (max-width: 300px) 100vw, 300px\" \/><\/a><a href=\"https:\/\/ginaundseppontour.de\/wordpress\/wp-content\/uploads\/2015\/12\/1479439_719381878141586_8074259629262096208_n.jpg\" rel=\"attachment wp-att-325\"><img loading=\"lazy\" decoding=\"async\" class=\"size-full wp-image-325 aligncenter\" src=\"https:\/\/ginaundseppontour.de\/wordpress\/wp-content\/uploads\/2015\/12\/1479439_719381878141586_8074259629262096208_n.jpg\" alt=\"1479439_719381878141586_8074259629262096208_n\" width=\"152\" height=\"228\" \/><\/a><\/p>\n<p><a href=\"https:\/\/ginaundseppontour.de\/wordpress\/wp-content\/uploads\/2015\/12\/1380494_719386048141169_8671786823070513022_n.jpg\" rel=\"attachment wp-att-323\"><img loading=\"lazy\" decoding=\"async\" class=\"aligncenter size-medium wp-image-323\" src=\"https:\/\/ginaundseppontour.de\/wordpress\/wp-content\/uploads\/2015\/12\/1380494_719386048141169_8671786823070513022_n-300x199.jpg\" alt=\"1380494_719386048141169_8671786823070513022_n\" width=\"300\" height=\"199\" srcset=\"https:\/\/ginaundseppontour.de\/wordpress\/wp-content\/uploads\/2015\/12\/1380494_719386048141169_8671786823070513022_n-300x199.jpg 300w, https:\/\/ginaundseppontour.de\/wordpress\/wp-content\/uploads\/2015\/12\/1380494_719386048141169_8671786823070513022_n-768x509.jpg 768w, https:\/\/ginaundseppontour.de\/wordpress\/wp-content\/uploads\/2015\/12\/1380494_719386048141169_8671786823070513022_n-676x448.jpg 676w, https:\/\/ginaundseppontour.de\/wordpress\/wp-content\/uploads\/2015\/12\/1380494_719386048141169_8671786823070513022_n.jpg 806w\" sizes=\"auto, (max-width: 300px) 100vw, 300px\" \/><\/a><\/p>\n<p>&nbsp;<\/p>\n","protected":false},"excerpt":{"rendered":"<p>&nbsp; Im Oktober 2014 haben wir unser neues Wohnmobil in Italien abgeholt. Mit dem Zug ging es nach Verona und von dort nach \u00a0Oppeano, wo das Wohnmobil stand. Unsere erste Fahrt hat uns nach Padua gef\u00fchrt, dort haben wir die erste Nacht verbracht. Am n\u00e4chsten Tag sind wir nach Venedig gefahren und haben das Wohnmobil [&hellip;]<\/p>\n","protected":false},"author":1,"featured_media":0,"parent":301,"menu_order":0,"comment_status":"open","ping_status":"closed","template":"","meta":{"_crdt_document":"","pgc_sgb_lightbox_settings":"","footnotes":""},"class_list":["post-39","page","type-page","status-publish","hentry"],"_links":{"self":[{"href":"https:\/\/ginaundseppontour.de\/index.php?rest_route=\/wp\/v2\/pages\/39","targetHints":{"allow":["GET"]}}],"collection":[{"href":"https:\/\/ginaundseppontour.de\/index.php?rest_route=\/wp\/v2\/pages"}],"about":[{"href":"https:\/\/ginaundseppontour.de\/index.php?rest_route=\/wp\/v2\/types\/page"}],"author":[{"embeddable":true,"href":"https:\/\/ginaundseppontour.de\/index.php?rest_route=\/wp\/v2\/users\/1"}],"replies":[{"embeddable":true,"href":"https:\/\/ginaundseppontour.de\/index.php?rest_route=%2Fwp%2Fv2%2Fcomments&post=39"}],"version-history":[{"count":11,"href":"https:\/\/ginaundseppontour.de\/index.php?rest_route=\/wp\/v2\/pages\/39\/revisions"}],"predecessor-version":[{"id":328,"href":"https:\/\/ginaundseppontour.de\/index.php?rest_route=\/wp\/v2\/pages\/39\/revisions\/328"}],"up":[{"embeddable":true,"href":"https:\/\/ginaundseppontour.de\/index.php?rest_route=\/wp\/v2\/pages\/301"}],"wp:attachment":[{"href":"https:\/\/ginaundseppontour.de\/index.php?rest_route=%2Fwp%2Fv2%2Fmedia&parent=39"}],"curies":[{"name":"wp","href":"https:\/\/api.w.org\/{rel}","templated":true}]}}