{"id":331,"date":"2016-01-19T18:53:10","date_gmt":"2016-01-19T17:53:10","guid":{"rendered":"http:\/\/ginaundseppontour.de\/?page_id=331"},"modified":"2016-01-31T19:33:56","modified_gmt":"2016-01-31T18:33:56","slug":"los-gehts","status":"publish","type":"page","link":"https:\/\/ginaundseppontour.de\/?page_id=331","title":{"rendered":"Bald geht\u00b4s los"},"content":{"rendered":"<p>Mit der Family sch\u00f6n beim Essen gewesen \ud83d\ude42<\/p>\n\n\t\t<style type=\"text\/css\">\n\t\t\t#gallery-1 {\n\t\t\t\tmargin: auto;\n\t\t\t}\n\t\t\t#gallery-1 .gallery-item {\n\t\t\t\tfloat: left;\n\t\t\t\tmargin-top: 10px;\n\t\t\t\ttext-align: center;\n\t\t\t\twidth: 33%;\n\t\t\t}\n\t\t\t#gallery-1 img {\n\t\t\t\tborder: 2px solid #cfcfcf;\n\t\t\t}\n\t\t\t#gallery-1 .gallery-caption {\n\t\t\t\tmargin-left: 0;\n\t\t\t}\n\t\t\t\/* see gallery_shortcode() in wp-includes\/media.php *\/\n\t\t<\/style>\n\t\t<div id='gallery-1' class='gallery galleryid-331 gallery-columns-3 gallery-size-medium'><dl class='gallery-item'>\n\t\t\t<dt class='gallery-icon landscape'>\n\t\t\t\t<a href='https:\/\/ginaundseppontour.de\/wordpress\/wp-content\/uploads\/2016\/01\/IMG_2382.jpg'><img loading=\"lazy\" decoding=\"async\" width=\"300\" height=\"225\" src=\"https:\/\/ginaundseppontour.de\/wordpress\/wp-content\/uploads\/2016\/01\/IMG_2382-300x225.jpg\" class=\"attachment-medium size-medium\" alt=\"\" srcset=\"https:\/\/ginaundseppontour.de\/wordpress\/wp-content\/uploads\/2016\/01\/IMG_2382-300x225.jpg 300w, https:\/\/ginaundseppontour.de\/wordpress\/wp-content\/uploads\/2016\/01\/IMG_2382-768x576.jpg 768w, https:\/\/ginaundseppontour.de\/wordpress\/wp-content\/uploads\/2016\/01\/IMG_2382-1024x768.jpg 1024w, https:\/\/ginaundseppontour.de\/wordpress\/wp-content\/uploads\/2016\/01\/IMG_2382-676x507.jpg 676w, https:\/\/ginaundseppontour.de\/wordpress\/wp-content\/uploads\/2016\/01\/IMG_2382.jpg 1600w\" sizes=\"auto, (max-width: 300px) 100vw, 300px\" \/><\/a>\n\t\t\t<\/dt><\/dl><dl class='gallery-item'>\n\t\t\t<dt class='gallery-icon portrait'>\n\t\t\t\t<a href='https:\/\/ginaundseppontour.de\/wordpress\/wp-content\/uploads\/2016\/01\/IMG_2383.jpg'><img loading=\"lazy\" decoding=\"async\" width=\"225\" height=\"300\" src=\"https:\/\/ginaundseppontour.de\/wordpress\/wp-content\/uploads\/2016\/01\/IMG_2383-225x300.jpg\" class=\"attachment-medium size-medium\" alt=\"\" srcset=\"https:\/\/ginaundseppontour.de\/wordpress\/wp-content\/uploads\/2016\/01\/IMG_2383-225x300.jpg 225w, https:\/\/ginaundseppontour.de\/wordpress\/wp-content\/uploads\/2016\/01\/IMG_2383-768x1024.jpg 768w, https:\/\/ginaundseppontour.de\/wordpress\/wp-content\/uploads\/2016\/01\/IMG_2383-676x901.jpg 676w, https:\/\/ginaundseppontour.de\/wordpress\/wp-content\/uploads\/2016\/01\/IMG_2383.jpg 1200w\" sizes=\"auto, (max-width: 225px) 100vw, 225px\" \/><\/a>\n\t\t\t<\/dt><\/dl><dl class='gallery-item'>\n\t\t\t<dt class='gallery-icon landscape'>\n\t\t\t\t<a href='https:\/\/ginaundseppontour.de\/wordpress\/wp-content\/uploads\/2016\/01\/IMG_2380.jpg'><img loading=\"lazy\" decoding=\"async\" width=\"300\" height=\"225\" src=\"https:\/\/ginaundseppontour.de\/wordpress\/wp-content\/uploads\/2016\/01\/IMG_2380-300x225.jpg\" class=\"attachment-medium size-medium\" alt=\"\" srcset=\"https:\/\/ginaundseppontour.de\/wordpress\/wp-content\/uploads\/2016\/01\/IMG_2380-300x225.jpg 300w, https:\/\/ginaundseppontour.de\/wordpress\/wp-content\/uploads\/2016\/01\/IMG_2380-768x576.jpg 768w, https:\/\/ginaundseppontour.de\/wordpress\/wp-content\/uploads\/2016\/01\/IMG_2380-1024x768.jpg 1024w, https:\/\/ginaundseppontour.de\/wordpress\/wp-content\/uploads\/2016\/01\/IMG_2380-676x507.jpg 676w, https:\/\/ginaundseppontour.de\/wordpress\/wp-content\/uploads\/2016\/01\/IMG_2380.jpg 1600w\" sizes=\"auto, (max-width: 300px) 100vw, 300px\" \/><\/a>\n\t\t\t<\/dt><\/dl><br style=\"clear: both\" \/><dl class='gallery-item'>\n\t\t\t<dt class='gallery-icon landscape'>\n\t\t\t\t<a href='https:\/\/ginaundseppontour.de\/wordpress\/wp-content\/uploads\/2016\/01\/IMG_2381.jpg'><img loading=\"lazy\" decoding=\"async\" width=\"300\" height=\"225\" src=\"https:\/\/ginaundseppontour.de\/wordpress\/wp-content\/uploads\/2016\/01\/IMG_2381-300x225.jpg\" class=\"attachment-medium size-medium\" alt=\"\" srcset=\"https:\/\/ginaundseppontour.de\/wordpress\/wp-content\/uploads\/2016\/01\/IMG_2381-300x225.jpg 300w, https:\/\/ginaundseppontour.de\/wordpress\/wp-content\/uploads\/2016\/01\/IMG_2381-768x576.jpg 768w, https:\/\/ginaundseppontour.de\/wordpress\/wp-content\/uploads\/2016\/01\/IMG_2381-1024x768.jpg 1024w, https:\/\/ginaundseppontour.de\/wordpress\/wp-content\/uploads\/2016\/01\/IMG_2381-676x507.jpg 676w, https:\/\/ginaundseppontour.de\/wordpress\/wp-content\/uploads\/2016\/01\/IMG_2381.jpg 1600w\" sizes=\"auto, (max-width: 300px) 100vw, 300px\" \/><\/a>\n\t\t\t<\/dt><\/dl><dl class='gallery-item'>\n\t\t\t<dt class='gallery-icon landscape'>\n\t\t\t\t<a href='https:\/\/ginaundseppontour.de\/wordpress\/wp-content\/uploads\/2016\/01\/IMG_0027.jpg'><img loading=\"lazy\" decoding=\"async\" width=\"300\" height=\"225\" src=\"https:\/\/ginaundseppontour.de\/wordpress\/wp-content\/uploads\/2016\/01\/IMG_0027-300x225.jpg\" class=\"attachment-medium size-medium\" alt=\"\" srcset=\"https:\/\/ginaundseppontour.de\/wordpress\/wp-content\/uploads\/2016\/01\/IMG_0027-300x225.jpg 300w, https:\/\/ginaundseppontour.de\/wordpress\/wp-content\/uploads\/2016\/01\/IMG_0027-768x576.jpg 768w, https:\/\/ginaundseppontour.de\/wordpress\/wp-content\/uploads\/2016\/01\/IMG_0027-1024x768.jpg 1024w, https:\/\/ginaundseppontour.de\/wordpress\/wp-content\/uploads\/2016\/01\/IMG_0027-676x507.jpg 676w\" sizes=\"auto, (max-width: 300px) 100vw, 300px\" \/><\/a>\n\t\t\t<\/dt><\/dl><dl class='gallery-item'>\n\t\t\t<dt class='gallery-icon landscape'>\n\t\t\t\t<a href='https:\/\/ginaundseppontour.de\/wordpress\/wp-content\/uploads\/2016\/01\/IMG_0031.jpg'><img loading=\"lazy\" decoding=\"async\" width=\"300\" height=\"225\" src=\"https:\/\/ginaundseppontour.de\/wordpress\/wp-content\/uploads\/2016\/01\/IMG_0031-300x225.jpg\" class=\"attachment-medium size-medium\" alt=\"\" srcset=\"https:\/\/ginaundseppontour.de\/wordpress\/wp-content\/uploads\/2016\/01\/IMG_0031-300x225.jpg 300w, https:\/\/ginaundseppontour.de\/wordpress\/wp-content\/uploads\/2016\/01\/IMG_0031-768x576.jpg 768w, https:\/\/ginaundseppontour.de\/wordpress\/wp-content\/uploads\/2016\/01\/IMG_0031-1024x768.jpg 1024w, https:\/\/ginaundseppontour.de\/wordpress\/wp-content\/uploads\/2016\/01\/IMG_0031-676x507.jpg 676w\" sizes=\"auto, (max-width: 300px) 100vw, 300px\" \/><\/a>\n\t\t\t<\/dt><\/dl><br style=\"clear: both\" \/><dl class='gallery-item'>\n\t\t\t<dt class='gallery-icon landscape'>\n\t\t\t\t<a href='https:\/\/ginaundseppontour.de\/wordpress\/wp-content\/uploads\/2016\/01\/IMG_0037.jpg'><img loading=\"lazy\" decoding=\"async\" width=\"300\" height=\"225\" src=\"https:\/\/ginaundseppontour.de\/wordpress\/wp-content\/uploads\/2016\/01\/IMG_0037-300x225.jpg\" class=\"attachment-medium size-medium\" alt=\"\" srcset=\"https:\/\/ginaundseppontour.de\/wordpress\/wp-content\/uploads\/2016\/01\/IMG_0037-300x225.jpg 300w, https:\/\/ginaundseppontour.de\/wordpress\/wp-content\/uploads\/2016\/01\/IMG_0037-768x576.jpg 768w, https:\/\/ginaundseppontour.de\/wordpress\/wp-content\/uploads\/2016\/01\/IMG_0037-1024x768.jpg 1024w, https:\/\/ginaundseppontour.de\/wordpress\/wp-content\/uploads\/2016\/01\/IMG_0037-676x507.jpg 676w\" sizes=\"auto, (max-width: 300px) 100vw, 300px\" \/><\/a>\n\t\t\t<\/dt><\/dl>\n\t\t\t<br style='clear: both' \/>\n\t\t<\/div>\n\n<p>&nbsp;<\/p>\n<p><strong><span style=\"text-decoration: underline;\">30.01.2016<\/span><\/strong><\/p>\n<p style=\"text-align: left;\">Jetzt wird gepackt&#8230;<\/p>\n\n\t\t<style type=\"text\/css\">\n\t\t\t#gallery-2 {\n\t\t\t\tmargin: auto;\n\t\t\t}\n\t\t\t#gallery-2 .gallery-item {\n\t\t\t\tfloat: left;\n\t\t\t\tmargin-top: 10px;\n\t\t\t\ttext-align: center;\n\t\t\t\twidth: 33%;\n\t\t\t}\n\t\t\t#gallery-2 img {\n\t\t\t\tborder: 2px solid #cfcfcf;\n\t\t\t}\n\t\t\t#gallery-2 .gallery-caption {\n\t\t\t\tmargin-left: 0;\n\t\t\t}\n\t\t\t\/* see gallery_shortcode() in wp-includes\/media.php *\/\n\t\t<\/style>\n\t\t<div id='gallery-2' class='gallery galleryid-331 gallery-columns-3 gallery-size-medium'><dl class='gallery-item'>\n\t\t\t<dt class='gallery-icon landscape'>\n\t\t\t\t<a href='https:\/\/ginaundseppontour.de\/wordpress\/wp-content\/uploads\/2016\/01\/IMG_0014.jpg'><img loading=\"lazy\" decoding=\"async\" width=\"300\" height=\"225\" src=\"https:\/\/ginaundseppontour.de\/wordpress\/wp-content\/uploads\/2016\/01\/IMG_0014-300x225.jpg\" class=\"attachment-medium size-medium\" alt=\"\" aria-describedby=\"gallery-2-353\" srcset=\"https:\/\/ginaundseppontour.de\/wordpress\/wp-content\/uploads\/2016\/01\/IMG_0014-300x225.jpg 300w, https:\/\/ginaundseppontour.de\/wordpress\/wp-content\/uploads\/2016\/01\/IMG_0014-768x576.jpg 768w, https:\/\/ginaundseppontour.de\/wordpress\/wp-content\/uploads\/2016\/01\/IMG_0014-1024x768.jpg 1024w, https:\/\/ginaundseppontour.de\/wordpress\/wp-content\/uploads\/2016\/01\/IMG_0014-676x507.jpg 676w, https:\/\/ginaundseppontour.de\/wordpress\/wp-content\/uploads\/2016\/01\/IMG_0014.jpg 2016w\" sizes=\"auto, (max-width: 300px) 100vw, 300px\" \/><\/a>\n\t\t\t<\/dt>\n\t\t\t\t<dd class='wp-caption-text gallery-caption' id='gallery-2-353'>\n\t\t\t\tDas WoMo steht im Hof \n\t\t\t\t<\/dd><\/dl><dl class='gallery-item'>\n\t\t\t<dt class='gallery-icon landscape'>\n\t\t\t\t<a href='https:\/\/ginaundseppontour.de\/wordpress\/wp-content\/uploads\/2016\/01\/IMG_0021.jpg'><img loading=\"lazy\" decoding=\"async\" width=\"300\" height=\"225\" src=\"https:\/\/ginaundseppontour.de\/wordpress\/wp-content\/uploads\/2016\/01\/IMG_0021-300x225.jpg\" class=\"attachment-medium size-medium\" alt=\"\" aria-describedby=\"gallery-2-356\" srcset=\"https:\/\/ginaundseppontour.de\/wordpress\/wp-content\/uploads\/2016\/01\/IMG_0021-300x225.jpg 300w, https:\/\/ginaundseppontour.de\/wordpress\/wp-content\/uploads\/2016\/01\/IMG_0021-768x576.jpg 768w, https:\/\/ginaundseppontour.de\/wordpress\/wp-content\/uploads\/2016\/01\/IMG_0021-1024x768.jpg 1024w, https:\/\/ginaundseppontour.de\/wordpress\/wp-content\/uploads\/2016\/01\/IMG_0021-676x507.jpg 676w, https:\/\/ginaundseppontour.de\/wordpress\/wp-content\/uploads\/2016\/01\/IMG_0021.jpg 2016w\" sizes=\"auto, (max-width: 300px) 100vw, 300px\" \/><\/a>\n\t\t\t<\/dt>\n\t\t\t\t<dd class='wp-caption-text gallery-caption' id='gallery-2-356'>\n\t\t\t\tund die Heckgarage ist schon fast gepackt\n\t\t\t\t<\/dd><\/dl>\n\t\t\t<br style='clear: both' \/>\n\t\t<\/div>\n\n\n\t\t<style type=\"text\/css\">\n\t\t\t#gallery-3 {\n\t\t\t\tmargin: auto;\n\t\t\t}\n\t\t\t#gallery-3 .gallery-item {\n\t\t\t\tfloat: left;\n\t\t\t\tmargin-top: 10px;\n\t\t\t\ttext-align: center;\n\t\t\t\twidth: 33%;\n\t\t\t}\n\t\t\t#gallery-3 img {\n\t\t\t\tborder: 2px solid #cfcfcf;\n\t\t\t}\n\t\t\t#gallery-3 .gallery-caption {\n\t\t\t\tmargin-left: 0;\n\t\t\t}\n\t\t\t\/* see gallery_shortcode() in wp-includes\/media.php *\/\n\t\t<\/style>\n\t\t<div id='gallery-3' class='gallery galleryid-331 gallery-columns-3 gallery-size-medium'><dl class='gallery-item'>\n\t\t\t<dt class='gallery-icon landscape'>\n\t\t\t\t<a href='https:\/\/ginaundseppontour.de\/wordpress\/wp-content\/uploads\/2016\/01\/IMG_0019.jpg'><img loading=\"lazy\" decoding=\"async\" width=\"300\" height=\"225\" src=\"https:\/\/ginaundseppontour.de\/wordpress\/wp-content\/uploads\/2016\/01\/IMG_0019-300x225.jpg\" class=\"attachment-medium size-medium\" alt=\"\" srcset=\"https:\/\/ginaundseppontour.de\/wordpress\/wp-content\/uploads\/2016\/01\/IMG_0019-300x225.jpg 300w, https:\/\/ginaundseppontour.de\/wordpress\/wp-content\/uploads\/2016\/01\/IMG_0019-768x576.jpg 768w, https:\/\/ginaundseppontour.de\/wordpress\/wp-content\/uploads\/2016\/01\/IMG_0019-1024x768.jpg 1024w, https:\/\/ginaundseppontour.de\/wordpress\/wp-content\/uploads\/2016\/01\/IMG_0019-676x507.jpg 676w, https:\/\/ginaundseppontour.de\/wordpress\/wp-content\/uploads\/2016\/01\/IMG_0019.jpg 2016w\" sizes=\"auto, (max-width: 300px) 100vw, 300px\" \/><\/a>\n\t\t\t<\/dt><\/dl><dl class='gallery-item'>\n\t\t\t<dt class='gallery-icon landscape'>\n\t\t\t\t<a href='https:\/\/ginaundseppontour.de\/wordpress\/wp-content\/uploads\/2016\/01\/IMG_0018.jpg'><img loading=\"lazy\" decoding=\"async\" width=\"300\" height=\"225\" src=\"https:\/\/ginaundseppontour.de\/wordpress\/wp-content\/uploads\/2016\/01\/IMG_0018-300x225.jpg\" class=\"attachment-medium size-medium\" alt=\"\" aria-describedby=\"gallery-3-354\" srcset=\"https:\/\/ginaundseppontour.de\/wordpress\/wp-content\/uploads\/2016\/01\/IMG_0018-300x225.jpg 300w, https:\/\/ginaundseppontour.de\/wordpress\/wp-content\/uploads\/2016\/01\/IMG_0018-768x576.jpg 768w, https:\/\/ginaundseppontour.de\/wordpress\/wp-content\/uploads\/2016\/01\/IMG_0018-1024x768.jpg 1024w, https:\/\/ginaundseppontour.de\/wordpress\/wp-content\/uploads\/2016\/01\/IMG_0018-676x507.jpg 676w, https:\/\/ginaundseppontour.de\/wordpress\/wp-content\/uploads\/2016\/01\/IMG_0018.jpg 2016w\" sizes=\"auto, (max-width: 300px) 100vw, 300px\" \/><\/a>\n\t\t\t<\/dt>\n\t\t\t\t<dd class='wp-caption-text gallery-caption' id='gallery-3-354'>\n\t\t\t\tNur innen herrscht noch ein wenig Chaos \ud83d\ude42\n\t\t\t\t<\/dd><\/dl>\n\t\t\t<br style='clear: both' \/>\n\t\t<\/div>\n\n<p>&nbsp;<\/p>\n<p><strong><span style=\"text-decoration: underline;\">Januar 2016<\/span><\/strong><\/p>\n<p><span style=\"line-height: 1.5;\">Unser gro\u00dfes Vorhaben f\u00fcr 2016: Wir wollen f\u00fcr 7 Monate mit dem Wohnmobil durch Europa reisen \ud83d\ude42<\/span><\/p>\n<p><span style=\"line-height: 1.5;\"> Momentan sind wir am Vorbereiten, Packen, die letzten Arbeitstage hinter uns bringen, Verabschieden&#8230;<\/span><\/p>\n<p>Unser bisheriger Plan ist es in La Rochelle an der franz\u00f6sischen Atlantikk\u00fcste zu starten. \u00a0Von dort aus wollen wir an der franz\u00f6sischen und spanischen K\u00fcste entlang nach Portugal, um dort an der K\u00fcste \u00a0nach S\u00fcdspanien zu fahren. Dann geht es wahrscheinlich kreuz und quer durch Spanien und \u00fcber S\u00fcdfrankreich nach Italien, wo das gro\u00dfe Ziel Sizilien sein wird. Dann soll es mit der F\u00e4hre weiter nach Griechenland gehen und \u00fcber Albanien und Montenegro nach Kroatien, wo wir dann Urlaub mit dem Boot machen wollen&#8230;<\/p>\n<p>In wenigen Tagen geht es los und wir werden Euch auf dem Laufenden halten \ud83d\ude42<\/p>\n","protected":false},"excerpt":{"rendered":"<p>Mit der Family sch\u00f6n beim Essen gewesen \ud83d\ude42 &nbsp; 30.01.2016 Jetzt wird gepackt&#8230; &nbsp; Januar 2016 Unser gro\u00dfes Vorhaben f\u00fcr 2016: Wir wollen f\u00fcr 7 Monate mit dem Wohnmobil durch Europa reisen \ud83d\ude42 Momentan sind wir am Vorbereiten, Packen, die letzten Arbeitstage hinter uns bringen, Verabschieden&#8230; Unser bisheriger Plan ist es in La Rochelle an [&hellip;]<\/p>\n","protected":false},"author":1,"featured_media":0,"parent":0,"menu_order":0,"comment_status":"closed","ping_status":"closed","template":"","meta":{"_crdt_document":"","pgc_sgb_lightbox_settings":"","footnotes":""},"class_list":["post-331","page","type-page","status-publish","hentry"],"_links":{"self":[{"href":"https:\/\/ginaundseppontour.de\/index.php?rest_route=\/wp\/v2\/pages\/331","targetHints":{"allow":["GET"]}}],"collection":[{"href":"https:\/\/ginaundseppontour.de\/index.php?rest_route=\/wp\/v2\/pages"}],"about":[{"href":"https:\/\/ginaundseppontour.de\/index.php?rest_route=\/wp\/v2\/types\/page"}],"author":[{"embeddable":true,"href":"https:\/\/ginaundseppontour.de\/index.php?rest_route=\/wp\/v2\/users\/1"}],"replies":[{"embeddable":true,"href":"https:\/\/ginaundseppontour.de\/index.php?rest_route=%2Fwp%2Fv2%2Fcomments&post=331"}],"version-history":[{"count":23,"href":"https:\/\/ginaundseppontour.de\/index.php?rest_route=\/wp\/v2\/pages\/331\/revisions"}],"predecessor-version":[{"id":380,"href":"https:\/\/ginaundseppontour.de\/index.php?rest_route=\/wp\/v2\/pages\/331\/revisions\/380"}],"wp:attachment":[{"href":"https:\/\/ginaundseppontour.de\/index.php?rest_route=%2Fwp%2Fv2%2Fmedia&parent=331"}],"curies":[{"name":"wp","href":"https:\/\/api.w.org\/{rel}","templated":true}]}}