{"id":295,"date":"2015-12-13T09:51:00","date_gmt":"2015-12-13T07:51:00","guid":{"rendered":"http:\/\/ginaundseppontour.de\/?page_id=295"},"modified":"2015-12-13T09:51:13","modified_gmt":"2015-12-13T07:51:13","slug":"italien","status":"publish","type":"page","link":"https:\/\/ginaundseppontour.de\/?page_id=295","title":{"rendered":"Italien"},"content":{"rendered":"<p><span style=\"text-decoration: underline;\"><span style=\"color: #800000;\"><strong>Italien Pfingsten 2015<\/strong><\/span><\/span><\/p>\n<p><a href=\"https:\/\/www.google.de\/maps\/dir\/Workerszell,+85132+Schernfeld\/Nusplingen\/Lago+Maggiore\/Capodimonte,+Viterbo,+Italien\/Lazise,+Verona,+Italien\/Nusplingen\/Workerszell\/@45.8030891,5.6519327,6z\/data=!3m1!4b1!4m49!4m48!1m5!1m1!1s0x479f18be4fdacbfd:0xa1e48b04cf6bcc0!2m2!1d11.149964!2d48.925827!1m5!1m1!1s0x479a0c1ca024038d:0x5b47639986784a1c!2m2!1d8.8910063!2d48.1332908!1m5!1m1!1s0x4785da3000663d91:0x57dee83627ca92ee!2m2!1d8.6532586!2d45.9676218!1m5!1m1!1s0x1328d7e6a65ff15b:0x6b798c0f0d5be7d2!2m2!1d11.9121837!2d42.5496671!1m10!1m1!1s0x4781eef32166794d:0x9bec84e886ff2007!2m2!1d10.7350716!2d45.5060202!3m4!1m2!1d9.5428543!2d46.6776313!3s0x4784946733ac0ae3:0xc0bfa0b87efc0615!1m5!1m1!1s0x479a0c1ca024038d:0x5b47639986784a1c!2m2!1d8.8910063!2d48.1332908!1m5!1m1!1s0x479f18be4fdacbfd:0xa1e48b04cf6bcc0!2m2!1d11.149964!2d48.925827!3e0\">Route<\/a><\/p>\n<p>Am 22.05.2015 sind wir mit Wohnmobil und Boot ins Schwabenl\u00e4ndle aufgebrochen. Dort haben wir die erste Nacht bei Sepp\u00b4s Schwester verbracht.<\/p>\n<p><img loading=\"lazy\" decoding=\"async\" class=\"alignnone size-medium wp-image-130\" src=\"https:\/\/ginaundseppontour.de\/wordpress\/wp-content\/uploads\/2015\/06\/DSC_0162-300x199.jpg\" alt=\"DSC_0162\" width=\"300\" height=\"199\" srcset=\"https:\/\/ginaundseppontour.de\/wordpress\/wp-content\/uploads\/2015\/06\/DSC_0162-300x199.jpg 300w, https:\/\/ginaundseppontour.de\/wordpress\/wp-content\/uploads\/2015\/06\/DSC_0162-1024x678.jpg 1024w, https:\/\/ginaundseppontour.de\/wordpress\/wp-content\/uploads\/2015\/06\/DSC_0162-676x448.jpg 676w\" sizes=\"auto, (max-width: 300px) 100vw, 300px\" \/><\/p>\n<p>Am n\u00e4chsten Tag ging es mit unserer Nichte und unserem Neffen an Bord weiter zum Lago Maggiore, an dem wir 2 N\u00e4chte verbracht haben (Campingplatz &#8222;Lido Okay&#8220; in Sesto Calende, sehr sch\u00f6ner kleiner Platz mit Restaurant und kleinem Market).<\/p>\n<p><a href=\"https:\/\/ginaundseppontour.de\/wordpress\/wp-content\/uploads\/2015\/06\/DSC_0168.jpg\"><img loading=\"lazy\" decoding=\"async\" class=\"alignnone size-medium wp-image-131\" src=\"https:\/\/ginaundseppontour.de\/wordpress\/wp-content\/uploads\/2015\/06\/DSC_0168-300x199.jpg\" alt=\"DSC_0168\" width=\"300\" height=\"199\" srcset=\"https:\/\/ginaundseppontour.de\/wordpress\/wp-content\/uploads\/2015\/06\/DSC_0168-300x199.jpg 300w, https:\/\/ginaundseppontour.de\/wordpress\/wp-content\/uploads\/2015\/06\/DSC_0168-1024x678.jpg 1024w, https:\/\/ginaundseppontour.de\/wordpress\/wp-content\/uploads\/2015\/06\/DSC_0168-676x448.jpg 676w\" sizes=\"auto, (max-width: 300px) 100vw, 300px\" \/><\/a> <a href=\"https:\/\/ginaundseppontour.de\/wordpress\/wp-content\/uploads\/2015\/06\/DSC_0169.jpg\"><img loading=\"lazy\" decoding=\"async\" class=\"alignnone size-medium wp-image-132\" src=\"https:\/\/ginaundseppontour.de\/wordpress\/wp-content\/uploads\/2015\/06\/DSC_0169-300x199.jpg\" alt=\"DSC_0169\" width=\"300\" height=\"199\" srcset=\"https:\/\/ginaundseppontour.de\/wordpress\/wp-content\/uploads\/2015\/06\/DSC_0169-300x199.jpg 300w, https:\/\/ginaundseppontour.de\/wordpress\/wp-content\/uploads\/2015\/06\/DSC_0169-1024x678.jpg 1024w, https:\/\/ginaundseppontour.de\/wordpress\/wp-content\/uploads\/2015\/06\/DSC_0169-676x448.jpg 676w\" sizes=\"auto, (max-width: 300px) 100vw, 300px\" \/><\/a><\/p>\n<p>Am Lago Maggiore<\/p>\n<p>Am Montag ging es dann weiter nach Capodimonte am Lago di Bolsena (Campingplatz &#8222;Perla del Lago&#8220;, ein sehr sch\u00f6ner Platz direkt am See mit eigenem Strand). Hier haben wir 10 wundersch\u00f6ne Tage verbracht.<\/p>\n<p><a href=\"https:\/\/ginaundseppontour.de\/wordpress\/wp-content\/uploads\/2015\/06\/DSC_0173.jpg\"><img loading=\"lazy\" decoding=\"async\" class=\"alignnone size-medium wp-image-133\" src=\"https:\/\/ginaundseppontour.de\/wordpress\/wp-content\/uploads\/2015\/06\/DSC_0173-300x199.jpg\" alt=\"DSC_0173\" width=\"300\" height=\"199\" srcset=\"https:\/\/ginaundseppontour.de\/wordpress\/wp-content\/uploads\/2015\/06\/DSC_0173-300x199.jpg 300w, https:\/\/ginaundseppontour.de\/wordpress\/wp-content\/uploads\/2015\/06\/DSC_0173-1024x678.jpg 1024w, https:\/\/ginaundseppontour.de\/wordpress\/wp-content\/uploads\/2015\/06\/DSC_0173-676x448.jpg 676w\" sizes=\"auto, (max-width: 300px) 100vw, 300px\" \/><\/a> <a href=\"https:\/\/ginaundseppontour.de\/wordpress\/wp-content\/uploads\/2015\/06\/DSC_0176.jpg\"><img loading=\"lazy\" decoding=\"async\" class=\"alignnone size-medium wp-image-134\" src=\"https:\/\/ginaundseppontour.de\/wordpress\/wp-content\/uploads\/2015\/06\/DSC_0176-300x199.jpg\" alt=\"DSC_0176\" width=\"300\" height=\"199\" srcset=\"https:\/\/ginaundseppontour.de\/wordpress\/wp-content\/uploads\/2015\/06\/DSC_0176-300x199.jpg 300w, https:\/\/ginaundseppontour.de\/wordpress\/wp-content\/uploads\/2015\/06\/DSC_0176-1024x678.jpg 1024w, https:\/\/ginaundseppontour.de\/wordpress\/wp-content\/uploads\/2015\/06\/DSC_0176-676x448.jpg 676w\" sizes=\"auto, (max-width: 300px) 100vw, 300px\" \/><\/a><\/p>\n<p>Diesen herrlichen Ausblick hatten wir von unserem Stellplatz aus.<\/p>\n<p><a href=\"https:\/\/ginaundseppontour.de\/wordpress\/wp-content\/uploads\/2015\/06\/DSC_0190.jpg\"><img loading=\"lazy\" decoding=\"async\" class=\"alignnone size-medium wp-image-137\" src=\"https:\/\/ginaundseppontour.de\/wordpress\/wp-content\/uploads\/2015\/06\/DSC_0190-300x199.jpg\" alt=\"DSC_0190\" width=\"300\" height=\"199\" srcset=\"https:\/\/ginaundseppontour.de\/wordpress\/wp-content\/uploads\/2015\/06\/DSC_0190-300x199.jpg 300w, https:\/\/ginaundseppontour.de\/wordpress\/wp-content\/uploads\/2015\/06\/DSC_0190-1024x678.jpg 1024w, https:\/\/ginaundseppontour.de\/wordpress\/wp-content\/uploads\/2015\/06\/DSC_0190-676x448.jpg 676w\" sizes=\"auto, (max-width: 300px) 100vw, 300px\" \/><\/a>\u00a0\u00a0<a href=\"https:\/\/ginaundseppontour.de\/wordpress\/wp-content\/uploads\/2015\/06\/DSC_0191.jpg\"><img loading=\"lazy\" decoding=\"async\" class=\"alignnone size-medium wp-image-138\" src=\"https:\/\/ginaundseppontour.de\/wordpress\/wp-content\/uploads\/2015\/06\/DSC_0191-300x199.jpg\" alt=\"DSC_0191\" width=\"300\" height=\"199\" srcset=\"https:\/\/ginaundseppontour.de\/wordpress\/wp-content\/uploads\/2015\/06\/DSC_0191-300x199.jpg 300w, https:\/\/ginaundseppontour.de\/wordpress\/wp-content\/uploads\/2015\/06\/DSC_0191-1024x678.jpg 1024w, https:\/\/ginaundseppontour.de\/wordpress\/wp-content\/uploads\/2015\/06\/DSC_0191-676x448.jpg 676w\" sizes=\"auto, (max-width: 300px) 100vw, 300px\" \/><\/a><\/p>\n<p>Aufgecampt \ud83d\ude09 \u00a0 \u00a0 \u00a0 \u00a0 \u00a0 \u00a0 \u00a0 \u00a0 \u00a0 \u00a0 \u00a0 \u00a0 \u00a0 \u00a0 \u00a0 \u00a0 \u00a0 \u00a0 \u00a0 \u00a0 \u00a0Unsere netten Nachbarn im Mobilhome \ud83d\ude42<\/p>\n<p><a href=\"https:\/\/ginaundseppontour.de\/wordpress\/wp-content\/uploads\/2015\/06\/IMG_0810.jpg\"><img loading=\"lazy\" decoding=\"async\" class=\"alignnone wp-image-157\" src=\"https:\/\/ginaundseppontour.de\/wordpress\/wp-content\/uploads\/2015\/06\/IMG_0810-300x169.jpg\" alt=\"IMG_0810\" width=\"314\" height=\"177\" srcset=\"https:\/\/ginaundseppontour.de\/wordpress\/wp-content\/uploads\/2015\/06\/IMG_0810-300x169.jpg 300w, https:\/\/ginaundseppontour.de\/wordpress\/wp-content\/uploads\/2015\/06\/IMG_0810-1024x576.jpg 1024w, https:\/\/ginaundseppontour.de\/wordpress\/wp-content\/uploads\/2015\/06\/IMG_0810-676x380.jpg 676w, https:\/\/ginaundseppontour.de\/wordpress\/wp-content\/uploads\/2015\/06\/IMG_0810.jpg 1280w\" sizes=\"auto, (max-width: 314px) 100vw, 314px\" \/><\/a>\u00a0 \u00a0\u00a0<a href=\"https:\/\/ginaundseppontour.de\/wordpress\/wp-content\/uploads\/2015\/06\/DSC_0249.jpg\"><img loading=\"lazy\" decoding=\"async\" class=\"alignnone wp-image-141\" src=\"https:\/\/ginaundseppontour.de\/wordpress\/wp-content\/uploads\/2015\/06\/DSC_0249-300x199.jpg\" alt=\"DSC_0249\" width=\"261\" height=\"173\" srcset=\"https:\/\/ginaundseppontour.de\/wordpress\/wp-content\/uploads\/2015\/06\/DSC_0249-300x199.jpg 300w, https:\/\/ginaundseppontour.de\/wordpress\/wp-content\/uploads\/2015\/06\/DSC_0249-1024x678.jpg 1024w, https:\/\/ginaundseppontour.de\/wordpress\/wp-content\/uploads\/2015\/06\/DSC_0249-676x448.jpg 676w\" sizes=\"auto, (max-width: 261px) 100vw, 261px\" \/><\/a><\/p>\n<p>Ausflug nach Marta<\/p>\n<p><a href=\"https:\/\/ginaundseppontour.de\/wordpress\/wp-content\/uploads\/2015\/06\/DSC_0197.jpg\"><img loading=\"lazy\" decoding=\"async\" class=\"alignnone size-medium wp-image-139\" src=\"https:\/\/ginaundseppontour.de\/wordpress\/wp-content\/uploads\/2015\/06\/DSC_0197-300x199.jpg\" alt=\"DSC_0197\" width=\"300\" height=\"199\" srcset=\"https:\/\/ginaundseppontour.de\/wordpress\/wp-content\/uploads\/2015\/06\/DSC_0197-300x199.jpg 300w, https:\/\/ginaundseppontour.de\/wordpress\/wp-content\/uploads\/2015\/06\/DSC_0197-1024x678.jpg 1024w, https:\/\/ginaundseppontour.de\/wordpress\/wp-content\/uploads\/2015\/06\/DSC_0197-676x448.jpg 676w\" sizes=\"auto, (max-width: 300px) 100vw, 300px\" \/><\/a>\u00a0 \u00a0\u00a0<a href=\"https:\/\/ginaundseppontour.de\/wordpress\/wp-content\/uploads\/2015\/06\/DSC_0277.jpg\"><img loading=\"lazy\" decoding=\"async\" class=\"alignnone size-medium wp-image-142\" src=\"https:\/\/ginaundseppontour.de\/wordpress\/wp-content\/uploads\/2015\/06\/DSC_0277-300x199.jpg\" alt=\"DSC_0277\" width=\"300\" height=\"199\" srcset=\"https:\/\/ginaundseppontour.de\/wordpress\/wp-content\/uploads\/2015\/06\/DSC_0277-300x199.jpg 300w, https:\/\/ginaundseppontour.de\/wordpress\/wp-content\/uploads\/2015\/06\/DSC_0277-1024x678.jpg 1024w, https:\/\/ginaundseppontour.de\/wordpress\/wp-content\/uploads\/2015\/06\/DSC_0277-676x448.jpg 676w\" sizes=\"auto, (max-width: 300px) 100vw, 300px\" \/><\/a><\/p>\n<p>Das Boot liegt vor der &#8222;Haust\u00fcr&#8220; und die Kids genie\u00dfen die erste Fahrt<\/p>\n<p><a href=\"https:\/\/ginaundseppontour.de\/wordpress\/wp-content\/uploads\/2015\/06\/DSC_0280.jpg\"><img loading=\"lazy\" decoding=\"async\" class=\"alignnone size-medium wp-image-143\" src=\"https:\/\/ginaundseppontour.de\/wordpress\/wp-content\/uploads\/2015\/06\/DSC_0280-300x199.jpg\" alt=\"DSC_0280\" width=\"300\" height=\"199\" srcset=\"https:\/\/ginaundseppontour.de\/wordpress\/wp-content\/uploads\/2015\/06\/DSC_0280-300x199.jpg 300w, https:\/\/ginaundseppontour.de\/wordpress\/wp-content\/uploads\/2015\/06\/DSC_0280-1024x678.jpg 1024w, https:\/\/ginaundseppontour.de\/wordpress\/wp-content\/uploads\/2015\/06\/DSC_0280-676x448.jpg 676w\" sizes=\"auto, (max-width: 300px) 100vw, 300px\" \/><\/a>\u00a0 \u00a0\u00a0<a href=\"https:\/\/ginaundseppontour.de\/wordpress\/wp-content\/uploads\/2015\/06\/DSC_0312.jpg\"><img loading=\"lazy\" decoding=\"async\" class=\"alignnone size-medium wp-image-144\" src=\"https:\/\/ginaundseppontour.de\/wordpress\/wp-content\/uploads\/2015\/06\/DSC_0312-300x199.jpg\" alt=\"DSC_0312\" width=\"300\" height=\"199\" srcset=\"https:\/\/ginaundseppontour.de\/wordpress\/wp-content\/uploads\/2015\/06\/DSC_0312-300x199.jpg 300w, https:\/\/ginaundseppontour.de\/wordpress\/wp-content\/uploads\/2015\/06\/DSC_0312-1024x678.jpg 1024w, https:\/\/ginaundseppontour.de\/wordpress\/wp-content\/uploads\/2015\/06\/DSC_0312-676x448.jpg 676w\" sizes=\"auto, (max-width: 300px) 100vw, 300px\" \/><\/a><\/p>\n<p>Mit dem Boot sind wir nach Bolsena gefahren, eine wundersch\u00f6ne alte Stadt<\/p>\n<p><a href=\"https:\/\/ginaundseppontour.de\/wordpress\/wp-content\/uploads\/2015\/06\/DSC_0349.jpg\"><img loading=\"lazy\" decoding=\"async\" class=\"alignnone size-medium wp-image-145\" src=\"https:\/\/ginaundseppontour.de\/wordpress\/wp-content\/uploads\/2015\/06\/DSC_0349-300x199.jpg\" alt=\"DSC_0349\" width=\"300\" height=\"199\" srcset=\"https:\/\/ginaundseppontour.de\/wordpress\/wp-content\/uploads\/2015\/06\/DSC_0349-300x199.jpg 300w, https:\/\/ginaundseppontour.de\/wordpress\/wp-content\/uploads\/2015\/06\/DSC_0349-1024x678.jpg 1024w, https:\/\/ginaundseppontour.de\/wordpress\/wp-content\/uploads\/2015\/06\/DSC_0349-676x448.jpg 676w\" sizes=\"auto, (max-width: 300px) 100vw, 300px\" \/><\/a>\u00a0 \u00a0\u00a0<a href=\"https:\/\/ginaundseppontour.de\/wordpress\/wp-content\/uploads\/2015\/06\/DSC_0355.jpg\"><img loading=\"lazy\" decoding=\"async\" class=\"alignnone size-medium wp-image-146\" src=\"https:\/\/ginaundseppontour.de\/wordpress\/wp-content\/uploads\/2015\/06\/DSC_0355-300x199.jpg\" alt=\"DSC_0355\" width=\"300\" height=\"199\" srcset=\"https:\/\/ginaundseppontour.de\/wordpress\/wp-content\/uploads\/2015\/06\/DSC_0355-300x199.jpg 300w, https:\/\/ginaundseppontour.de\/wordpress\/wp-content\/uploads\/2015\/06\/DSC_0355-1024x678.jpg 1024w, https:\/\/ginaundseppontour.de\/wordpress\/wp-content\/uploads\/2015\/06\/DSC_0355-676x448.jpg 676w\" sizes=\"auto, (max-width: 300px) 100vw, 300px\" \/><\/a><\/p>\n<p>Dort haben wir die Burg erklommen und wurden mit einem wundersch\u00f6nen Blick belohnt<\/p>\n<p><a href=\"https:\/\/ginaundseppontour.de\/wordpress\/wp-content\/uploads\/2015\/06\/DSC_0445.jpg\"><img loading=\"lazy\" decoding=\"async\" class=\"alignnone size-medium wp-image-152\" src=\"https:\/\/ginaundseppontour.de\/wordpress\/wp-content\/uploads\/2015\/06\/DSC_0445-300x199.jpg\" alt=\"DSC_0445\" width=\"300\" height=\"199\" srcset=\"https:\/\/ginaundseppontour.de\/wordpress\/wp-content\/uploads\/2015\/06\/DSC_0445-300x199.jpg 300w, https:\/\/ginaundseppontour.de\/wordpress\/wp-content\/uploads\/2015\/06\/DSC_0445-1024x678.jpg 1024w, https:\/\/ginaundseppontour.de\/wordpress\/wp-content\/uploads\/2015\/06\/DSC_0445-676x448.jpg 676w\" sizes=\"auto, (max-width: 300px) 100vw, 300px\" \/><\/a>\u00a0 \u00a0\u00a0<a href=\"https:\/\/ginaundseppontour.de\/wordpress\/wp-content\/uploads\/2015\/06\/IMG_0846.jpg\"><img loading=\"lazy\" decoding=\"async\" class=\"alignnone wp-image-159\" src=\"https:\/\/ginaundseppontour.de\/wordpress\/wp-content\/uploads\/2015\/06\/IMG_0846-300x225.jpg\" alt=\"IMG_0846\" width=\"265\" height=\"199\" srcset=\"https:\/\/ginaundseppontour.de\/wordpress\/wp-content\/uploads\/2015\/06\/IMG_0846-300x225.jpg 300w, https:\/\/ginaundseppontour.de\/wordpress\/wp-content\/uploads\/2015\/06\/IMG_0846-1024x768.jpg 1024w, https:\/\/ginaundseppontour.de\/wordpress\/wp-content\/uploads\/2015\/06\/IMG_0846-676x507.jpg 676w, https:\/\/ginaundseppontour.de\/wordpress\/wp-content\/uploads\/2015\/06\/IMG_0846.jpg 1280w\" sizes=\"auto, (max-width: 265px) 100vw, 265px\" \/><\/a><\/p>\n<p>Traumhafter Sonnenaufgang \u00a0und \u00a0Sonnenuntergang vor der Haust\u00fcre<\/p>\n<p><a href=\"https:\/\/ginaundseppontour.de\/wordpress\/wp-content\/uploads\/2015\/06\/IMG_0884.jpg\"><img loading=\"lazy\" decoding=\"async\" class=\"alignnone wp-image-158\" src=\"https:\/\/ginaundseppontour.de\/wordpress\/wp-content\/uploads\/2015\/06\/IMG_0884-300x225.jpg\" alt=\"IMG_0884\" width=\"265\" height=\"199\" srcset=\"https:\/\/ginaundseppontour.de\/wordpress\/wp-content\/uploads\/2015\/06\/IMG_0884-300x225.jpg 300w, https:\/\/ginaundseppontour.de\/wordpress\/wp-content\/uploads\/2015\/06\/IMG_0884-676x507.jpg 676w, https:\/\/ginaundseppontour.de\/wordpress\/wp-content\/uploads\/2015\/06\/IMG_0884.jpg 1000w\" sizes=\"auto, (max-width: 265px) 100vw, 265px\" \/><\/a>\u00a0 \u00a0\u00a0<a href=\"https:\/\/ginaundseppontour.de\/wordpress\/wp-content\/uploads\/2015\/06\/DSC_0521.jpg\"><img loading=\"lazy\" decoding=\"async\" class=\"alignnone size-medium wp-image-155\" src=\"https:\/\/ginaundseppontour.de\/wordpress\/wp-content\/uploads\/2015\/06\/DSC_0521-300x199.jpg\" alt=\"DSC_0521\" width=\"300\" height=\"199\" srcset=\"https:\/\/ginaundseppontour.de\/wordpress\/wp-content\/uploads\/2015\/06\/DSC_0521-300x199.jpg 300w, https:\/\/ginaundseppontour.de\/wordpress\/wp-content\/uploads\/2015\/06\/DSC_0521-1024x678.jpg 1024w, https:\/\/ginaundseppontour.de\/wordpress\/wp-content\/uploads\/2015\/06\/DSC_0521-676x448.jpg 676w\" sizes=\"auto, (max-width: 300px) 100vw, 300px\" \/><\/a><\/p>\n<p>Die letzten beiden N\u00e4chte haben wir am Gardasee verbracht<\/p>\n<p>Es war sehr sch\u00f6n in Bella Italia!<\/p>\n","protected":false},"excerpt":{"rendered":"<p>Italien Pfingsten 2015 Route Am 22.05.2015 sind wir mit Wohnmobil und Boot ins Schwabenl\u00e4ndle aufgebrochen. Dort haben wir die erste Nacht bei Sepp\u00b4s Schwester verbracht. Am n\u00e4chsten Tag ging es mit unserer Nichte und unserem Neffen an Bord weiter zum Lago Maggiore, an dem wir 2 N\u00e4chte verbracht haben (Campingplatz &#8222;Lido Okay&#8220; in Sesto Calende, [&hellip;]<\/p>\n","protected":false},"author":1,"featured_media":0,"parent":248,"menu_order":0,"comment_status":"closed","ping_status":"closed","template":"","meta":{"_crdt_document":"","pgc_sgb_lightbox_settings":"","footnotes":""},"class_list":["post-295","page","type-page","status-publish","hentry"],"_links":{"self":[{"href":"https:\/\/ginaundseppontour.de\/index.php?rest_route=\/wp\/v2\/pages\/295","targetHints":{"allow":["GET"]}}],"collection":[{"href":"https:\/\/ginaundseppontour.de\/index.php?rest_route=\/wp\/v2\/pages"}],"about":[{"href":"https:\/\/ginaundseppontour.de\/index.php?rest_route=\/wp\/v2\/types\/page"}],"author":[{"embeddable":true,"href":"https:\/\/ginaundseppontour.de\/index.php?rest_route=\/wp\/v2\/users\/1"}],"replies":[{"embeddable":true,"href":"https:\/\/ginaundseppontour.de\/index.php?rest_route=%2Fwp%2Fv2%2Fcomments&post=295"}],"version-history":[{"count":1,"href":"https:\/\/ginaundseppontour.de\/index.php?rest_route=\/wp\/v2\/pages\/295\/revisions"}],"predecessor-version":[{"id":297,"href":"https:\/\/ginaundseppontour.de\/index.php?rest_route=\/wp\/v2\/pages\/295\/revisions\/297"}],"up":[{"embeddable":true,"href":"https:\/\/ginaundseppontour.de\/index.php?rest_route=\/wp\/v2\/pages\/248"}],"wp:attachment":[{"href":"https:\/\/ginaundseppontour.de\/index.php?rest_route=%2Fwp%2Fv2%2Fmedia&parent=295"}],"curies":[{"name":"wp","href":"https:\/\/api.w.org\/{rel}","templated":true}]}}