{"id":285,"date":"2015-12-13T09:44:01","date_gmt":"2015-12-13T07:44:01","guid":{"rendered":"http:\/\/ginaundseppontour.de\/?page_id=285"},"modified":"2015-12-13T09:44:46","modified_gmt":"2015-12-13T07:44:46","slug":"simsee","status":"publish","type":"page","link":"https:\/\/ginaundseppontour.de\/?page_id=285","title":{"rendered":"Simsee"},"content":{"rendered":"<p><span style=\"color: #800000;\"><strong><span style=\"text-decoration: underline;\">Verl\u00e4ngertes Wochenende am Simsee<\/span><\/strong><\/span><\/p>\n<p>Im September haben wir ein wundersch\u00f6nes verl\u00e4ngertes Wochenende am Simsee verbracht (Camping Stein, sehr sch\u00f6n gelegener kleiner Platz).<\/p>\n<p><a href=\"https:\/\/ginaundseppontour.de\/wordpress\/wp-content\/uploads\/2015\/06\/DSC_0345.jpg\"><img loading=\"lazy\" decoding=\"async\" class=\"alignnone size-medium wp-image-208\" src=\"https:\/\/ginaundseppontour.de\/wordpress\/wp-content\/uploads\/2015\/06\/DSC_0345-300x199.jpg\" alt=\"DSC_0345\" width=\"300\" height=\"199\" srcset=\"https:\/\/ginaundseppontour.de\/wordpress\/wp-content\/uploads\/2015\/06\/DSC_0345-300x199.jpg 300w, https:\/\/ginaundseppontour.de\/wordpress\/wp-content\/uploads\/2015\/06\/DSC_0345-1024x678.jpg 1024w, https:\/\/ginaundseppontour.de\/wordpress\/wp-content\/uploads\/2015\/06\/DSC_0345-676x448.jpg 676w\" sizes=\"auto, (max-width: 300px) 100vw, 300px\" \/><\/a>\u00a0 \u00a0\u00a0<a href=\"https:\/\/ginaundseppontour.de\/wordpress\/wp-content\/uploads\/2015\/06\/IMG_1564.jpg\"><img loading=\"lazy\" decoding=\"async\" class=\"alignnone size-medium wp-image-216\" src=\"https:\/\/ginaundseppontour.de\/wordpress\/wp-content\/uploads\/2015\/06\/IMG_1564-300x169.jpg\" alt=\"IMG_1564\" width=\"300\" height=\"169\" srcset=\"https:\/\/ginaundseppontour.de\/wordpress\/wp-content\/uploads\/2015\/06\/IMG_1564-300x169.jpg 300w, https:\/\/ginaundseppontour.de\/wordpress\/wp-content\/uploads\/2015\/06\/IMG_1564-1024x576.jpg 1024w, https:\/\/ginaundseppontour.de\/wordpress\/wp-content\/uploads\/2015\/06\/IMG_1564-676x380.jpg 676w, https:\/\/ginaundseppontour.de\/wordpress\/wp-content\/uploads\/2015\/06\/IMG_1564.jpg 1599w\" sizes=\"auto, (max-width: 300px) 100vw, 300px\" \/><\/a><\/p>\n<p><a href=\"https:\/\/ginaundseppontour.de\/wordpress\/wp-content\/uploads\/2015\/06\/DSC_0364.jpg\"><img loading=\"lazy\" decoding=\"async\" class=\"alignnone size-medium wp-image-213\" src=\"https:\/\/ginaundseppontour.de\/wordpress\/wp-content\/uploads\/2015\/06\/DSC_0364-300x199.jpg\" alt=\"DSC_0364\" width=\"300\" height=\"199\" srcset=\"https:\/\/ginaundseppontour.de\/wordpress\/wp-content\/uploads\/2015\/06\/DSC_0364-300x199.jpg 300w, https:\/\/ginaundseppontour.de\/wordpress\/wp-content\/uploads\/2015\/06\/DSC_0364-1024x678.jpg 1024w, https:\/\/ginaundseppontour.de\/wordpress\/wp-content\/uploads\/2015\/06\/DSC_0364-676x448.jpg 676w\" sizes=\"auto, (max-width: 300px) 100vw, 300px\" \/><\/a>\u00a0 \u00a0\u00a0<a href=\"https:\/\/ginaundseppontour.de\/wordpress\/wp-content\/uploads\/2015\/06\/DSC_0352.jpg\"><img loading=\"lazy\" decoding=\"async\" class=\"alignnone size-medium wp-image-210\" src=\"https:\/\/ginaundseppontour.de\/wordpress\/wp-content\/uploads\/2015\/06\/DSC_0352-300x199.jpg\" alt=\"DSC_0352\" width=\"300\" height=\"199\" srcset=\"https:\/\/ginaundseppontour.de\/wordpress\/wp-content\/uploads\/2015\/06\/DSC_0352-300x199.jpg 300w, https:\/\/ginaundseppontour.de\/wordpress\/wp-content\/uploads\/2015\/06\/DSC_0352-1024x678.jpg 1024w, https:\/\/ginaundseppontour.de\/wordpress\/wp-content\/uploads\/2015\/06\/DSC_0352-676x448.jpg 676w\" sizes=\"auto, (max-width: 300px) 100vw, 300px\" \/><\/a><\/p>\n","protected":false},"excerpt":{"rendered":"<p>Verl\u00e4ngertes Wochenende am Simsee Im September haben wir ein wundersch\u00f6nes verl\u00e4ngertes Wochenende am Simsee verbracht (Camping Stein, sehr sch\u00f6n gelegener kleiner Platz). \u00a0 \u00a0\u00a0 \u00a0 \u00a0\u00a0<\/p>\n","protected":false},"author":1,"featured_media":0,"parent":248,"menu_order":0,"comment_status":"closed","ping_status":"closed","template":"","meta":{"_crdt_document":"","pgc_sgb_lightbox_settings":"","footnotes":""},"class_list":["post-285","page","type-page","status-publish","hentry"],"_links":{"self":[{"href":"https:\/\/ginaundseppontour.de\/index.php?rest_route=\/wp\/v2\/pages\/285","targetHints":{"allow":["GET"]}}],"collection":[{"href":"https:\/\/ginaundseppontour.de\/index.php?rest_route=\/wp\/v2\/pages"}],"about":[{"href":"https:\/\/ginaundseppontour.de\/index.php?rest_route=\/wp\/v2\/types\/page"}],"author":[{"embeddable":true,"href":"https:\/\/ginaundseppontour.de\/index.php?rest_route=\/wp\/v2\/users\/1"}],"replies":[{"embeddable":true,"href":"https:\/\/ginaundseppontour.de\/index.php?rest_route=%2Fwp%2Fv2%2Fcomments&post=285"}],"version-history":[{"count":2,"href":"https:\/\/ginaundseppontour.de\/index.php?rest_route=\/wp\/v2\/pages\/285\/revisions"}],"predecessor-version":[{"id":288,"href":"https:\/\/ginaundseppontour.de\/index.php?rest_route=\/wp\/v2\/pages\/285\/revisions\/288"}],"up":[{"embeddable":true,"href":"https:\/\/ginaundseppontour.de\/index.php?rest_route=\/wp\/v2\/pages\/248"}],"wp:attachment":[{"href":"https:\/\/ginaundseppontour.de\/index.php?rest_route=%2Fwp%2Fv2%2Fmedia&parent=285"}],"curies":[{"name":"wp","href":"https:\/\/api.w.org\/{rel}","templated":true}]}}