{"id":2745,"date":"2021-07-10T07:21:21","date_gmt":"2021-07-10T06:21:21","guid":{"rendered":"http:\/\/ginaundseppontour.de\/?page_id=2745"},"modified":"2021-07-10T07:25:18","modified_gmt":"2021-07-10T06:25:18","slug":"kroatien-2021","status":"publish","type":"page","link":"https:\/\/ginaundseppontour.de\/?page_id=2745","title":{"rendered":"Kroatien 2021"},"content":{"rendered":"\n<p class=\"wp-block-paragraph\">Sobald es ging sind wir aufgebrochen Richtung Kroatien.  Corona-Bedingt und Knie-Technisch nach Sepps OP haben wir uns f\u00fcr einen (normalerweise f\u00fcr uns viel zu gro\u00dfen) Campingplatz auf Istrien entschieden. Dort haben wir eine tolle, erholsame Woche verbracht.<\/p>\n\n\n\n<figure class=\"wp-block-gallery columns-3 is-cropped wp-block-gallery-1 is-layout-flex wp-block-gallery-is-layout-flex\"><ul class=\"blocks-gallery-grid\"><li class=\"blocks-gallery-item\"><figure><a href=\"https:\/\/ginaundseppontour.de\/?attachment_id=2706\"><img loading=\"lazy\" decoding=\"async\" width=\"300\" height=\"225\" src=\"https:\/\/ginaundseppontour.de\/wordpress\/wp-content\/uploads\/2021\/07\/IMG_8045-300x225.jpg\" alt=\"\" data-id=\"2706\" data-full-url=\"https:\/\/ginaundseppontour.de\/wordpress\/wp-content\/uploads\/2021\/07\/IMG_8045.jpg\" data-link=\"https:\/\/ginaundseppontour.de\/?attachment_id=2706\" class=\"wp-image-2706\" srcset=\"https:\/\/ginaundseppontour.de\/wordpress\/wp-content\/uploads\/2021\/07\/IMG_8045-300x225.jpg 300w, https:\/\/ginaundseppontour.de\/wordpress\/wp-content\/uploads\/2021\/07\/IMG_8045.jpg 640w\" sizes=\"auto, (max-width: 300px) 100vw, 300px\" \/><\/a><figcaption class=\"blocks-gallery-item__caption\">Ankunft bei tollem <br \/>Sonnenuntergang<\/figcaption><\/figure><\/li><li class=\"blocks-gallery-item\"><figure><a href=\"https:\/\/ginaundseppontour.de\/?attachment_id=2707\"><img loading=\"lazy\" decoding=\"async\" width=\"300\" height=\"225\" src=\"https:\/\/ginaundseppontour.de\/wordpress\/wp-content\/uploads\/2021\/07\/IMG_8048-300x225.jpg\" alt=\"\" data-id=\"2707\" data-full-url=\"https:\/\/ginaundseppontour.de\/wordpress\/wp-content\/uploads\/2021\/07\/IMG_8048.jpg\" data-link=\"https:\/\/ginaundseppontour.de\/?attachment_id=2707\" class=\"wp-image-2707\" srcset=\"https:\/\/ginaundseppontour.de\/wordpress\/wp-content\/uploads\/2021\/07\/IMG_8048-300x225.jpg 300w, https:\/\/ginaundseppontour.de\/wordpress\/wp-content\/uploads\/2021\/07\/IMG_8048.jpg 640w\" sizes=\"auto, (max-width: 300px) 100vw, 300px\" \/><\/a><figcaption class=\"blocks-gallery-item__caption\">Der erste Morgen&#8230;<\/figcaption><\/figure><\/li><li class=\"blocks-gallery-item\"><figure><a href=\"https:\/\/ginaundseppontour.de\/?attachment_id=2708\"><img loading=\"lazy\" decoding=\"async\" width=\"300\" height=\"225\" src=\"https:\/\/ginaundseppontour.de\/wordpress\/wp-content\/uploads\/2021\/07\/IMG_8050-300x225.jpg\" alt=\"\" data-id=\"2708\" data-full-url=\"https:\/\/ginaundseppontour.de\/wordpress\/wp-content\/uploads\/2021\/07\/IMG_8050.jpg\" data-link=\"https:\/\/ginaundseppontour.de\/?attachment_id=2708\" class=\"wp-image-2708\" srcset=\"https:\/\/ginaundseppontour.de\/wordpress\/wp-content\/uploads\/2021\/07\/IMG_8050-300x225.jpg 300w, https:\/\/ginaundseppontour.de\/wordpress\/wp-content\/uploads\/2021\/07\/IMG_8050.jpg 640w\" sizes=\"auto, (max-width: 300px) 100vw, 300px\" \/><\/a><figcaption class=\"blocks-gallery-item__caption\">&#8230;wir stehen alleine auf weiter Flur<\/figcaption><\/figure><\/li><li class=\"blocks-gallery-item\"><figure><a href=\"https:\/\/ginaundseppontour.de\/?attachment_id=2709\"><img loading=\"lazy\" decoding=\"async\" width=\"300\" height=\"225\" src=\"https:\/\/ginaundseppontour.de\/wordpress\/wp-content\/uploads\/2021\/07\/IMG_8051-300x225.jpg\" alt=\"\" data-id=\"2709\" data-full-url=\"https:\/\/ginaundseppontour.de\/wordpress\/wp-content\/uploads\/2021\/07\/IMG_8051.jpg\" data-link=\"https:\/\/ginaundseppontour.de\/?attachment_id=2709\" class=\"wp-image-2709\" srcset=\"https:\/\/ginaundseppontour.de\/wordpress\/wp-content\/uploads\/2021\/07\/IMG_8051-300x225.jpg 300w, https:\/\/ginaundseppontour.de\/wordpress\/wp-content\/uploads\/2021\/07\/IMG_8051.jpg 640w\" sizes=\"auto, (max-width: 300px) 100vw, 300px\" \/><\/a><figcaption class=\"blocks-gallery-item__caption\">Mare \ud83d\ude00<\/figcaption><\/figure><\/li><li class=\"blocks-gallery-item\"><figure><a href=\"https:\/\/ginaundseppontour.de\/?attachment_id=2716\"><img loading=\"lazy\" decoding=\"async\" width=\"300\" height=\"225\" src=\"https:\/\/ginaundseppontour.de\/wordpress\/wp-content\/uploads\/2021\/07\/IMG_8075-300x225.jpg\" alt=\"\" data-id=\"2716\" data-full-url=\"https:\/\/ginaundseppontour.de\/wordpress\/wp-content\/uploads\/2021\/07\/IMG_8075.jpg\" data-link=\"https:\/\/ginaundseppontour.de\/?attachment_id=2716\" class=\"wp-image-2716\" srcset=\"https:\/\/ginaundseppontour.de\/wordpress\/wp-content\/uploads\/2021\/07\/IMG_8075-300x225.jpg 300w, https:\/\/ginaundseppontour.de\/wordpress\/wp-content\/uploads\/2021\/07\/IMG_8075.jpg 640w\" sizes=\"auto, (max-width: 300px) 100vw, 300px\" \/><\/a><\/figure><\/li><li class=\"blocks-gallery-item\"><figure><a href=\"https:\/\/ginaundseppontour.de\/?attachment_id=2718\"><img loading=\"lazy\" decoding=\"async\" width=\"300\" height=\"225\" src=\"https:\/\/ginaundseppontour.de\/wordpress\/wp-content\/uploads\/2021\/07\/IMG_8082-1-300x225.jpg\" alt=\"\" data-id=\"2718\" data-full-url=\"https:\/\/ginaundseppontour.de\/wordpress\/wp-content\/uploads\/2021\/07\/IMG_8082-1.jpg\" data-link=\"https:\/\/ginaundseppontour.de\/?attachment_id=2718\" class=\"wp-image-2718\" srcset=\"https:\/\/ginaundseppontour.de\/wordpress\/wp-content\/uploads\/2021\/07\/IMG_8082-1-300x225.jpg 300w, https:\/\/ginaundseppontour.de\/wordpress\/wp-content\/uploads\/2021\/07\/IMG_8082-1.jpg 640w\" sizes=\"auto, (max-width: 300px) 100vw, 300px\" \/><\/a><\/figure><\/li><li class=\"blocks-gallery-item\"><figure><a href=\"https:\/\/ginaundseppontour.de\/?attachment_id=2710\"><img loading=\"lazy\" decoding=\"async\" width=\"300\" height=\"225\" src=\"https:\/\/ginaundseppontour.de\/wordpress\/wp-content\/uploads\/2021\/07\/IMG_8053-1-300x225.jpg\" alt=\"\" data-id=\"2710\" data-full-url=\"https:\/\/ginaundseppontour.de\/wordpress\/wp-content\/uploads\/2021\/07\/IMG_8053-1.jpg\" data-link=\"https:\/\/ginaundseppontour.de\/?attachment_id=2710\" class=\"wp-image-2710\" srcset=\"https:\/\/ginaundseppontour.de\/wordpress\/wp-content\/uploads\/2021\/07\/IMG_8053-1-300x225.jpg 300w, https:\/\/ginaundseppontour.de\/wordpress\/wp-content\/uploads\/2021\/07\/IMG_8053-1.jpg 640w\" sizes=\"auto, (max-width: 300px) 100vw, 300px\" \/><\/a><\/figure><\/li><li class=\"blocks-gallery-item\"><figure><a href=\"https:\/\/ginaundseppontour.de\/?attachment_id=2711\"><img loading=\"lazy\" decoding=\"async\" width=\"300\" height=\"225\" src=\"https:\/\/ginaundseppontour.de\/wordpress\/wp-content\/uploads\/2021\/07\/IMG_8060-1-300x225.jpg\" alt=\"\" data-id=\"2711\" data-full-url=\"https:\/\/ginaundseppontour.de\/wordpress\/wp-content\/uploads\/2021\/07\/IMG_8060-1.jpg\" data-link=\"https:\/\/ginaundseppontour.de\/?attachment_id=2711\" class=\"wp-image-2711\" srcset=\"https:\/\/ginaundseppontour.de\/wordpress\/wp-content\/uploads\/2021\/07\/IMG_8060-1-300x225.jpg 300w, https:\/\/ginaundseppontour.de\/wordpress\/wp-content\/uploads\/2021\/07\/IMG_8060-1.jpg 640w\" sizes=\"auto, (max-width: 300px) 100vw, 300px\" \/><\/a><figcaption class=\"blocks-gallery-item__caption\">Tolle Hundewiese auf dem Campingplatz&#8230;<\/figcaption><\/figure><\/li><li class=\"blocks-gallery-item\"><figure><a href=\"https:\/\/ginaundseppontour.de\/?attachment_id=2717\"><img loading=\"lazy\" decoding=\"async\" width=\"225\" height=\"300\" src=\"https:\/\/ginaundseppontour.de\/wordpress\/wp-content\/uploads\/2021\/07\/IMG_8076-225x300.jpg\" alt=\"\" data-id=\"2717\" data-full-url=\"https:\/\/ginaundseppontour.de\/wordpress\/wp-content\/uploads\/2021\/07\/IMG_8076-rotated.jpg\" data-link=\"https:\/\/ginaundseppontour.de\/?attachment_id=2717\" class=\"wp-image-2717\" srcset=\"https:\/\/ginaundseppontour.de\/wordpress\/wp-content\/uploads\/2021\/07\/IMG_8076-225x300.jpg 225w, https:\/\/ginaundseppontour.de\/wordpress\/wp-content\/uploads\/2021\/07\/IMG_8076-rotated.jpg 480w\" sizes=\"auto, (max-width: 225px) 100vw, 225px\" \/><\/a><figcaption class=\"blocks-gallery-item__caption\">&#8230;mit Hundefreundin Mali<\/figcaption><\/figure><\/li><li class=\"blocks-gallery-item\"><figure><a href=\"https:\/\/ginaundseppontour.de\/?attachment_id=2719\"><img loading=\"lazy\" decoding=\"async\" width=\"225\" height=\"300\" src=\"https:\/\/ginaundseppontour.de\/wordpress\/wp-content\/uploads\/2021\/07\/IMG_8089-1-225x300.jpg\" alt=\"\" data-id=\"2719\" data-full-url=\"https:\/\/ginaundseppontour.de\/wordpress\/wp-content\/uploads\/2021\/07\/IMG_8089-1-rotated.jpg\" data-link=\"https:\/\/ginaundseppontour.de\/?attachment_id=2719\" class=\"wp-image-2719\" srcset=\"https:\/\/ginaundseppontour.de\/wordpress\/wp-content\/uploads\/2021\/07\/IMG_8089-1-225x300.jpg 225w, https:\/\/ginaundseppontour.de\/wordpress\/wp-content\/uploads\/2021\/07\/IMG_8089-1-rotated.jpg 480w\" sizes=\"auto, (max-width: 225px) 100vw, 225px\" \/><\/a><figcaption class=\"blocks-gallery-item__caption\">Einfach nur chillen&#8230;<\/figcaption><\/figure><\/li><li class=\"blocks-gallery-item\"><figure><a href=\"https:\/\/ginaundseppontour.de\/?attachment_id=2720\"><img loading=\"lazy\" decoding=\"async\" width=\"300\" height=\"225\" src=\"https:\/\/ginaundseppontour.de\/wordpress\/wp-content\/uploads\/2021\/07\/IMG_8091-1-300x225.jpg\" alt=\"\" data-id=\"2720\" data-full-url=\"https:\/\/ginaundseppontour.de\/wordpress\/wp-content\/uploads\/2021\/07\/IMG_8091-1.jpg\" data-link=\"https:\/\/ginaundseppontour.de\/?attachment_id=2720\" class=\"wp-image-2720\" srcset=\"https:\/\/ginaundseppontour.de\/wordpress\/wp-content\/uploads\/2021\/07\/IMG_8091-1-300x225.jpg 300w, https:\/\/ginaundseppontour.de\/wordpress\/wp-content\/uploads\/2021\/07\/IMG_8091-1.jpg 640w\" sizes=\"auto, (max-width: 300px) 100vw, 300px\" \/><\/a><figcaption class=\"blocks-gallery-item__caption\">&#8230;und genie\u00dfen<\/figcaption><\/figure><\/li><li class=\"blocks-gallery-item\"><figure><a href=\"https:\/\/ginaundseppontour.de\/?attachment_id=2725\"><img loading=\"lazy\" decoding=\"async\" width=\"225\" height=\"300\" src=\"https:\/\/ginaundseppontour.de\/wordpress\/wp-content\/uploads\/2021\/07\/IMG_8126-225x300.jpg\" alt=\"\" data-id=\"2725\" data-full-url=\"https:\/\/ginaundseppontour.de\/wordpress\/wp-content\/uploads\/2021\/07\/IMG_8126-rotated.jpg\" data-link=\"https:\/\/ginaundseppontour.de\/?attachment_id=2725\" class=\"wp-image-2725\" srcset=\"https:\/\/ginaundseppontour.de\/wordpress\/wp-content\/uploads\/2021\/07\/IMG_8126-225x300.jpg 225w, https:\/\/ginaundseppontour.de\/wordpress\/wp-content\/uploads\/2021\/07\/IMG_8126-rotated.jpg 480w\" sizes=\"auto, (max-width: 225px) 100vw, 225px\" \/><\/a><figcaption class=\"blocks-gallery-item__caption\">Lecker<\/figcaption><\/figure><\/li><li class=\"blocks-gallery-item\"><figure><a href=\"https:\/\/ginaundseppontour.de\/?attachment_id=2724\"><img loading=\"lazy\" decoding=\"async\" width=\"300\" height=\"225\" src=\"https:\/\/ginaundseppontour.de\/wordpress\/wp-content\/uploads\/2021\/07\/IMG_8123-300x225.jpg\" alt=\"\" data-id=\"2724\" data-full-url=\"https:\/\/ginaundseppontour.de\/wordpress\/wp-content\/uploads\/2021\/07\/IMG_8123.jpg\" data-link=\"https:\/\/ginaundseppontour.de\/?attachment_id=2724\" class=\"wp-image-2724\" srcset=\"https:\/\/ginaundseppontour.de\/wordpress\/wp-content\/uploads\/2021\/07\/IMG_8123-300x225.jpg 300w, https:\/\/ginaundseppontour.de\/wordpress\/wp-content\/uploads\/2021\/07\/IMG_8123.jpg 640w\" sizes=\"auto, (max-width: 300px) 100vw, 300px\" \/><\/a><\/figure><\/li><li class=\"blocks-gallery-item\"><figure><a href=\"https:\/\/ginaundseppontour.de\/?attachment_id=2723\"><img loading=\"lazy\" decoding=\"async\" width=\"300\" height=\"225\" src=\"https:\/\/ginaundseppontour.de\/wordpress\/wp-content\/uploads\/2021\/07\/IMG_8115-300x225.jpg\" alt=\"\" data-id=\"2723\" data-full-url=\"https:\/\/ginaundseppontour.de\/wordpress\/wp-content\/uploads\/2021\/07\/IMG_8115.jpg\" data-link=\"https:\/\/ginaundseppontour.de\/?attachment_id=2723\" class=\"wp-image-2723\" srcset=\"https:\/\/ginaundseppontour.de\/wordpress\/wp-content\/uploads\/2021\/07\/IMG_8115-300x225.jpg 300w, https:\/\/ginaundseppontour.de\/wordpress\/wp-content\/uploads\/2021\/07\/IMG_8115.jpg 640w\" sizes=\"auto, (max-width: 300px) 100vw, 300px\" \/><\/a><\/figure><\/li><li class=\"blocks-gallery-item\"><figure><a href=\"https:\/\/ginaundseppontour.de\/?attachment_id=2721\"><img loading=\"lazy\" decoding=\"async\" width=\"300\" height=\"225\" src=\"https:\/\/ginaundseppontour.de\/wordpress\/wp-content\/uploads\/2021\/07\/IMG_8106-300x225.jpg\" alt=\"\" data-id=\"2721\" data-full-url=\"https:\/\/ginaundseppontour.de\/wordpress\/wp-content\/uploads\/2021\/07\/IMG_8106.jpg\" data-link=\"https:\/\/ginaundseppontour.de\/?attachment_id=2721\" class=\"wp-image-2721\" srcset=\"https:\/\/ginaundseppontour.de\/wordpress\/wp-content\/uploads\/2021\/07\/IMG_8106-300x225.jpg 300w, https:\/\/ginaundseppontour.de\/wordpress\/wp-content\/uploads\/2021\/07\/IMG_8106.jpg 640w\" sizes=\"auto, (max-width: 300px) 100vw, 300px\" \/><\/a><figcaption class=\"blocks-gallery-item__caption\">Ausflug nach Pula<\/figcaption><\/figure><\/li><li class=\"blocks-gallery-item\"><figure><a href=\"https:\/\/ginaundseppontour.de\/?attachment_id=2705\"><img loading=\"lazy\" decoding=\"async\" width=\"300\" height=\"250\" src=\"https:\/\/ginaundseppontour.de\/wordpress\/wp-content\/uploads\/2021\/07\/265a8059-e9a6-48be-ba48-4954cbfb6d5e-300x250.jpg\" alt=\"\" data-id=\"2705\" data-full-url=\"https:\/\/ginaundseppontour.de\/wordpress\/wp-content\/uploads\/2021\/07\/265a8059-e9a6-48be-ba48-4954cbfb6d5e.jpg\" data-link=\"https:\/\/ginaundseppontour.de\/?attachment_id=2705\" class=\"wp-image-2705\" srcset=\"https:\/\/ginaundseppontour.de\/wordpress\/wp-content\/uploads\/2021\/07\/265a8059-e9a6-48be-ba48-4954cbfb6d5e-300x250.jpg 300w, https:\/\/ginaundseppontour.de\/wordpress\/wp-content\/uploads\/2021\/07\/265a8059-e9a6-48be-ba48-4954cbfb6d5e.jpg 640w\" sizes=\"auto, (max-width: 300px) 100vw, 300px\" \/><\/a><\/figure><\/li><li class=\"blocks-gallery-item\"><figure><a href=\"https:\/\/ginaundseppontour.de\/?attachment_id=2714\"><img loading=\"lazy\" decoding=\"async\" width=\"300\" height=\"225\" src=\"https:\/\/ginaundseppontour.de\/wordpress\/wp-content\/uploads\/2021\/07\/IMG_8069-300x225.jpg\" alt=\"\" data-id=\"2714\" data-full-url=\"https:\/\/ginaundseppontour.de\/wordpress\/wp-content\/uploads\/2021\/07\/IMG_8069.jpg\" data-link=\"https:\/\/ginaundseppontour.de\/?attachment_id=2714\" class=\"wp-image-2714\" srcset=\"https:\/\/ginaundseppontour.de\/wordpress\/wp-content\/uploads\/2021\/07\/IMG_8069-300x225.jpg 300w, https:\/\/ginaundseppontour.de\/wordpress\/wp-content\/uploads\/2021\/07\/IMG_8069.jpg 640w\" sizes=\"auto, (max-width: 300px) 100vw, 300px\" \/><\/a><\/figure><\/li><li class=\"blocks-gallery-item\"><figure><a href=\"https:\/\/ginaundseppontour.de\/?attachment_id=2712\"><img loading=\"lazy\" decoding=\"async\" width=\"225\" height=\"300\" src=\"https:\/\/ginaundseppontour.de\/wordpress\/wp-content\/uploads\/2021\/07\/IMG_8065-1-225x300.jpg\" alt=\"\" data-id=\"2712\" data-full-url=\"https:\/\/ginaundseppontour.de\/wordpress\/wp-content\/uploads\/2021\/07\/IMG_8065-1-rotated.jpg\" data-link=\"https:\/\/ginaundseppontour.de\/?attachment_id=2712\" class=\"wp-image-2712\" srcset=\"https:\/\/ginaundseppontour.de\/wordpress\/wp-content\/uploads\/2021\/07\/IMG_8065-1-225x300.jpg 225w, https:\/\/ginaundseppontour.de\/wordpress\/wp-content\/uploads\/2021\/07\/IMG_8065-1-rotated.jpg 480w\" sizes=\"auto, (max-width: 225px) 100vw, 225px\" \/><\/a><figcaption class=\"blocks-gallery-item__caption\">Sch\u00f6nes Fleckchen Erde \ud83d\ude42<\/figcaption><\/figure><\/li><\/ul><\/figure>\n","protected":false},"excerpt":{"rendered":"<p>Sobald es ging sind wir aufgebrochen Richtung Kroatien. Corona-Bedingt und Knie-Technisch nach Sepps OP haben wir uns f\u00fcr einen (normalerweise f\u00fcr uns viel zu gro\u00dfen) Campingplatz auf Istrien entschieden. Dort haben wir eine tolle, erholsame Woche verbracht.<\/p>\n","protected":false},"author":1,"featured_media":0,"parent":0,"menu_order":0,"comment_status":"closed","ping_status":"closed","template":"","meta":{"_crdt_document":"","pgc_sgb_lightbox_settings":"","footnotes":""},"class_list":["post-2745","page","type-page","status-publish","hentry"],"_links":{"self":[{"href":"https:\/\/ginaundseppontour.de\/index.php?rest_route=\/wp\/v2\/pages\/2745","targetHints":{"allow":["GET"]}}],"collection":[{"href":"https:\/\/ginaundseppontour.de\/index.php?rest_route=\/wp\/v2\/pages"}],"about":[{"href":"https:\/\/ginaundseppontour.de\/index.php?rest_route=\/wp\/v2\/types\/page"}],"author":[{"embeddable":true,"href":"https:\/\/ginaundseppontour.de\/index.php?rest_route=\/wp\/v2\/users\/1"}],"replies":[{"embeddable":true,"href":"https:\/\/ginaundseppontour.de\/index.php?rest_route=%2Fwp%2Fv2%2Fcomments&post=2745"}],"version-history":[{"count":4,"href":"https:\/\/ginaundseppontour.de\/index.php?rest_route=\/wp\/v2\/pages\/2745\/revisions"}],"predecessor-version":[{"id":2751,"href":"https:\/\/ginaundseppontour.de\/index.php?rest_route=\/wp\/v2\/pages\/2745\/revisions\/2751"}],"wp:attachment":[{"href":"https:\/\/ginaundseppontour.de\/index.php?rest_route=%2Fwp%2Fv2%2Fmedia&parent=2745"}],"curies":[{"name":"wp","href":"https:\/\/api.w.org\/{rel}","templated":true}]}}