{"id":2736,"date":"2021-07-10T06:55:14","date_gmt":"2021-07-10T05:55:14","guid":{"rendered":"http:\/\/ginaundseppontour.de\/?page_id=2736"},"modified":"2021-08-10T06:53:25","modified_gmt":"2021-08-10T05:53:25","slug":"wochenendtrips-2021","status":"publish","type":"page","link":"https:\/\/ginaundseppontour.de\/?page_id=2736","title":{"rendered":"Wochenende Steigerwald"},"content":{"rendered":"\n<p class=\"wp-block-paragraph\">April 2021 <\/p>\n\n\n\n<p class=\"wp-block-paragraph\">Im April sind wir ein Wochenende zum Wandern in den Steigerwald gefahren. Nach einem sch\u00f6nen Besuch bei unseren Freunden in der N\u00e4he von Ha\u00dffurt haben wir eine Nacht auf dem Wandererparkplatz in Handthal verbracht. <\/p>\n\n\n\n<figure class=\"wp-block-gallery columns-3 is-cropped wp-block-gallery-1 is-layout-flex wp-block-gallery-is-layout-flex\"><ul class=\"blocks-gallery-grid\"><li class=\"blocks-gallery-item\"><figure><a href=\"https:\/\/ginaundseppontour.de\/wordpress\/wp-content\/uploads\/2021\/07\/IMG_7925-1.jpg\"><img loading=\"lazy\" decoding=\"async\" width=\"640\" height=\"480\" src=\"https:\/\/ginaundseppontour.de\/wordpress\/wp-content\/uploads\/2021\/07\/IMG_7925-1.jpg\" alt=\"\" data-id=\"2732\" data-full-url=\"https:\/\/ginaundseppontour.de\/wordpress\/wp-content\/uploads\/2021\/07\/IMG_7925-1.jpg\" data-link=\"https:\/\/ginaundseppontour.de\/?attachment_id=2732\" class=\"wp-image-2732\" srcset=\"https:\/\/ginaundseppontour.de\/wordpress\/wp-content\/uploads\/2021\/07\/IMG_7925-1.jpg 640w, https:\/\/ginaundseppontour.de\/wordpress\/wp-content\/uploads\/2021\/07\/IMG_7925-1-300x225.jpg 300w\" sizes=\"auto, (max-width: 640px) 100vw, 640px\" \/><\/a><figcaption class=\"blocks-gallery-item__caption\">Stellplatz&#8230;<\/figcaption><\/figure><\/li><li class=\"blocks-gallery-item\"><figure><a href=\"https:\/\/ginaundseppontour.de\/wordpress\/wp-content\/uploads\/2021\/07\/IMG_7920.jpg\"><img loading=\"lazy\" decoding=\"async\" width=\"640\" height=\"480\" src=\"https:\/\/ginaundseppontour.de\/wordpress\/wp-content\/uploads\/2021\/07\/IMG_7920.jpg\" alt=\"\" data-id=\"2733\" data-full-url=\"https:\/\/ginaundseppontour.de\/wordpress\/wp-content\/uploads\/2021\/07\/IMG_7920.jpg\" data-link=\"https:\/\/ginaundseppontour.de\/?attachment_id=2733\" class=\"wp-image-2733\" srcset=\"https:\/\/ginaundseppontour.de\/wordpress\/wp-content\/uploads\/2021\/07\/IMG_7920.jpg 640w, https:\/\/ginaundseppontour.de\/wordpress\/wp-content\/uploads\/2021\/07\/IMG_7920-300x225.jpg 300w\" sizes=\"auto, (max-width: 640px) 100vw, 640px\" \/><\/a><figcaption class=\"blocks-gallery-item__caption\">&#8230;mit Aussicht<\/figcaption><\/figure><\/li><li class=\"blocks-gallery-item\"><figure><a href=\"https:\/\/ginaundseppontour.de\/wordpress\/wp-content\/uploads\/2021\/07\/IMG_7924.jpg\"><img loading=\"lazy\" decoding=\"async\" width=\"640\" height=\"480\" src=\"https:\/\/ginaundseppontour.de\/wordpress\/wp-content\/uploads\/2021\/07\/IMG_7924.jpg\" alt=\"\" data-id=\"2729\" data-full-url=\"https:\/\/ginaundseppontour.de\/wordpress\/wp-content\/uploads\/2021\/07\/IMG_7924.jpg\" data-link=\"https:\/\/ginaundseppontour.de\/?attachment_id=2729\" class=\"wp-image-2729\" srcset=\"https:\/\/ginaundseppontour.de\/wordpress\/wp-content\/uploads\/2021\/07\/IMG_7924.jpg 640w, https:\/\/ginaundseppontour.de\/wordpress\/wp-content\/uploads\/2021\/07\/IMG_7924-300x225.jpg 300w\" sizes=\"auto, (max-width: 640px) 100vw, 640px\" \/><\/a><figcaption class=\"blocks-gallery-item__caption\">Sch\u00f6ne Wanderung&#8230;<\/figcaption><\/figure><\/li><li class=\"blocks-gallery-item\"><figure><a href=\"https:\/\/ginaundseppontour.de\/wordpress\/wp-content\/uploads\/2021\/07\/IMG_7921-rotated.jpg\"><img loading=\"lazy\" decoding=\"async\" width=\"480\" height=\"640\" src=\"https:\/\/ginaundseppontour.de\/wordpress\/wp-content\/uploads\/2021\/07\/IMG_7921-rotated.jpg\" alt=\"\" data-id=\"2731\" data-full-url=\"https:\/\/ginaundseppontour.de\/wordpress\/wp-content\/uploads\/2021\/07\/IMG_7921-rotated.jpg\" data-link=\"https:\/\/ginaundseppontour.de\/?attachment_id=2731\" class=\"wp-image-2731\" srcset=\"https:\/\/ginaundseppontour.de\/wordpress\/wp-content\/uploads\/2021\/07\/IMG_7921-rotated.jpg 480w, https:\/\/ginaundseppontour.de\/wordpress\/wp-content\/uploads\/2021\/07\/IMG_7921-225x300.jpg 225w\" sizes=\"auto, (max-width: 480px) 100vw, 480px\" \/><\/a><figcaption class=\"blocks-gallery-item__caption\">&#8230;zur Ruine Stollburg<\/figcaption><\/figure><\/li><li class=\"blocks-gallery-item\"><figure><a href=\"https:\/\/ginaundseppontour.de\/wordpress\/wp-content\/uploads\/2021\/07\/0-1.jpg\"><img loading=\"lazy\" decoding=\"async\" width=\"640\" height=\"480\" src=\"https:\/\/ginaundseppontour.de\/wordpress\/wp-content\/uploads\/2021\/07\/0-1.jpg\" alt=\"\" data-id=\"2728\" data-full-url=\"https:\/\/ginaundseppontour.de\/wordpress\/wp-content\/uploads\/2021\/07\/0-1.jpg\" data-link=\"https:\/\/ginaundseppontour.de\/?attachment_id=2728\" class=\"wp-image-2728\" srcset=\"https:\/\/ginaundseppontour.de\/wordpress\/wp-content\/uploads\/2021\/07\/0-1.jpg 640w, https:\/\/ginaundseppontour.de\/wordpress\/wp-content\/uploads\/2021\/07\/0-1-300x225.jpg 300w\" sizes=\"auto, (max-width: 640px) 100vw, 640px\" \/><\/a><figcaption class=\"blocks-gallery-item__caption\">\ud83d\ude00<\/figcaption><\/figure><\/li><li class=\"blocks-gallery-item\"><figure><a href=\"https:\/\/ginaundseppontour.de\/wordpress\/wp-content\/uploads\/2021\/07\/IMG_7926.jpg\"><img loading=\"lazy\" decoding=\"async\" width=\"640\" height=\"480\" src=\"https:\/\/ginaundseppontour.de\/wordpress\/wp-content\/uploads\/2021\/07\/IMG_7926.jpg\" alt=\"\" data-id=\"2735\" data-full-url=\"https:\/\/ginaundseppontour.de\/wordpress\/wp-content\/uploads\/2021\/07\/IMG_7926.jpg\" data-link=\"https:\/\/ginaundseppontour.de\/?attachment_id=2735\" class=\"wp-image-2735\" srcset=\"https:\/\/ginaundseppontour.de\/wordpress\/wp-content\/uploads\/2021\/07\/IMG_7926.jpg 640w, https:\/\/ginaundseppontour.de\/wordpress\/wp-content\/uploads\/2021\/07\/IMG_7926-300x225.jpg 300w\" sizes=\"auto, (max-width: 640px) 100vw, 640px\" \/><\/a><figcaption class=\"blocks-gallery-item__caption\">Wandern macht m\u00fcce \ud83d\ude42<\/figcaption><\/figure><\/li><li class=\"blocks-gallery-item\"><figure><a href=\"https:\/\/ginaundseppontour.de\/wordpress\/wp-content\/uploads\/2021\/07\/0.jpg\"><img loading=\"lazy\" decoding=\"async\" width=\"422\" height=\"562\" src=\"https:\/\/ginaundseppontour.de\/wordpress\/wp-content\/uploads\/2021\/07\/0.jpg\" alt=\"\" data-id=\"2727\" data-full-url=\"https:\/\/ginaundseppontour.de\/wordpress\/wp-content\/uploads\/2021\/07\/0.jpg\" data-link=\"https:\/\/ginaundseppontour.de\/?attachment_id=2727\" class=\"wp-image-2727\" srcset=\"https:\/\/ginaundseppontour.de\/wordpress\/wp-content\/uploads\/2021\/07\/0.jpg 422w, https:\/\/ginaundseppontour.de\/wordpress\/wp-content\/uploads\/2021\/07\/0-225x300.jpg 225w\" sizes=\"auto, (max-width: 422px) 100vw, 422px\" \/><\/a><figcaption class=\"blocks-gallery-item__caption\">Am n\u00e4chsten Tag ging es noch ein wenig am Main entlang<\/figcaption><\/figure><\/li><\/ul><\/figure>\n","protected":false},"excerpt":{"rendered":"<p>April 2021 Im April sind wir ein Wochenende zum Wandern in den Steigerwald gefahren. Nach einem sch\u00f6nen Besuch bei unseren Freunden in der N\u00e4he von Ha\u00dffurt haben wir eine Nacht auf dem Wandererparkplatz in Handthal verbracht.<\/p>\n","protected":false},"author":1,"featured_media":0,"parent":0,"menu_order":0,"comment_status":"closed","ping_status":"closed","template":"","meta":{"_crdt_document":"","pgc_sgb_lightbox_settings":"","footnotes":""},"class_list":["post-2736","page","type-page","status-publish","hentry"],"_links":{"self":[{"href":"https:\/\/ginaundseppontour.de\/index.php?rest_route=\/wp\/v2\/pages\/2736","targetHints":{"allow":["GET"]}}],"collection":[{"href":"https:\/\/ginaundseppontour.de\/index.php?rest_route=\/wp\/v2\/pages"}],"about":[{"href":"https:\/\/ginaundseppontour.de\/index.php?rest_route=\/wp\/v2\/types\/page"}],"author":[{"embeddable":true,"href":"https:\/\/ginaundseppontour.de\/index.php?rest_route=\/wp\/v2\/users\/1"}],"replies":[{"embeddable":true,"href":"https:\/\/ginaundseppontour.de\/index.php?rest_route=%2Fwp%2Fv2%2Fcomments&post=2736"}],"version-history":[{"count":5,"href":"https:\/\/ginaundseppontour.de\/index.php?rest_route=\/wp\/v2\/pages\/2736\/revisions"}],"predecessor-version":[{"id":2773,"href":"https:\/\/ginaundseppontour.de\/index.php?rest_route=\/wp\/v2\/pages\/2736\/revisions\/2773"}],"wp:attachment":[{"href":"https:\/\/ginaundseppontour.de\/index.php?rest_route=%2Fwp%2Fv2%2Fmedia&parent=2736"}],"curies":[{"name":"wp","href":"https:\/\/api.w.org\/{rel}","templated":true}]}}