{"id":2539,"date":"2020-06-15T06:54:34","date_gmt":"2020-06-15T05:54:34","guid":{"rendered":"http:\/\/ginaundseppontour.de\/?page_id=2539"},"modified":"2020-06-15T07:21:40","modified_gmt":"2020-06-15T06:21:40","slug":"wochenendtrips","status":"publish","type":"page","link":"https:\/\/ginaundseppontour.de\/?page_id=2539","title":{"rendered":"Wochenendtrips"},"content":{"rendered":"\n<p class=\"wp-block-paragraph\">Nachdem man endlich wieder unterwegs sein kann sind wir am Pfingstwochenende nach Lechbruck am See gefahren. Ein toller Campingplatz mit eingez\u00e4unten Hundepl\u00e4tzen und einer sehr sch\u00f6nen Hundespielwiese \ud83d\ude00<\/p>\n\n\n\n<figure class=\"wp-block-gallery columns-3 is-cropped wp-block-gallery-1 is-layout-flex wp-block-gallery-is-layout-flex\"><ul class=\"blocks-gallery-grid\"><li class=\"blocks-gallery-item\"><figure><img loading=\"lazy\" decoding=\"async\" width=\"300\" height=\"225\" src=\"https:\/\/ginaundseppontour.de\/wordpress\/wp-content\/uploads\/2020\/06\/IMG_6537-300x225.jpg\" alt=\"\" data-id=\"2533\" data-full-url=\"https:\/\/ginaundseppontour.de\/wordpress\/wp-content\/uploads\/2020\/06\/IMG_6537.jpg\" data-link=\"https:\/\/ginaundseppontour.de\/?attachment_id=2533\" class=\"wp-image-2533\" srcset=\"https:\/\/ginaundseppontour.de\/wordpress\/wp-content\/uploads\/2020\/06\/IMG_6537-300x225.jpg 300w, https:\/\/ginaundseppontour.de\/wordpress\/wp-content\/uploads\/2020\/06\/IMG_6537.jpg 640w\" sizes=\"auto, (max-width: 300px) 100vw, 300px\" \/><figcaption class=\"blocks-gallery-item__caption\">Sch\u00f6ner gro\u00dfer Platz&#8230;<\/figcaption><\/figure><\/li><li class=\"blocks-gallery-item\"><figure><img loading=\"lazy\" decoding=\"async\" width=\"300\" height=\"225\" src=\"https:\/\/ginaundseppontour.de\/wordpress\/wp-content\/uploads\/2020\/06\/IMG_6564-300x225.jpg\" alt=\"\" data-id=\"2527\" data-full-url=\"https:\/\/ginaundseppontour.de\/wordpress\/wp-content\/uploads\/2020\/06\/IMG_6564.jpg\" data-link=\"https:\/\/ginaundseppontour.de\/?attachment_id=2527\" class=\"wp-image-2527\" srcset=\"https:\/\/ginaundseppontour.de\/wordpress\/wp-content\/uploads\/2020\/06\/IMG_6564-300x225.jpg 300w, https:\/\/ginaundseppontour.de\/wordpress\/wp-content\/uploads\/2020\/06\/IMG_6564.jpg 640w\" sizes=\"auto, (max-width: 300px) 100vw, 300px\" \/><figcaption class=\"blocks-gallery-item__caption\">&#8230;mit Hundezaun <\/figcaption><\/figure><\/li><li class=\"blocks-gallery-item\"><figure><img loading=\"lazy\" decoding=\"async\" width=\"300\" height=\"225\" src=\"https:\/\/ginaundseppontour.de\/wordpress\/wp-content\/uploads\/2020\/06\/IMG_6542-300x225.jpg\" alt=\"\" data-id=\"2532\" data-full-url=\"https:\/\/ginaundseppontour.de\/wordpress\/wp-content\/uploads\/2020\/06\/IMG_6542.jpg\" data-link=\"https:\/\/ginaundseppontour.de\/?attachment_id=2532\" class=\"wp-image-2532\" srcset=\"https:\/\/ginaundseppontour.de\/wordpress\/wp-content\/uploads\/2020\/06\/IMG_6542-300x225.jpg 300w, https:\/\/ginaundseppontour.de\/wordpress\/wp-content\/uploads\/2020\/06\/IMG_6542.jpg 640w\" sizes=\"auto, (max-width: 300px) 100vw, 300px\" \/><figcaption class=\"blocks-gallery-item__caption\">Einmal um den Lechstausee<\/figcaption><\/figure><\/li><li class=\"blocks-gallery-item\"><figure><img loading=\"lazy\" decoding=\"async\" width=\"300\" height=\"225\" src=\"https:\/\/ginaundseppontour.de\/wordpress\/wp-content\/uploads\/2020\/06\/IMG_6548-300x225.jpg\" alt=\"\" data-id=\"2530\" data-full-url=\"https:\/\/ginaundseppontour.de\/wordpress\/wp-content\/uploads\/2020\/06\/IMG_6548.jpg\" data-link=\"https:\/\/ginaundseppontour.de\/?attachment_id=2530\" class=\"wp-image-2530\" srcset=\"https:\/\/ginaundseppontour.de\/wordpress\/wp-content\/uploads\/2020\/06\/IMG_6548-300x225.jpg 300w, https:\/\/ginaundseppontour.de\/wordpress\/wp-content\/uploads\/2020\/06\/IMG_6548.jpg 640w\" sizes=\"auto, (max-width: 300px) 100vw, 300px\" \/><\/figure><\/li><li class=\"blocks-gallery-item\"><figure><img loading=\"lazy\" decoding=\"async\" width=\"300\" height=\"225\" src=\"https:\/\/ginaundseppontour.de\/wordpress\/wp-content\/uploads\/2020\/06\/IMG_6546-300x225.jpg\" alt=\"\" data-id=\"2529\" data-full-url=\"https:\/\/ginaundseppontour.de\/wordpress\/wp-content\/uploads\/2020\/06\/IMG_6546.jpg\" data-link=\"https:\/\/ginaundseppontour.de\/?attachment_id=2529\" class=\"wp-image-2529\" srcset=\"https:\/\/ginaundseppontour.de\/wordpress\/wp-content\/uploads\/2020\/06\/IMG_6546-300x225.jpg 300w, https:\/\/ginaundseppontour.de\/wordpress\/wp-content\/uploads\/2020\/06\/IMG_6546.jpg 640w\" sizes=\"auto, (max-width: 300px) 100vw, 300px\" \/><\/figure><\/li><li class=\"blocks-gallery-item\"><figure><img loading=\"lazy\" decoding=\"async\" width=\"300\" height=\"225\" src=\"https:\/\/ginaundseppontour.de\/wordpress\/wp-content\/uploads\/2020\/06\/IMG_6556-300x225.jpg\" alt=\"\" data-id=\"2531\" data-full-url=\"https:\/\/ginaundseppontour.de\/wordpress\/wp-content\/uploads\/2020\/06\/IMG_6556.jpg\" data-link=\"https:\/\/ginaundseppontour.de\/?attachment_id=2531\" class=\"wp-image-2531\" srcset=\"https:\/\/ginaundseppontour.de\/wordpress\/wp-content\/uploads\/2020\/06\/IMG_6556-300x225.jpg 300w, https:\/\/ginaundseppontour.de\/wordpress\/wp-content\/uploads\/2020\/06\/IMG_6556.jpg 640w\" sizes=\"auto, (max-width: 300px) 100vw, 300px\" \/><\/figure><\/li><li class=\"blocks-gallery-item\"><figure><img loading=\"lazy\" decoding=\"async\" width=\"300\" height=\"225\" src=\"https:\/\/ginaundseppontour.de\/wordpress\/wp-content\/uploads\/2020\/06\/IMG_6560-300x225.jpg\" alt=\"\" data-id=\"2524\" data-full-url=\"https:\/\/ginaundseppontour.de\/wordpress\/wp-content\/uploads\/2020\/06\/IMG_6560.jpg\" data-link=\"https:\/\/ginaundseppontour.de\/?attachment_id=2524\" class=\"wp-image-2524\" srcset=\"https:\/\/ginaundseppontour.de\/wordpress\/wp-content\/uploads\/2020\/06\/IMG_6560-300x225.jpg 300w, https:\/\/ginaundseppontour.de\/wordpress\/wp-content\/uploads\/2020\/06\/IMG_6560.jpg 640w\" sizes=\"auto, (max-width: 300px) 100vw, 300px\" \/><\/figure><\/li><li class=\"blocks-gallery-item\"><figure><img loading=\"lazy\" decoding=\"async\" width=\"300\" height=\"225\" src=\"https:\/\/ginaundseppontour.de\/wordpress\/wp-content\/uploads\/2020\/06\/IMG_6562-300x225.jpg\" alt=\"\" data-id=\"2526\" data-full-url=\"https:\/\/ginaundseppontour.de\/wordpress\/wp-content\/uploads\/2020\/06\/IMG_6562.jpg\" data-link=\"https:\/\/ginaundseppontour.de\/?attachment_id=2526\" class=\"wp-image-2526\" srcset=\"https:\/\/ginaundseppontour.de\/wordpress\/wp-content\/uploads\/2020\/06\/IMG_6562-300x225.jpg 300w, https:\/\/ginaundseppontour.de\/wordpress\/wp-content\/uploads\/2020\/06\/IMG_6562.jpg 640w\" sizes=\"auto, (max-width: 300px) 100vw, 300px\" \/><\/figure><\/li><li class=\"blocks-gallery-item\"><figure><img loading=\"lazy\" decoding=\"async\" width=\"300\" height=\"225\" src=\"https:\/\/ginaundseppontour.de\/wordpress\/wp-content\/uploads\/2020\/06\/IMG_6544-1-300x225.jpg\" alt=\"\" data-id=\"2528\" data-full-url=\"https:\/\/ginaundseppontour.de\/wordpress\/wp-content\/uploads\/2020\/06\/IMG_6544-1.jpg\" data-link=\"https:\/\/ginaundseppontour.de\/?attachment_id=2528\" class=\"wp-image-2528\" srcset=\"https:\/\/ginaundseppontour.de\/wordpress\/wp-content\/uploads\/2020\/06\/IMG_6544-1-300x225.jpg 300w, https:\/\/ginaundseppontour.de\/wordpress\/wp-content\/uploads\/2020\/06\/IMG_6544-1.jpg 640w\" sizes=\"auto, (max-width: 300px) 100vw, 300px\" \/><figcaption class=\"blocks-gallery-item__caption\">Lechbrucker Panoramaweg<\/figcaption><\/figure><\/li><\/ul><\/figure>\n\n\n\n<p class=\"wp-block-paragraph\"><\/p>\n\n\n\n<p class=\"wp-block-paragraph\">Am Fronleichnamswochenende haben wir die Zeit genutzt und haben unsere Freunde Nicole und Manuel besucht und uns das sch\u00f6ne St\u00e4dtchen Passau angeschaut&#8230; <\/p>\n\n\n\n<figure class=\"wp-block-gallery columns-3 is-cropped wp-block-gallery-2 is-layout-flex wp-block-gallery-is-layout-flex\"><ul class=\"blocks-gallery-grid\"><li class=\"blocks-gallery-item\"><figure><img loading=\"lazy\" decoding=\"async\" width=\"640\" height=\"480\" src=\"https:\/\/ginaundseppontour.de\/wordpress\/wp-content\/uploads\/2020\/06\/IMG_6587.jpg\" alt=\"\" data-id=\"2521\" data-full-url=\"https:\/\/ginaundseppontour.de\/wordpress\/wp-content\/uploads\/2020\/06\/IMG_6587.jpg\" data-link=\"https:\/\/ginaundseppontour.de\/?attachment_id=2521\" class=\"wp-image-2521\" srcset=\"https:\/\/ginaundseppontour.de\/wordpress\/wp-content\/uploads\/2020\/06\/IMG_6587.jpg 640w, https:\/\/ginaundseppontour.de\/wordpress\/wp-content\/uploads\/2020\/06\/IMG_6587-300x225.jpg 300w\" sizes=\"auto, (max-width: 640px) 100vw, 640px\" \/><figcaption class=\"blocks-gallery-item__caption\">Wandern entlang der Ilz<\/figcaption><\/figure><\/li><li class=\"blocks-gallery-item\"><figure><img loading=\"lazy\" decoding=\"async\" width=\"480\" height=\"640\" src=\"https:\/\/ginaundseppontour.de\/wordpress\/wp-content\/uploads\/2020\/06\/IMG_6575-rotated.jpg\" alt=\"\" data-id=\"2518\" data-full-url=\"https:\/\/ginaundseppontour.de\/wordpress\/wp-content\/uploads\/2020\/06\/IMG_6575-rotated.jpg\" data-link=\"https:\/\/ginaundseppontour.de\/?attachment_id=2518\" class=\"wp-image-2518\" srcset=\"https:\/\/ginaundseppontour.de\/wordpress\/wp-content\/uploads\/2020\/06\/IMG_6575-rotated.jpg 480w, https:\/\/ginaundseppontour.de\/wordpress\/wp-content\/uploads\/2020\/06\/IMG_6575-225x300.jpg 225w\" sizes=\"auto, (max-width: 480px) 100vw, 480px\" \/><\/figure><\/li><li class=\"blocks-gallery-item\"><figure><img loading=\"lazy\" decoding=\"async\" width=\"480\" height=\"640\" src=\"https:\/\/ginaundseppontour.de\/wordpress\/wp-content\/uploads\/2020\/06\/IMG_6585-rotated.jpg\" alt=\"\" data-id=\"2520\" data-full-url=\"https:\/\/ginaundseppontour.de\/wordpress\/wp-content\/uploads\/2020\/06\/IMG_6585-rotated.jpg\" data-link=\"https:\/\/ginaundseppontour.de\/?attachment_id=2520\" class=\"wp-image-2520\" srcset=\"https:\/\/ginaundseppontour.de\/wordpress\/wp-content\/uploads\/2020\/06\/IMG_6585-rotated.jpg 480w, https:\/\/ginaundseppontour.de\/wordpress\/wp-content\/uploads\/2020\/06\/IMG_6585-225x300.jpg 225w\" sizes=\"auto, (max-width: 480px) 100vw, 480px\" \/><\/figure><\/li><li class=\"blocks-gallery-item\"><figure><img loading=\"lazy\" decoding=\"async\" width=\"480\" height=\"640\" src=\"https:\/\/ginaundseppontour.de\/wordpress\/wp-content\/uploads\/2020\/06\/IMG_6584-rotated.jpg\" alt=\"\" data-id=\"2519\" data-full-url=\"https:\/\/ginaundseppontour.de\/wordpress\/wp-content\/uploads\/2020\/06\/IMG_6584-rotated.jpg\" data-link=\"https:\/\/ginaundseppontour.de\/?attachment_id=2519\" class=\"wp-image-2519\" srcset=\"https:\/\/ginaundseppontour.de\/wordpress\/wp-content\/uploads\/2020\/06\/IMG_6584-rotated.jpg 480w, https:\/\/ginaundseppontour.de\/wordpress\/wp-content\/uploads\/2020\/06\/IMG_6584-225x300.jpg 225w\" sizes=\"auto, (max-width: 480px) 100vw, 480px\" \/><\/figure><\/li><li class=\"blocks-gallery-item\"><figure><img loading=\"lazy\" decoding=\"async\" width=\"640\" height=\"480\" src=\"https:\/\/ginaundseppontour.de\/wordpress\/wp-content\/uploads\/2020\/06\/IMG_6594.jpg\" alt=\"\" data-id=\"2515\" data-full-url=\"https:\/\/ginaundseppontour.de\/wordpress\/wp-content\/uploads\/2020\/06\/IMG_6594.jpg\" data-link=\"https:\/\/ginaundseppontour.de\/?attachment_id=2515\" class=\"wp-image-2515\" srcset=\"https:\/\/ginaundseppontour.de\/wordpress\/wp-content\/uploads\/2020\/06\/IMG_6594.jpg 640w, https:\/\/ginaundseppontour.de\/wordpress\/wp-content\/uploads\/2020\/06\/IMG_6594-300x225.jpg 300w\" sizes=\"auto, (max-width: 640px) 100vw, 640px\" \/><figcaption class=\"blocks-gallery-item__caption\">Auf der Veste Oberhaus<\/figcaption><\/figure><\/li><li class=\"blocks-gallery-item\"><figure><img loading=\"lazy\" decoding=\"async\" width=\"640\" height=\"480\" src=\"https:\/\/ginaundseppontour.de\/wordpress\/wp-content\/uploads\/2020\/06\/IMG_6590.jpg\" alt=\"\" data-id=\"2522\" data-full-url=\"https:\/\/ginaundseppontour.de\/wordpress\/wp-content\/uploads\/2020\/06\/IMG_6590.jpg\" data-link=\"https:\/\/ginaundseppontour.de\/?attachment_id=2522\" class=\"wp-image-2522\" srcset=\"https:\/\/ginaundseppontour.de\/wordpress\/wp-content\/uploads\/2020\/06\/IMG_6590.jpg 640w, https:\/\/ginaundseppontour.de\/wordpress\/wp-content\/uploads\/2020\/06\/IMG_6590-300x225.jpg 300w\" sizes=\"auto, (max-width: 640px) 100vw, 640px\" \/><\/figure><\/li><li class=\"blocks-gallery-item\"><figure><img loading=\"lazy\" decoding=\"async\" width=\"640\" height=\"480\" src=\"https:\/\/ginaundseppontour.de\/wordpress\/wp-content\/uploads\/2020\/06\/IMG_6591.jpg\" alt=\"\" data-id=\"2516\" data-full-url=\"https:\/\/ginaundseppontour.de\/wordpress\/wp-content\/uploads\/2020\/06\/IMG_6591.jpg\" data-link=\"https:\/\/ginaundseppontour.de\/?attachment_id=2516\" class=\"wp-image-2516\" srcset=\"https:\/\/ginaundseppontour.de\/wordpress\/wp-content\/uploads\/2020\/06\/IMG_6591.jpg 640w, https:\/\/ginaundseppontour.de\/wordpress\/wp-content\/uploads\/2020\/06\/IMG_6591-300x225.jpg 300w\" sizes=\"auto, (max-width: 640px) 100vw, 640px\" \/><\/figure><\/li><li class=\"blocks-gallery-item\"><figure><img loading=\"lazy\" decoding=\"async\" width=\"1024\" height=\"768\" src=\"https:\/\/ginaundseppontour.de\/wordpress\/wp-content\/uploads\/2020\/06\/86861a3f-4e7e-4d9d-8a68-25adaabb20af-1024x768.jpg\" alt=\"\" data-id=\"2514\" data-full-url=\"https:\/\/ginaundseppontour.de\/wordpress\/wp-content\/uploads\/2020\/06\/86861a3f-4e7e-4d9d-8a68-25adaabb20af.jpg\" data-link=\"https:\/\/ginaundseppontour.de\/?attachment_id=2514\" class=\"wp-image-2514\" srcset=\"https:\/\/ginaundseppontour.de\/wordpress\/wp-content\/uploads\/2020\/06\/86861a3f-4e7e-4d9d-8a68-25adaabb20af-1024x768.jpg 1024w, https:\/\/ginaundseppontour.de\/wordpress\/wp-content\/uploads\/2020\/06\/86861a3f-4e7e-4d9d-8a68-25adaabb20af-300x225.jpg 300w, https:\/\/ginaundseppontour.de\/wordpress\/wp-content\/uploads\/2020\/06\/86861a3f-4e7e-4d9d-8a68-25adaabb20af-768x576.jpg 768w, https:\/\/ginaundseppontour.de\/wordpress\/wp-content\/uploads\/2020\/06\/86861a3f-4e7e-4d9d-8a68-25adaabb20af-1536x1152.jpg 1536w, https:\/\/ginaundseppontour.de\/wordpress\/wp-content\/uploads\/2020\/06\/86861a3f-4e7e-4d9d-8a68-25adaabb20af-676x507.jpg 676w, https:\/\/ginaundseppontour.de\/wordpress\/wp-content\/uploads\/2020\/06\/86861a3f-4e7e-4d9d-8a68-25adaabb20af.jpg 1600w\" sizes=\"auto, (max-width: 1024px) 100vw, 1024px\" \/><\/figure><\/li><\/ul><\/figure>\n","protected":false},"excerpt":{"rendered":"<p>Nachdem man endlich wieder unterwegs sein kann sind wir am Pfingstwochenende nach Lechbruck am See gefahren. Ein toller Campingplatz mit eingez\u00e4unten Hundepl\u00e4tzen und einer sehr sch\u00f6nen Hundespielwiese \ud83d\ude00 Am Fronleichnamswochenende haben wir die Zeit genutzt und haben unsere Freunde Nicole und Manuel besucht und uns das sch\u00f6ne St\u00e4dtchen Passau angeschaut&#8230;<\/p>\n","protected":false},"author":1,"featured_media":0,"parent":0,"menu_order":0,"comment_status":"closed","ping_status":"closed","template":"","meta":{"_crdt_document":"","pgc_sgb_lightbox_settings":"","footnotes":""},"class_list":["post-2539","page","type-page","status-publish","hentry"],"_links":{"self":[{"href":"https:\/\/ginaundseppontour.de\/index.php?rest_route=\/wp\/v2\/pages\/2539","targetHints":{"allow":["GET"]}}],"collection":[{"href":"https:\/\/ginaundseppontour.de\/index.php?rest_route=\/wp\/v2\/pages"}],"about":[{"href":"https:\/\/ginaundseppontour.de\/index.php?rest_route=\/wp\/v2\/types\/page"}],"author":[{"embeddable":true,"href":"https:\/\/ginaundseppontour.de\/index.php?rest_route=\/wp\/v2\/users\/1"}],"replies":[{"embeddable":true,"href":"https:\/\/ginaundseppontour.de\/index.php?rest_route=%2Fwp%2Fv2%2Fcomments&post=2539"}],"version-history":[{"count":7,"href":"https:\/\/ginaundseppontour.de\/index.php?rest_route=\/wp\/v2\/pages\/2539\/revisions"}],"predecessor-version":[{"id":2547,"href":"https:\/\/ginaundseppontour.de\/index.php?rest_route=\/wp\/v2\/pages\/2539\/revisions\/2547"}],"wp:attachment":[{"href":"https:\/\/ginaundseppontour.de\/index.php?rest_route=%2Fwp%2Fv2%2Fmedia&parent=2539"}],"curies":[{"name":"wp","href":"https:\/\/api.w.org\/{rel}","templated":true}]}}