{"id":2296,"date":"2019-08-22T06:14:18","date_gmt":"2019-08-22T05:14:18","guid":{"rendered":"http:\/\/ginaundseppontour.de\/?page_id=2296"},"modified":"2019-08-22T06:25:02","modified_gmt":"2019-08-22T05:25:02","slug":"kurztrip-viechtach","status":"publish","type":"page","link":"https:\/\/ginaundseppontour.de\/?page_id=2296","title":{"rendered":"Kurztrip Viechtach"},"content":{"rendered":"\n<p class=\"wp-block-paragraph\">\u00dcber das verl\u00e4ngerte Mari\u00e4 Himmelfahrt Wochenende sind wir nach Viechtach auf den Knaus Campingplatz gefahren. Dort hatten wir einen eingez\u00e4unten Stellplatz und eine Hundespielwiese, es war also ein tierisch sch\u00f6nes Wochenende \ud83d\ude00 Ein wenig wandern und relaxen waren auf dem Programm gestanden&#8230; <\/p>\n\n\n\n<ul class=\"wp-block-gallery columns-3 is-cropped wp-block-gallery-1 is-layout-flex wp-block-gallery-is-layout-flex\"><li class=\"blocks-gallery-item\"><figure><img loading=\"lazy\" decoding=\"async\" width=\"480\" height=\"640\" src=\"https:\/\/ginaundseppontour.de\/wordpress\/wp-content\/uploads\/2019\/08\/IMG_5493-e1566451134425.jpg\" alt=\"\" data-id=\"2305\" data-link=\"https:\/\/ginaundseppontour.de\/?attachment_id=2305\" class=\"wp-image-2305\" srcset=\"https:\/\/ginaundseppontour.de\/wordpress\/wp-content\/uploads\/2019\/08\/IMG_5493-e1566451134425.jpg 480w, https:\/\/ginaundseppontour.de\/wordpress\/wp-content\/uploads\/2019\/08\/IMG_5493-e1566451134425-225x300.jpg 225w\" sizes=\"auto, (max-width: 480px) 100vw, 480px\" \/><figcaption>Sch\u00f6ne Wanderwege&#8230;<\/figcaption><\/figure><\/li><li class=\"blocks-gallery-item\"><figure><img loading=\"lazy\" decoding=\"async\" width=\"480\" height=\"640\" src=\"https:\/\/ginaundseppontour.de\/wordpress\/wp-content\/uploads\/2019\/08\/IMG_5491.jpg\" alt=\"\" data-id=\"2304\" data-link=\"https:\/\/ginaundseppontour.de\/?attachment_id=2304\" class=\"wp-image-2304\" srcset=\"https:\/\/ginaundseppontour.de\/wordpress\/wp-content\/uploads\/2019\/08\/IMG_5491.jpg 480w, https:\/\/ginaundseppontour.de\/wordpress\/wp-content\/uploads\/2019\/08\/IMG_5491-225x300.jpg 225w\" sizes=\"auto, (max-width: 480px) 100vw, 480px\" \/><figcaption>&#8230;entlang des &#8222;Pfahl&#8220;<\/figcaption><\/figure><\/li><li class=\"blocks-gallery-item\"><figure><img loading=\"lazy\" decoding=\"async\" width=\"480\" height=\"640\" src=\"https:\/\/ginaundseppontour.de\/wordpress\/wp-content\/uploads\/2019\/08\/IMG_5476-e1566451156929.jpg\" alt=\"\" data-id=\"2301\" data-link=\"https:\/\/ginaundseppontour.de\/?attachment_id=2301\" class=\"wp-image-2301\" srcset=\"https:\/\/ginaundseppontour.de\/wordpress\/wp-content\/uploads\/2019\/08\/IMG_5476-e1566451156929.jpg 480w, https:\/\/ginaundseppontour.de\/wordpress\/wp-content\/uploads\/2019\/08\/IMG_5476-e1566451156929-225x300.jpg 225w\" sizes=\"auto, (max-width: 480px) 100vw, 480px\" \/><\/figure><\/li><li class=\"blocks-gallery-item\"><figure><img loading=\"lazy\" decoding=\"async\" width=\"480\" height=\"640\" src=\"https:\/\/ginaundseppontour.de\/wordpress\/wp-content\/uploads\/2019\/08\/IMG_5484-e1566451147581.jpg\" alt=\"\" data-id=\"2302\" data-link=\"https:\/\/ginaundseppontour.de\/?attachment_id=2302\" class=\"wp-image-2302\" srcset=\"https:\/\/ginaundseppontour.de\/wordpress\/wp-content\/uploads\/2019\/08\/IMG_5484-e1566451147581.jpg 480w, https:\/\/ginaundseppontour.de\/wordpress\/wp-content\/uploads\/2019\/08\/IMG_5484-e1566451147581-225x300.jpg 225w\" sizes=\"auto, (max-width: 480px) 100vw, 480px\" \/><figcaption>Alter Quarzsteinbruch<\/figcaption><\/figure><\/li><li class=\"blocks-gallery-item\"><figure><img loading=\"lazy\" decoding=\"async\" width=\"640\" height=\"480\" src=\"https:\/\/ginaundseppontour.de\/wordpress\/wp-content\/uploads\/2019\/08\/IMG_5468.jpg\" alt=\"\" data-id=\"2300\" data-link=\"https:\/\/ginaundseppontour.de\/?attachment_id=2300\" class=\"wp-image-2300\" srcset=\"https:\/\/ginaundseppontour.de\/wordpress\/wp-content\/uploads\/2019\/08\/IMG_5468.jpg 640w, https:\/\/ginaundseppontour.de\/wordpress\/wp-content\/uploads\/2019\/08\/IMG_5468-300x225.jpg 300w\" sizes=\"auto, (max-width: 640px) 100vw, 640px\" \/><figcaption>Eingez\u00e4unter Stellplatz&#8230;<\/figcaption><\/figure><\/li><li class=\"blocks-gallery-item\"><figure><img loading=\"lazy\" decoding=\"async\" width=\"480\" height=\"640\" src=\"https:\/\/ginaundseppontour.de\/wordpress\/wp-content\/uploads\/2019\/08\/IMG_5495-e1566451124778.jpg\" alt=\"\" data-id=\"2306\" data-link=\"https:\/\/ginaundseppontour.de\/?attachment_id=2306\" class=\"wp-image-2306\" srcset=\"https:\/\/ginaundseppontour.de\/wordpress\/wp-content\/uploads\/2019\/08\/IMG_5495-e1566451124778.jpg 480w, https:\/\/ginaundseppontour.de\/wordpress\/wp-content\/uploads\/2019\/08\/IMG_5495-e1566451124778-225x300.jpg 225w\" sizes=\"auto, (max-width: 480px) 100vw, 480px\" \/><figcaption>&#8230;und Hundespielwiese<\/figcaption><\/figure><\/li><li class=\"blocks-gallery-item\"><figure><img loading=\"lazy\" decoding=\"async\" width=\"640\" height=\"480\" src=\"https:\/\/ginaundseppontour.de\/wordpress\/wp-content\/uploads\/2019\/08\/IMG_5473.jpg\" alt=\"\" data-id=\"2299\" data-link=\"https:\/\/ginaundseppontour.de\/?attachment_id=2299\" class=\"wp-image-2299\" srcset=\"https:\/\/ginaundseppontour.de\/wordpress\/wp-content\/uploads\/2019\/08\/IMG_5473.jpg 640w, https:\/\/ginaundseppontour.de\/wordpress\/wp-content\/uploads\/2019\/08\/IMG_5473-300x225.jpg 300w\" sizes=\"auto, (max-width: 640px) 100vw, 640px\" \/><figcaption>Das macht m\u00fcde \ud83d\ude42<\/figcaption><\/figure><\/li><\/ul>\n\n\n","protected":false},"excerpt":{"rendered":"<p>\u00dcber das verl\u00e4ngerte Mari\u00e4 Himmelfahrt Wochenende sind wir nach Viechtach auf den Knaus Campingplatz gefahren. Dort hatten wir einen eingez\u00e4unten Stellplatz und eine Hundespielwiese, es war also ein tierisch sch\u00f6nes Wochenende \ud83d\ude00 Ein wenig wandern und relaxen waren auf dem Programm gestanden&#8230;<\/p>\n","protected":false},"author":1,"featured_media":0,"parent":0,"menu_order":0,"comment_status":"closed","ping_status":"closed","template":"","meta":{"_crdt_document":"","pgc_sgb_lightbox_settings":"","footnotes":""},"class_list":["post-2296","page","type-page","status-publish","hentry"],"_links":{"self":[{"href":"https:\/\/ginaundseppontour.de\/index.php?rest_route=\/wp\/v2\/pages\/2296","targetHints":{"allow":["GET"]}}],"collection":[{"href":"https:\/\/ginaundseppontour.de\/index.php?rest_route=\/wp\/v2\/pages"}],"about":[{"href":"https:\/\/ginaundseppontour.de\/index.php?rest_route=\/wp\/v2\/types\/page"}],"author":[{"embeddable":true,"href":"https:\/\/ginaundseppontour.de\/index.php?rest_route=\/wp\/v2\/users\/1"}],"replies":[{"embeddable":true,"href":"https:\/\/ginaundseppontour.de\/index.php?rest_route=%2Fwp%2Fv2%2Fcomments&post=2296"}],"version-history":[{"count":4,"href":"https:\/\/ginaundseppontour.de\/index.php?rest_route=\/wp\/v2\/pages\/2296\/revisions"}],"predecessor-version":[{"id":2310,"href":"https:\/\/ginaundseppontour.de\/index.php?rest_route=\/wp\/v2\/pages\/2296\/revisions\/2310"}],"wp:attachment":[{"href":"https:\/\/ginaundseppontour.de\/index.php?rest_route=%2Fwp%2Fv2%2Fmedia&parent=2296"}],"curies":[{"name":"wp","href":"https:\/\/api.w.org\/{rel}","templated":true}]}}