{"id":2127,"date":"2018-07-02T06:57:14","date_gmt":"2018-07-02T05:57:14","guid":{"rendered":"http:\/\/ginaundseppontour.de\/?page_id=2127"},"modified":"2018-07-03T05:56:35","modified_gmt":"2018-07-03T04:56:35","slug":"spreewald","status":"publish","type":"page","link":"https:\/\/ginaundseppontour.de\/?page_id=2127","title":{"rendered":"Spreewald"},"content":{"rendered":"<p>Ende Juni sind wir f\u00fcr 5 Tage in den Spreewald gefahren.<\/p>\n<p>Die erste Nacht haben wir (mal wieder) in Dresden verbracht, dort gef\u00e4llt es uns einfach zu gut \ud83d\ude42<\/p>\n\n\t\t<style type=\"text\/css\">\n\t\t\t#gallery-1 {\n\t\t\t\tmargin: auto;\n\t\t\t}\n\t\t\t#gallery-1 .gallery-item {\n\t\t\t\tfloat: left;\n\t\t\t\tmargin-top: 10px;\n\t\t\t\ttext-align: center;\n\t\t\t\twidth: 33%;\n\t\t\t}\n\t\t\t#gallery-1 img {\n\t\t\t\tborder: 2px solid #cfcfcf;\n\t\t\t}\n\t\t\t#gallery-1 .gallery-caption {\n\t\t\t\tmargin-left: 0;\n\t\t\t}\n\t\t\t\/* see gallery_shortcode() in wp-includes\/media.php *\/\n\t\t<\/style>\n\t\t<div id='gallery-1' class='gallery galleryid-2127 gallery-columns-3 gallery-size-medium'><dl class='gallery-item'>\n\t\t\t<dt class='gallery-icon landscape'>\n\t\t\t\t<a href='https:\/\/ginaundseppontour.de\/wordpress\/wp-content\/uploads\/2018\/07\/IMG_3536.jpg'><img loading=\"lazy\" decoding=\"async\" width=\"300\" height=\"225\" src=\"https:\/\/ginaundseppontour.de\/wordpress\/wp-content\/uploads\/2018\/07\/IMG_3536-300x225.jpg\" class=\"attachment-medium size-medium\" alt=\"\" aria-describedby=\"gallery-1-2115\" srcset=\"https:\/\/ginaundseppontour.de\/wordpress\/wp-content\/uploads\/2018\/07\/IMG_3536-300x225.jpg 300w, https:\/\/ginaundseppontour.de\/wordpress\/wp-content\/uploads\/2018\/07\/IMG_3536.jpg 640w\" sizes=\"auto, (max-width: 300px) 100vw, 300px\" \/><\/a>\n\t\t\t<\/dt>\n\t\t\t\t<dd class='wp-caption-text gallery-caption' id='gallery-1-2115'>\n\t\t\t\tAbendstimmung am Elbufer\n\t\t\t\t<\/dd><\/dl><dl class='gallery-item'>\n\t\t\t<dt class='gallery-icon landscape'>\n\t\t\t\t<a href='https:\/\/ginaundseppontour.de\/wordpress\/wp-content\/uploads\/2018\/07\/IMG_3537.jpg'><img loading=\"lazy\" decoding=\"async\" width=\"300\" height=\"225\" src=\"https:\/\/ginaundseppontour.de\/wordpress\/wp-content\/uploads\/2018\/07\/IMG_3537-300x225.jpg\" class=\"attachment-medium size-medium\" alt=\"\" srcset=\"https:\/\/ginaundseppontour.de\/wordpress\/wp-content\/uploads\/2018\/07\/IMG_3537-300x225.jpg 300w, https:\/\/ginaundseppontour.de\/wordpress\/wp-content\/uploads\/2018\/07\/IMG_3537.jpg 640w\" sizes=\"auto, (max-width: 300px) 100vw, 300px\" \/><\/a>\n\t\t\t<\/dt><\/dl>\n\t\t\t<br style='clear: both' \/>\n\t\t<\/div>\n\n<p>Am Donnerstag sind wir dann nach L\u00fcbben gefahren und haben dort auf dem Spreewald-Camping unser Lager aufgeschlagen.<\/p>\n<p>Sepp war am \u00a0Freitag auf dem Spreewaldring zum Kurventraining&#8230;<\/p>\n<p>Ansonsten haben wir es uns einfach gut gehen lassen, sind an der Spree spazieren gegangen, sind ein wenig Motorrad gefahren und haben einfach \u00a0nur gechillt \ud83d\ude42<\/p>\n\n\t\t<style type=\"text\/css\">\n\t\t\t#gallery-2 {\n\t\t\t\tmargin: auto;\n\t\t\t}\n\t\t\t#gallery-2 .gallery-item {\n\t\t\t\tfloat: left;\n\t\t\t\tmargin-top: 10px;\n\t\t\t\ttext-align: center;\n\t\t\t\twidth: 33%;\n\t\t\t}\n\t\t\t#gallery-2 img {\n\t\t\t\tborder: 2px solid #cfcfcf;\n\t\t\t}\n\t\t\t#gallery-2 .gallery-caption {\n\t\t\t\tmargin-left: 0;\n\t\t\t}\n\t\t\t\/* see gallery_shortcode() in wp-includes\/media.php *\/\n\t\t<\/style>\n\t\t<div id='gallery-2' class='gallery galleryid-2127 gallery-columns-3 gallery-size-medium'><dl class='gallery-item'>\n\t\t\t<dt class='gallery-icon landscape'>\n\t\t\t\t<a href='https:\/\/ginaundseppontour.de\/wordpress\/wp-content\/uploads\/2018\/07\/29874e0e-d3f6-4429-a496-fa4471afa433.jpg'><img loading=\"lazy\" decoding=\"async\" width=\"300\" height=\"169\" src=\"https:\/\/ginaundseppontour.de\/wordpress\/wp-content\/uploads\/2018\/07\/29874e0e-d3f6-4429-a496-fa4471afa433-300x169.jpg\" class=\"attachment-medium size-medium\" alt=\"\" aria-describedby=\"gallery-2-2113\" srcset=\"https:\/\/ginaundseppontour.de\/wordpress\/wp-content\/uploads\/2018\/07\/29874e0e-d3f6-4429-a496-fa4471afa433-300x169.jpg 300w, https:\/\/ginaundseppontour.de\/wordpress\/wp-content\/uploads\/2018\/07\/29874e0e-d3f6-4429-a496-fa4471afa433-768x432.jpg 768w, https:\/\/ginaundseppontour.de\/wordpress\/wp-content\/uploads\/2018\/07\/29874e0e-d3f6-4429-a496-fa4471afa433-1024x576.jpg 1024w, https:\/\/ginaundseppontour.de\/wordpress\/wp-content\/uploads\/2018\/07\/29874e0e-d3f6-4429-a496-fa4471afa433-676x380.jpg 676w, https:\/\/ginaundseppontour.de\/wordpress\/wp-content\/uploads\/2018\/07\/29874e0e-d3f6-4429-a496-fa4471afa433.jpg 1496w\" sizes=\"auto, (max-width: 300px) 100vw, 300px\" \/><\/a>\n\t\t\t<\/dt>\n\t\t\t\t<dd class='wp-caption-text gallery-caption' id='gallery-2-2113'>\n\t\t\t\tAm Campingplatz\n\t\t\t\t<\/dd><\/dl><dl class='gallery-item'>\n\t\t\t<dt class='gallery-icon landscape'>\n\t\t\t\t<a href='https:\/\/ginaundseppontour.de\/wordpress\/wp-content\/uploads\/2018\/07\/IMG_3583.jpg'><img loading=\"lazy\" decoding=\"async\" width=\"300\" height=\"225\" src=\"https:\/\/ginaundseppontour.de\/wordpress\/wp-content\/uploads\/2018\/07\/IMG_3583-300x225.jpg\" class=\"attachment-medium size-medium\" alt=\"\" aria-describedby=\"gallery-2-2124\" srcset=\"https:\/\/ginaundseppontour.de\/wordpress\/wp-content\/uploads\/2018\/07\/IMG_3583-300x225.jpg 300w, https:\/\/ginaundseppontour.de\/wordpress\/wp-content\/uploads\/2018\/07\/IMG_3583.jpg 640w\" sizes=\"auto, (max-width: 300px) 100vw, 300px\" \/><\/a>\n\t\t\t<\/dt>\n\t\t\t\t<dd class='wp-caption-text gallery-caption' id='gallery-2-2124'>\n\t\t\t\tGuten Morgen \ud83d\ude42\n\t\t\t\t<\/dd><\/dl><dl class='gallery-item'>\n\t\t\t<dt class='gallery-icon portrait'>\n\t\t\t\t<a href='https:\/\/ginaundseppontour.de\/wordpress\/wp-content\/uploads\/2018\/07\/IMG_3586-e1530528624182.jpg'><img loading=\"lazy\" decoding=\"async\" width=\"225\" height=\"300\" src=\"https:\/\/ginaundseppontour.de\/wordpress\/wp-content\/uploads\/2018\/07\/IMG_3586-e1530528624182-225x300.jpg\" class=\"attachment-medium size-medium\" alt=\"\" aria-describedby=\"gallery-2-2125\" srcset=\"https:\/\/ginaundseppontour.de\/wordpress\/wp-content\/uploads\/2018\/07\/IMG_3586-e1530528624182-225x300.jpg 225w, https:\/\/ginaundseppontour.de\/wordpress\/wp-content\/uploads\/2018\/07\/IMG_3586-e1530528624182.jpg 480w\" sizes=\"auto, (max-width: 225px) 100vw, 225px\" \/><\/a>\n\t\t\t<\/dt>\n\t\t\t\t<dd class='wp-caption-text gallery-caption' id='gallery-2-2125'>\n\t\t\t\tEntlang der Spree\n\t\t\t\t<\/dd><\/dl><br style=\"clear: both\" \/><dl class='gallery-item'>\n\t\t\t<dt class='gallery-icon landscape'>\n\t\t\t\t<a href='https:\/\/ginaundseppontour.de\/wordpress\/wp-content\/uploads\/2018\/07\/IMG_3564-e1530528638278.jpg'><img loading=\"lazy\" decoding=\"async\" width=\"300\" height=\"225\" src=\"https:\/\/ginaundseppontour.de\/wordpress\/wp-content\/uploads\/2018\/07\/IMG_3564-e1530528638278-300x225.jpg\" class=\"attachment-medium size-medium\" alt=\"\" aria-describedby=\"gallery-2-2123\" srcset=\"https:\/\/ginaundseppontour.de\/wordpress\/wp-content\/uploads\/2018\/07\/IMG_3564-e1530528638278-300x225.jpg 300w, https:\/\/ginaundseppontour.de\/wordpress\/wp-content\/uploads\/2018\/07\/IMG_3564-e1530528638278.jpg 640w\" sizes=\"auto, (max-width: 300px) 100vw, 300px\" \/><\/a>\n\t\t\t<\/dt>\n\t\t\t\t<dd class='wp-caption-text gallery-caption' id='gallery-2-2123'>\n\t\t\t\tSch\u00f6ne K\u00e4n\u00e4le\n\t\t\t\t<\/dd><\/dl><dl class='gallery-item'>\n\t\t\t<dt class='gallery-icon portrait'>\n\t\t\t\t<a href='https:\/\/ginaundseppontour.de\/wordpress\/wp-content\/uploads\/2018\/07\/IMG_3562-e1530528647143.jpg'><img loading=\"lazy\" decoding=\"async\" width=\"225\" height=\"300\" src=\"https:\/\/ginaundseppontour.de\/wordpress\/wp-content\/uploads\/2018\/07\/IMG_3562-e1530528647143-225x300.jpg\" class=\"attachment-medium size-medium\" alt=\"\" aria-describedby=\"gallery-2-2122\" srcset=\"https:\/\/ginaundseppontour.de\/wordpress\/wp-content\/uploads\/2018\/07\/IMG_3562-e1530528647143-225x300.jpg 225w, https:\/\/ginaundseppontour.de\/wordpress\/wp-content\/uploads\/2018\/07\/IMG_3562-e1530528647143.jpg 480w\" sizes=\"auto, (max-width: 225px) 100vw, 225px\" \/><\/a>\n\t\t\t<\/dt>\n\t\t\t\t<dd class='wp-caption-text gallery-caption' id='gallery-2-2122'>\n\t\t\t\tDie Hauptspree\n\t\t\t\t<\/dd><\/dl><dl class='gallery-item'>\n\t\t\t<dt class='gallery-icon portrait'>\n\t\t\t\t<a href='https:\/\/ginaundseppontour.de\/wordpress\/wp-content\/uploads\/2018\/07\/IMG_3555-e1530528665600.jpg'><img loading=\"lazy\" decoding=\"async\" width=\"225\" height=\"300\" src=\"https:\/\/ginaundseppontour.de\/wordpress\/wp-content\/uploads\/2018\/07\/IMG_3555-e1530528665600-225x300.jpg\" class=\"attachment-medium size-medium\" alt=\"\" aria-describedby=\"gallery-2-2120\" srcset=\"https:\/\/ginaundseppontour.de\/wordpress\/wp-content\/uploads\/2018\/07\/IMG_3555-e1530528665600-225x300.jpg 225w, https:\/\/ginaundseppontour.de\/wordpress\/wp-content\/uploads\/2018\/07\/IMG_3555-e1530528665600.jpg 480w\" sizes=\"auto, (max-width: 225px) 100vw, 225px\" \/><\/a>\n\t\t\t<\/dt>\n\t\t\t\t<dd class='wp-caption-text gallery-caption' id='gallery-2-2120'>\n\t\t\t\tund unz\u00e4hlige Nebenarme\n\t\t\t\t<\/dd><\/dl><br style=\"clear: both\" \/><dl class='gallery-item'>\n\t\t\t<dt class='gallery-icon landscape'>\n\t\t\t\t<a href='https:\/\/ginaundseppontour.de\/wordpress\/wp-content\/uploads\/2018\/07\/IMG_3544.jpg'><img loading=\"lazy\" decoding=\"async\" width=\"300\" height=\"225\" src=\"https:\/\/ginaundseppontour.de\/wordpress\/wp-content\/uploads\/2018\/07\/IMG_3544-300x225.jpg\" class=\"attachment-medium size-medium\" alt=\"\" aria-describedby=\"gallery-2-2117\" srcset=\"https:\/\/ginaundseppontour.de\/wordpress\/wp-content\/uploads\/2018\/07\/IMG_3544-300x225.jpg 300w, https:\/\/ginaundseppontour.de\/wordpress\/wp-content\/uploads\/2018\/07\/IMG_3544.jpg 640w\" sizes=\"auto, (max-width: 300px) 100vw, 300px\" \/><\/a>\n\t\t\t<\/dt>\n\t\t\t\t<dd class='wp-caption-text gallery-caption' id='gallery-2-2117'>\n\t\t\t\tSpreebad\n\t\t\t\t<\/dd><\/dl><dl class='gallery-item'>\n\t\t\t<dt class='gallery-icon portrait'>\n\t\t\t\t<a href='https:\/\/ginaundseppontour.de\/wordpress\/wp-content\/uploads\/2018\/07\/IMG_3546-e1530528682499.jpg'><img loading=\"lazy\" decoding=\"async\" width=\"225\" height=\"300\" src=\"https:\/\/ginaundseppontour.de\/wordpress\/wp-content\/uploads\/2018\/07\/IMG_3546-e1530528682499-225x300.jpg\" class=\"attachment-medium size-medium\" alt=\"\" srcset=\"https:\/\/ginaundseppontour.de\/wordpress\/wp-content\/uploads\/2018\/07\/IMG_3546-e1530528682499-225x300.jpg 225w, https:\/\/ginaundseppontour.de\/wordpress\/wp-content\/uploads\/2018\/07\/IMG_3546-e1530528682499.jpg 480w\" sizes=\"auto, (max-width: 225px) 100vw, 225px\" \/><\/a>\n\t\t\t<\/dt><\/dl><dl class='gallery-item'>\n\t\t\t<dt class='gallery-icon landscape'>\n\t\t\t\t<a href='https:\/\/ginaundseppontour.de\/wordpress\/wp-content\/uploads\/2018\/07\/IMG_3553.jpg'><img loading=\"lazy\" decoding=\"async\" width=\"300\" height=\"225\" src=\"https:\/\/ginaundseppontour.de\/wordpress\/wp-content\/uploads\/2018\/07\/IMG_3553-300x225.jpg\" class=\"attachment-medium size-medium\" alt=\"\" aria-describedby=\"gallery-2-2119\" srcset=\"https:\/\/ginaundseppontour.de\/wordpress\/wp-content\/uploads\/2018\/07\/IMG_3553-300x225.jpg 300w, https:\/\/ginaundseppontour.de\/wordpress\/wp-content\/uploads\/2018\/07\/IMG_3553.jpg 640w\" sizes=\"auto, (max-width: 300px) 100vw, 300px\" \/><\/a>\n\t\t\t<\/dt>\n\t\t\t\t<dd class='wp-caption-text gallery-caption' id='gallery-2-2119'>\n\t\t\t\tTraumhaft\n\t\t\t\t<\/dd><\/dl><br style=\"clear: both\" \/><dl class='gallery-item'>\n\t\t\t<dt class='gallery-icon landscape'>\n\t\t\t\t<a href='https:\/\/ginaundseppontour.de\/wordpress\/wp-content\/uploads\/2018\/07\/IMG_3594-e1530528612233.jpg'><img loading=\"lazy\" decoding=\"async\" width=\"300\" height=\"225\" src=\"https:\/\/ginaundseppontour.de\/wordpress\/wp-content\/uploads\/2018\/07\/IMG_3594-e1530528612233-300x225.jpg\" class=\"attachment-medium size-medium\" alt=\"\" aria-describedby=\"gallery-2-2126\" srcset=\"https:\/\/ginaundseppontour.de\/wordpress\/wp-content\/uploads\/2018\/07\/IMG_3594-e1530528612233-300x225.jpg 300w, https:\/\/ginaundseppontour.de\/wordpress\/wp-content\/uploads\/2018\/07\/IMG_3594-e1530528612233.jpg 640w\" sizes=\"auto, (max-width: 300px) 100vw, 300px\" \/><\/a>\n\t\t\t<\/dt>\n\t\t\t\t<dd class='wp-caption-text gallery-caption' id='gallery-2-2126'>\n\t\t\t\t\ud83d\ude00\n\t\t\t\t<\/dd><\/dl><dl class='gallery-item'>\n\t\t\t<dt class='gallery-icon portrait'>\n\t\t\t\t<a href='https:\/\/ginaundseppontour.de\/wordpress\/wp-content\/uploads\/2018\/07\/9bc95aff-8175-425e-8e74-b82b1d942761.jpg'><img loading=\"lazy\" decoding=\"async\" width=\"169\" height=\"300\" src=\"https:\/\/ginaundseppontour.de\/wordpress\/wp-content\/uploads\/2018\/07\/9bc95aff-8175-425e-8e74-b82b1d942761-169x300.jpg\" class=\"attachment-medium size-medium\" alt=\"\" srcset=\"https:\/\/ginaundseppontour.de\/wordpress\/wp-content\/uploads\/2018\/07\/9bc95aff-8175-425e-8e74-b82b1d942761-169x300.jpg 169w, https:\/\/ginaundseppontour.de\/wordpress\/wp-content\/uploads\/2018\/07\/9bc95aff-8175-425e-8e74-b82b1d942761-576x1024.jpg 576w, https:\/\/ginaundseppontour.de\/wordpress\/wp-content\/uploads\/2018\/07\/9bc95aff-8175-425e-8e74-b82b1d942761-676x1202.jpg 676w, https:\/\/ginaundseppontour.de\/wordpress\/wp-content\/uploads\/2018\/07\/9bc95aff-8175-425e-8e74-b82b1d942761.jpg 729w\" sizes=\"auto, (max-width: 169px) 100vw, 169px\" \/><\/a>\n\t\t\t<\/dt><\/dl><dl class='gallery-item'>\n\t\t\t<dt class='gallery-icon portrait'>\n\t\t\t\t<a href='https:\/\/ginaundseppontour.de\/wordpress\/wp-content\/uploads\/2018\/07\/19ba5de7-809c-4671-931f-aa081d88076f.jpg'><img loading=\"lazy\" decoding=\"async\" width=\"169\" height=\"300\" src=\"https:\/\/ginaundseppontour.de\/wordpress\/wp-content\/uploads\/2018\/07\/19ba5de7-809c-4671-931f-aa081d88076f-169x300.jpg\" class=\"attachment-medium size-medium\" alt=\"\" srcset=\"https:\/\/ginaundseppontour.de\/wordpress\/wp-content\/uploads\/2018\/07\/19ba5de7-809c-4671-931f-aa081d88076f-169x300.jpg 169w, https:\/\/ginaundseppontour.de\/wordpress\/wp-content\/uploads\/2018\/07\/19ba5de7-809c-4671-931f-aa081d88076f-768x1366.jpg 768w, https:\/\/ginaundseppontour.de\/wordpress\/wp-content\/uploads\/2018\/07\/19ba5de7-809c-4671-931f-aa081d88076f-576x1024.jpg 576w, https:\/\/ginaundseppontour.de\/wordpress\/wp-content\/uploads\/2018\/07\/19ba5de7-809c-4671-931f-aa081d88076f-676x1202.jpg 676w, https:\/\/ginaundseppontour.de\/wordpress\/wp-content\/uploads\/2018\/07\/19ba5de7-809c-4671-931f-aa081d88076f.jpg 899w\" sizes=\"auto, (max-width: 169px) 100vw, 169px\" \/><\/a>\n\t\t\t<\/dt><\/dl><br style=\"clear: both\" \/>\n\t\t<\/div>\n\n","protected":false},"excerpt":{"rendered":"<p>Ende Juni sind wir f\u00fcr 5 Tage in den Spreewald gefahren. Die erste Nacht haben wir (mal wieder) in Dresden verbracht, dort gef\u00e4llt es uns einfach zu gut \ud83d\ude42 Am Donnerstag sind wir dann nach L\u00fcbben gefahren und haben dort auf dem Spreewald-Camping unser Lager aufgeschlagen. Sepp war am \u00a0Freitag auf dem Spreewaldring zum Kurventraining&#8230; [&hellip;]<\/p>\n","protected":false},"author":1,"featured_media":0,"parent":0,"menu_order":0,"comment_status":"closed","ping_status":"closed","template":"","meta":{"_crdt_document":"","pgc_sgb_lightbox_settings":"","footnotes":""},"class_list":["post-2127","page","type-page","status-publish","hentry"],"_links":{"self":[{"href":"https:\/\/ginaundseppontour.de\/index.php?rest_route=\/wp\/v2\/pages\/2127","targetHints":{"allow":["GET"]}}],"collection":[{"href":"https:\/\/ginaundseppontour.de\/index.php?rest_route=\/wp\/v2\/pages"}],"about":[{"href":"https:\/\/ginaundseppontour.de\/index.php?rest_route=\/wp\/v2\/types\/page"}],"author":[{"embeddable":true,"href":"https:\/\/ginaundseppontour.de\/index.php?rest_route=\/wp\/v2\/users\/1"}],"replies":[{"embeddable":true,"href":"https:\/\/ginaundseppontour.de\/index.php?rest_route=%2Fwp%2Fv2%2Fcomments&post=2127"}],"version-history":[{"count":7,"href":"https:\/\/ginaundseppontour.de\/index.php?rest_route=\/wp\/v2\/pages\/2127\/revisions"}],"predecessor-version":[{"id":2135,"href":"https:\/\/ginaundseppontour.de\/index.php?rest_route=\/wp\/v2\/pages\/2127\/revisions\/2135"}],"wp:attachment":[{"href":"https:\/\/ginaundseppontour.de\/index.php?rest_route=%2Fwp%2Fv2%2Fmedia&parent=2127"}],"curies":[{"name":"wp","href":"https:\/\/api.w.org\/{rel}","templated":true}]}}