{"id":2106,"date":"2018-06-07T19:11:34","date_gmt":"2018-06-07T18:11:34","guid":{"rendered":"http:\/\/ginaundseppontour.de\/?page_id=2106"},"modified":"2018-06-07T19:11:34","modified_gmt":"2018-06-07T18:11:34","slug":"kurztrip-fronleichnam-2018","status":"publish","type":"page","link":"https:\/\/ginaundseppontour.de\/?page_id=2106","title":{"rendered":"Kurztrip Fronleichnam 2018"},"content":{"rendered":"<p>\u00dcber das verl\u00e4ngerte Fronleichnamswochenende sind wir an den Bleiloch-Stausee gefahren und haben dort einen wundersch\u00f6nen Tag verbracht. Leider hat es in der Nacht derma\u00dfen gesch\u00fcttet und der Campingplatz war nur noch eine Matschwiese. F\u00fcr die n\u00e4chsten Tage wurde das Wetter leider nicht besser angesagt und wir haben uns entschlossen diesen wundersch\u00f6nen Platz zu verlassen.<\/p>\n<p>Da wir uns nicht sicher waren wie das Wetter so allgemein wird haben wir uns entschieden in eine Stadt zu fahren und sind in das nur 100 km entfernte Bamberg auf den sehr sch\u00f6nen Insel-Campingplatz gefahren. Hier hatten wir strahlenden Sonnenschein, der auch das restliche Wochenende gehalten hat. Von dort aus sind wir ein wenig gewandert und haben 2 sch\u00f6ne Motorradtouren in die fr\u00e4nkische Schweiz gemacht. Leider haben wir hier irgendwie vergessen Fotos zu machen \ud83d\ude09<\/p>\n\n\t\t<style type=\"text\/css\">\n\t\t\t#gallery-1 {\n\t\t\t\tmargin: auto;\n\t\t\t}\n\t\t\t#gallery-1 .gallery-item {\n\t\t\t\tfloat: left;\n\t\t\t\tmargin-top: 10px;\n\t\t\t\ttext-align: center;\n\t\t\t\twidth: 33%;\n\t\t\t}\n\t\t\t#gallery-1 img {\n\t\t\t\tborder: 2px solid #cfcfcf;\n\t\t\t}\n\t\t\t#gallery-1 .gallery-caption {\n\t\t\t\tmargin-left: 0;\n\t\t\t}\n\t\t\t\/* see gallery_shortcode() in wp-includes\/media.php *\/\n\t\t<\/style>\n\t\t<div id='gallery-1' class='gallery galleryid-2106 gallery-columns-3 gallery-size-medium'><dl class='gallery-item'>\n\t\t\t<dt class='gallery-icon landscape'>\n\t\t\t\t<a href='https:\/\/ginaundseppontour.de\/wordpress\/wp-content\/uploads\/2018\/06\/35136c6b-05b6-4f18-a9b6-bc90eb88c223.jpg'><img loading=\"lazy\" decoding=\"async\" width=\"300\" height=\"114\" src=\"https:\/\/ginaundseppontour.de\/wordpress\/wp-content\/uploads\/2018\/06\/35136c6b-05b6-4f18-a9b6-bc90eb88c223-300x114.jpg\" class=\"attachment-medium size-medium\" alt=\"\" srcset=\"https:\/\/ginaundseppontour.de\/wordpress\/wp-content\/uploads\/2018\/06\/35136c6b-05b6-4f18-a9b6-bc90eb88c223-300x114.jpg 300w, https:\/\/ginaundseppontour.de\/wordpress\/wp-content\/uploads\/2018\/06\/35136c6b-05b6-4f18-a9b6-bc90eb88c223-768x292.jpg 768w, https:\/\/ginaundseppontour.de\/wordpress\/wp-content\/uploads\/2018\/06\/35136c6b-05b6-4f18-a9b6-bc90eb88c223-1024x389.jpg 1024w, https:\/\/ginaundseppontour.de\/wordpress\/wp-content\/uploads\/2018\/06\/35136c6b-05b6-4f18-a9b6-bc90eb88c223-676x257.jpg 676w, https:\/\/ginaundseppontour.de\/wordpress\/wp-content\/uploads\/2018\/06\/35136c6b-05b6-4f18-a9b6-bc90eb88c223.jpg 1037w\" sizes=\"auto, (max-width: 300px) 100vw, 300px\" \/><\/a>\n\t\t\t<\/dt><\/dl><dl class='gallery-item'>\n\t\t\t<dt class='gallery-icon landscape'>\n\t\t\t\t<a href='https:\/\/ginaundseppontour.de\/wordpress\/wp-content\/uploads\/2018\/06\/IMG_3378.jpg'><img loading=\"lazy\" decoding=\"async\" width=\"300\" height=\"225\" src=\"https:\/\/ginaundseppontour.de\/wordpress\/wp-content\/uploads\/2018\/06\/IMG_3378-300x225.jpg\" class=\"attachment-medium size-medium\" alt=\"\" aria-describedby=\"gallery-1-2098\" srcset=\"https:\/\/ginaundseppontour.de\/wordpress\/wp-content\/uploads\/2018\/06\/IMG_3378-300x225.jpg 300w, https:\/\/ginaundseppontour.de\/wordpress\/wp-content\/uploads\/2018\/06\/IMG_3378.jpg 640w\" sizes=\"auto, (max-width: 300px) 100vw, 300px\" \/><\/a>\n\t\t\t<\/dt>\n\t\t\t\t<dd class='wp-caption-text gallery-caption' id='gallery-1-2098'>\n\t\t\t\tDer Bleiloch-Stausee\n\t\t\t\t<\/dd><\/dl><dl class='gallery-item'>\n\t\t\t<dt class='gallery-icon landscape'>\n\t\t\t\t<a href='https:\/\/ginaundseppontour.de\/wordpress\/wp-content\/uploads\/2018\/06\/IMG_3367.jpg'><img loading=\"lazy\" decoding=\"async\" width=\"300\" height=\"109\" src=\"https:\/\/ginaundseppontour.de\/wordpress\/wp-content\/uploads\/2018\/06\/IMG_3367-300x109.jpg\" class=\"attachment-medium size-medium\" alt=\"\" aria-describedby=\"gallery-1-2095\" srcset=\"https:\/\/ginaundseppontour.de\/wordpress\/wp-content\/uploads\/2018\/06\/IMG_3367-300x109.jpg 300w, https:\/\/ginaundseppontour.de\/wordpress\/wp-content\/uploads\/2018\/06\/IMG_3367.jpg 640w\" sizes=\"auto, (max-width: 300px) 100vw, 300px\" \/><\/a>\n\t\t\t<\/dt>\n\t\t\t\t<dd class='wp-caption-text gallery-caption' id='gallery-1-2095'>\n\t\t\t\tWirklich sch\u00f6n hier\n\t\t\t\t<\/dd><\/dl><br style=\"clear: both\" \/><dl class='gallery-item'>\n\t\t\t<dt class='gallery-icon landscape'>\n\t\t\t\t<a href='https:\/\/ginaundseppontour.de\/wordpress\/wp-content\/uploads\/2018\/06\/IMG_3383.jpg'><img loading=\"lazy\" decoding=\"async\" width=\"300\" height=\"225\" src=\"https:\/\/ginaundseppontour.de\/wordpress\/wp-content\/uploads\/2018\/06\/IMG_3383-300x225.jpg\" class=\"attachment-medium size-medium\" alt=\"\" aria-describedby=\"gallery-1-2102\" srcset=\"https:\/\/ginaundseppontour.de\/wordpress\/wp-content\/uploads\/2018\/06\/IMG_3383-300x225.jpg 300w, https:\/\/ginaundseppontour.de\/wordpress\/wp-content\/uploads\/2018\/06\/IMG_3383.jpg 640w\" sizes=\"auto, (max-width: 300px) 100vw, 300px\" \/><\/a>\n\t\t\t<\/dt>\n\t\t\t\t<dd class='wp-caption-text gallery-caption' id='gallery-1-2102'>\n\t\t\t\tLucky genie\u00dft die Aussicht \ud83d\ude42\n\t\t\t\t<\/dd><\/dl><dl class='gallery-item'>\n\t\t\t<dt class='gallery-icon landscape'>\n\t\t\t\t<a href='https:\/\/ginaundseppontour.de\/wordpress\/wp-content\/uploads\/2018\/06\/IMG_3384.jpg'><img loading=\"lazy\" decoding=\"async\" width=\"300\" height=\"225\" src=\"https:\/\/ginaundseppontour.de\/wordpress\/wp-content\/uploads\/2018\/06\/IMG_3384-300x225.jpg\" class=\"attachment-medium size-medium\" alt=\"\" aria-describedby=\"gallery-1-2101\" srcset=\"https:\/\/ginaundseppontour.de\/wordpress\/wp-content\/uploads\/2018\/06\/IMG_3384-300x225.jpg 300w, https:\/\/ginaundseppontour.de\/wordpress\/wp-content\/uploads\/2018\/06\/IMG_3384.jpg 640w\" sizes=\"auto, (max-width: 300px) 100vw, 300px\" \/><\/a>\n\t\t\t<\/dt>\n\t\t\t\t<dd class='wp-caption-text gallery-caption' id='gallery-1-2101'>\n\t\t\t\t\ud83d\ude42\n\t\t\t\t<\/dd><\/dl><dl class='gallery-item'>\n\t\t\t<dt class='gallery-icon landscape'>\n\t\t\t\t<a href='https:\/\/ginaundseppontour.de\/wordpress\/wp-content\/uploads\/2018\/06\/IMG_3380.jpg'><img loading=\"lazy\" decoding=\"async\" width=\"300\" height=\"225\" src=\"https:\/\/ginaundseppontour.de\/wordpress\/wp-content\/uploads\/2018\/06\/IMG_3380-300x225.jpg\" class=\"attachment-medium size-medium\" alt=\"\" aria-describedby=\"gallery-1-2099\" srcset=\"https:\/\/ginaundseppontour.de\/wordpress\/wp-content\/uploads\/2018\/06\/IMG_3380-300x225.jpg 300w, https:\/\/ginaundseppontour.de\/wordpress\/wp-content\/uploads\/2018\/06\/IMG_3380.jpg 640w\" sizes=\"auto, (max-width: 300px) 100vw, 300px\" \/><\/a>\n\t\t\t<\/dt>\n\t\t\t\t<dd class='wp-caption-text gallery-caption' id='gallery-1-2099'>\n\t\t\t\tAbendessen mit Blick auf den See\n\t\t\t\t<\/dd><\/dl><br style=\"clear: both\" \/><dl class='gallery-item'>\n\t\t\t<dt class='gallery-icon landscape'>\n\t\t\t\t<a href='https:\/\/ginaundseppontour.de\/wordpress\/wp-content\/uploads\/2018\/06\/IMG_3385.jpg'><img loading=\"lazy\" decoding=\"async\" width=\"300\" height=\"225\" src=\"https:\/\/ginaundseppontour.de\/wordpress\/wp-content\/uploads\/2018\/06\/IMG_3385-300x225.jpg\" class=\"attachment-medium size-medium\" alt=\"\" aria-describedby=\"gallery-1-2100\" srcset=\"https:\/\/ginaundseppontour.de\/wordpress\/wp-content\/uploads\/2018\/06\/IMG_3385-300x225.jpg 300w, https:\/\/ginaundseppontour.de\/wordpress\/wp-content\/uploads\/2018\/06\/IMG_3385.jpg 640w\" sizes=\"auto, (max-width: 300px) 100vw, 300px\" \/><\/a>\n\t\t\t<\/dt>\n\t\t\t\t<dd class='wp-caption-text gallery-caption' id='gallery-1-2100'>\n\t\t\t\tund ein wundersch\u00f6ner Sonnenuntergang\n\t\t\t\t<\/dd><\/dl><dl class='gallery-item'>\n\t\t\t<dt class='gallery-icon landscape'>\n\t\t\t\t<a href='https:\/\/ginaundseppontour.de\/wordpress\/wp-content\/uploads\/2018\/06\/IMG_3391.jpg'><img loading=\"lazy\" decoding=\"async\" width=\"300\" height=\"225\" src=\"https:\/\/ginaundseppontour.de\/wordpress\/wp-content\/uploads\/2018\/06\/IMG_3391-300x225.jpg\" class=\"attachment-medium size-medium\" alt=\"\" aria-describedby=\"gallery-1-2103\" srcset=\"https:\/\/ginaundseppontour.de\/wordpress\/wp-content\/uploads\/2018\/06\/IMG_3391-300x225.jpg 300w, https:\/\/ginaundseppontour.de\/wordpress\/wp-content\/uploads\/2018\/06\/IMG_3391.jpg 640w\" sizes=\"auto, (max-width: 300px) 100vw, 300px\" \/><\/a>\n\t\t\t<\/dt>\n\t\t\t\t<dd class='wp-caption-text gallery-caption' id='gallery-1-2103'>\n\t\t\t\tLucky liebt das WoMo\n\t\t\t\t<\/dd><\/dl><dl class='gallery-item'>\n\t\t\t<dt class='gallery-icon portrait'>\n\t\t\t\t<a href='https:\/\/ginaundseppontour.de\/wordpress\/wp-content\/uploads\/2018\/06\/108754e8-e60c-447c-90e5-ca3cca3f7e38.jpg'><img loading=\"lazy\" decoding=\"async\" width=\"225\" height=\"300\" src=\"https:\/\/ginaundseppontour.de\/wordpress\/wp-content\/uploads\/2018\/06\/108754e8-e60c-447c-90e5-ca3cca3f7e38-225x300.jpg\" class=\"attachment-medium size-medium\" alt=\"\" aria-describedby=\"gallery-1-2105\" srcset=\"https:\/\/ginaundseppontour.de\/wordpress\/wp-content\/uploads\/2018\/06\/108754e8-e60c-447c-90e5-ca3cca3f7e38-225x300.jpg 225w, https:\/\/ginaundseppontour.de\/wordpress\/wp-content\/uploads\/2018\/06\/108754e8-e60c-447c-90e5-ca3cca3f7e38-768x1024.jpg 768w, https:\/\/ginaundseppontour.de\/wordpress\/wp-content\/uploads\/2018\/06\/108754e8-e60c-447c-90e5-ca3cca3f7e38-676x901.jpg 676w, https:\/\/ginaundseppontour.de\/wordpress\/wp-content\/uploads\/2018\/06\/108754e8-e60c-447c-90e5-ca3cca3f7e38.jpg 960w\" sizes=\"auto, (max-width: 225px) 100vw, 225px\" \/><\/a>\n\t\t\t<\/dt>\n\t\t\t\t<dd class='wp-caption-text gallery-caption' id='gallery-1-2105'>\n\t\t\t\tEispause bei der Motorradtour\n\t\t\t\t<\/dd><\/dl><br style=\"clear: both\" \/>\n\t\t<\/div>\n\n","protected":false},"excerpt":{"rendered":"<p>\u00dcber das verl\u00e4ngerte Fronleichnamswochenende sind wir an den Bleiloch-Stausee gefahren und haben dort einen wundersch\u00f6nen Tag verbracht. Leider hat es in der Nacht derma\u00dfen gesch\u00fcttet und der Campingplatz war nur noch eine Matschwiese. F\u00fcr die n\u00e4chsten Tage wurde das Wetter leider nicht besser angesagt und wir haben uns entschlossen diesen wundersch\u00f6nen Platz zu verlassen. Da [&hellip;]<\/p>\n","protected":false},"author":1,"featured_media":0,"parent":0,"menu_order":0,"comment_status":"closed","ping_status":"closed","template":"","meta":{"_crdt_document":"","pgc_sgb_lightbox_settings":"","footnotes":""},"class_list":["post-2106","page","type-page","status-publish","hentry"],"_links":{"self":[{"href":"https:\/\/ginaundseppontour.de\/index.php?rest_route=\/wp\/v2\/pages\/2106","targetHints":{"allow":["GET"]}}],"collection":[{"href":"https:\/\/ginaundseppontour.de\/index.php?rest_route=\/wp\/v2\/pages"}],"about":[{"href":"https:\/\/ginaundseppontour.de\/index.php?rest_route=\/wp\/v2\/types\/page"}],"author":[{"embeddable":true,"href":"https:\/\/ginaundseppontour.de\/index.php?rest_route=\/wp\/v2\/users\/1"}],"replies":[{"embeddable":true,"href":"https:\/\/ginaundseppontour.de\/index.php?rest_route=%2Fwp%2Fv2%2Fcomments&post=2106"}],"version-history":[{"count":1,"href":"https:\/\/ginaundseppontour.de\/index.php?rest_route=\/wp\/v2\/pages\/2106\/revisions"}],"predecessor-version":[{"id":2107,"href":"https:\/\/ginaundseppontour.de\/index.php?rest_route=\/wp\/v2\/pages\/2106\/revisions\/2107"}],"wp:attachment":[{"href":"https:\/\/ginaundseppontour.de\/index.php?rest_route=%2Fwp%2Fv2%2Fmedia&parent=2106"}],"curies":[{"name":"wp","href":"https:\/\/api.w.org\/{rel}","templated":true}]}}