{"id":2075,"date":"2018-03-25T18:25:14","date_gmt":"2018-03-25T17:25:14","guid":{"rendered":"http:\/\/ginaundseppontour.de\/?page_id=2075"},"modified":"2018-03-26T05:54:40","modified_gmt":"2018-03-26T04:54:40","slug":"kurztrip-belgien","status":"publish","type":"page","link":"https:\/\/ginaundseppontour.de\/?page_id=2075","title":{"rendered":"Kurztrip Belgien"},"content":{"rendered":"<p>Das letzte M\u00e4rz-Wochenende sind wir nach Belgien gefahren. Au\u00dfer Motorr\u00e4dern haben wir jedoch nicht allzu viel gesehen \ud83d\ude09<\/p>\n<p>Sepp hat sich ein neues (gebrauchtes) Motorrad gekauft&#8230;<\/p>\n\n\t\t<style type=\"text\/css\">\n\t\t\t#gallery-1 {\n\t\t\t\tmargin: auto;\n\t\t\t}\n\t\t\t#gallery-1 .gallery-item {\n\t\t\t\tfloat: left;\n\t\t\t\tmargin-top: 10px;\n\t\t\t\ttext-align: center;\n\t\t\t\twidth: 33%;\n\t\t\t}\n\t\t\t#gallery-1 img {\n\t\t\t\tborder: 2px solid #cfcfcf;\n\t\t\t}\n\t\t\t#gallery-1 .gallery-caption {\n\t\t\t\tmargin-left: 0;\n\t\t\t}\n\t\t\t\/* see gallery_shortcode() in wp-includes\/media.php *\/\n\t\t<\/style>\n\t\t<div id='gallery-1' class='gallery galleryid-2075 gallery-columns-3 gallery-size-medium'><dl class='gallery-item'>\n\t\t\t<dt class='gallery-icon landscape'>\n\t\t\t\t<a href='https:\/\/ginaundseppontour.de\/wordpress\/wp-content\/uploads\/2018\/03\/IMG_2925.jpg'><img loading=\"lazy\" decoding=\"async\" width=\"300\" height=\"225\" src=\"https:\/\/ginaundseppontour.de\/wordpress\/wp-content\/uploads\/2018\/03\/IMG_2925-300x225.jpg\" class=\"attachment-medium size-medium\" alt=\"\" aria-describedby=\"gallery-1-2084\" srcset=\"https:\/\/ginaundseppontour.de\/wordpress\/wp-content\/uploads\/2018\/03\/IMG_2925-300x225.jpg 300w, https:\/\/ginaundseppontour.de\/wordpress\/wp-content\/uploads\/2018\/03\/IMG_2925.jpg 640w\" sizes=\"auto, (max-width: 300px) 100vw, 300px\" \/><\/a>\n\t\t\t<\/dt>\n\t\t\t\t<dd class='wp-caption-text gallery-caption' id='gallery-1-2084'>\n\t\t\t\tDie Neue\n\t\t\t\t<\/dd><\/dl><dl class='gallery-item'>\n\t\t\t<dt class='gallery-icon portrait'>\n\t\t\t\t<a href='https:\/\/ginaundseppontour.de\/wordpress\/wp-content\/uploads\/2018\/03\/IMG_2926-e1522040033676.jpg'><img loading=\"lazy\" decoding=\"async\" width=\"225\" height=\"300\" src=\"https:\/\/ginaundseppontour.de\/wordpress\/wp-content\/uploads\/2018\/03\/IMG_2926-e1522040033676-225x300.jpg\" class=\"attachment-medium size-medium\" alt=\"\" srcset=\"https:\/\/ginaundseppontour.de\/wordpress\/wp-content\/uploads\/2018\/03\/IMG_2926-e1522040033676-225x300.jpg 225w, https:\/\/ginaundseppontour.de\/wordpress\/wp-content\/uploads\/2018\/03\/IMG_2926-e1522040033676.jpg 480w\" sizes=\"auto, (max-width: 225px) 100vw, 225px\" \/><\/a>\n\t\t\t<\/dt><\/dl><dl class='gallery-item'>\n\t\t\t<dt class='gallery-icon landscape'>\n\t\t\t\t<a href='https:\/\/ginaundseppontour.de\/wordpress\/wp-content\/uploads\/2018\/03\/IMG_2922.jpg'><img loading=\"lazy\" decoding=\"async\" width=\"300\" height=\"225\" src=\"https:\/\/ginaundseppontour.de\/wordpress\/wp-content\/uploads\/2018\/03\/IMG_2922-300x225.jpg\" class=\"attachment-medium size-medium\" alt=\"\" srcset=\"https:\/\/ginaundseppontour.de\/wordpress\/wp-content\/uploads\/2018\/03\/IMG_2922-300x225.jpg 300w, https:\/\/ginaundseppontour.de\/wordpress\/wp-content\/uploads\/2018\/03\/IMG_2922.jpg 640w\" sizes=\"auto, (max-width: 300px) 100vw, 300px\" \/><\/a>\n\t\t\t<\/dt><\/dl><br style=\"clear: both\" \/><dl class='gallery-item'>\n\t\t\t<dt class='gallery-icon portrait'>\n\t\t\t\t<a href='https:\/\/ginaundseppontour.de\/wordpress\/wp-content\/uploads\/2018\/03\/9151e925-5dc0-413f-9365-9d860e6ae089.jpg'><img loading=\"lazy\" decoding=\"async\" width=\"225\" height=\"300\" src=\"https:\/\/ginaundseppontour.de\/wordpress\/wp-content\/uploads\/2018\/03\/9151e925-5dc0-413f-9365-9d860e6ae089-225x300.jpg\" class=\"attachment-medium size-medium\" alt=\"\" aria-describedby=\"gallery-1-2078\" srcset=\"https:\/\/ginaundseppontour.de\/wordpress\/wp-content\/uploads\/2018\/03\/9151e925-5dc0-413f-9365-9d860e6ae089-225x300.jpg 225w, https:\/\/ginaundseppontour.de\/wordpress\/wp-content\/uploads\/2018\/03\/9151e925-5dc0-413f-9365-9d860e6ae089-768x1024.jpg 768w, https:\/\/ginaundseppontour.de\/wordpress\/wp-content\/uploads\/2018\/03\/9151e925-5dc0-413f-9365-9d860e6ae089-676x901.jpg 676w, https:\/\/ginaundseppontour.de\/wordpress\/wp-content\/uploads\/2018\/03\/9151e925-5dc0-413f-9365-9d860e6ae089.jpg 960w\" sizes=\"auto, (max-width: 225px) 100vw, 225px\" \/><\/a>\n\t\t\t<\/dt>\n\t\t\t\t<dd class='wp-caption-text gallery-caption' id='gallery-1-2078'>\n\t\t\t\tZwischenstopp an der Mosel&#8230;\n\t\t\t\t<\/dd><\/dl><dl class='gallery-item'>\n\t\t\t<dt class='gallery-icon landscape'>\n\t\t\t\t<a href='https:\/\/ginaundseppontour.de\/wordpress\/wp-content\/uploads\/2018\/03\/IMG_2930.jpg'><img loading=\"lazy\" decoding=\"async\" width=\"300\" height=\"225\" src=\"https:\/\/ginaundseppontour.de\/wordpress\/wp-content\/uploads\/2018\/03\/IMG_2930-300x225.jpg\" class=\"attachment-medium size-medium\" alt=\"\" aria-describedby=\"gallery-1-2082\" srcset=\"https:\/\/ginaundseppontour.de\/wordpress\/wp-content\/uploads\/2018\/03\/IMG_2930-300x225.jpg 300w, https:\/\/ginaundseppontour.de\/wordpress\/wp-content\/uploads\/2018\/03\/IMG_2930.jpg 640w\" sizes=\"auto, (max-width: 300px) 100vw, 300px\" \/><\/a>\n\t\t\t<\/dt>\n\t\t\t\t<dd class='wp-caption-text gallery-caption' id='gallery-1-2082'>\n\t\t\t\t&#8230;in Trier\n\t\t\t\t<\/dd><\/dl><dl class='gallery-item'>\n\t\t\t<dt class='gallery-icon landscape'>\n\t\t\t\t<a href='https:\/\/ginaundseppontour.de\/wordpress\/wp-content\/uploads\/2018\/03\/IMG_2929.jpg'><img loading=\"lazy\" decoding=\"async\" width=\"300\" height=\"173\" src=\"https:\/\/ginaundseppontour.de\/wordpress\/wp-content\/uploads\/2018\/03\/IMG_2929-300x173.jpg\" class=\"attachment-medium size-medium\" alt=\"\" aria-describedby=\"gallery-1-2079\" srcset=\"https:\/\/ginaundseppontour.de\/wordpress\/wp-content\/uploads\/2018\/03\/IMG_2929-300x173.jpg 300w, https:\/\/ginaundseppontour.de\/wordpress\/wp-content\/uploads\/2018\/03\/IMG_2929.jpg 640w\" sizes=\"auto, (max-width: 300px) 100vw, 300px\" \/><\/a>\n\t\t\t<\/dt>\n\t\t\t\t<dd class='wp-caption-text gallery-caption' id='gallery-1-2079'>\n\t\t\t\tUnser neues Gespann\n\t\t\t\t<\/dd><\/dl><br style=\"clear: both\" \/>\n\t\t<\/div>\n\n","protected":false},"excerpt":{"rendered":"<p>Das letzte M\u00e4rz-Wochenende sind wir nach Belgien gefahren. Au\u00dfer Motorr\u00e4dern haben wir jedoch nicht allzu viel gesehen \ud83d\ude09 Sepp hat sich ein neues (gebrauchtes) Motorrad gekauft&#8230;<\/p>\n","protected":false},"author":1,"featured_media":0,"parent":0,"menu_order":0,"comment_status":"closed","ping_status":"closed","template":"","meta":{"_crdt_document":"","pgc_sgb_lightbox_settings":"","footnotes":""},"class_list":["post-2075","page","type-page","status-publish","hentry"],"_links":{"self":[{"href":"https:\/\/ginaundseppontour.de\/index.php?rest_route=\/wp\/v2\/pages\/2075","targetHints":{"allow":["GET"]}}],"collection":[{"href":"https:\/\/ginaundseppontour.de\/index.php?rest_route=\/wp\/v2\/pages"}],"about":[{"href":"https:\/\/ginaundseppontour.de\/index.php?rest_route=\/wp\/v2\/types\/page"}],"author":[{"embeddable":true,"href":"https:\/\/ginaundseppontour.de\/index.php?rest_route=\/wp\/v2\/users\/1"}],"replies":[{"embeddable":true,"href":"https:\/\/ginaundseppontour.de\/index.php?rest_route=%2Fwp%2Fv2%2Fcomments&post=2075"}],"version-history":[{"count":3,"href":"https:\/\/ginaundseppontour.de\/index.php?rest_route=\/wp\/v2\/pages\/2075\/revisions"}],"predecessor-version":[{"id":2086,"href":"https:\/\/ginaundseppontour.de\/index.php?rest_route=\/wp\/v2\/pages\/2075\/revisions\/2086"}],"wp:attachment":[{"href":"https:\/\/ginaundseppontour.de\/index.php?rest_route=%2Fwp%2Fv2%2Fmedia&parent=2075"}],"curies":[{"name":"wp","href":"https:\/\/api.w.org\/{rel}","templated":true}]}}