{"id":2,"date":"2014-11-06T10:51:04","date_gmt":"2014-11-06T10:51:04","guid":{"rendered":"http:\/\/ginaundseppontour.de\/blog\/?page_id=2"},"modified":"2023-02-28T05:47:08","modified_gmt":"2023-02-28T04:47:08","slug":"beispiel-seite","status":"publish","type":"page","link":"https:\/\/ginaundseppontour.de\/?page_id=2","title":{"rendered":"\u00dcber uns"},"content":{"rendered":"<div class=\"wp-block-image\">\n<figure class=\"aligncenter\"><a href=\"https:\/\/ginaundseppontour.de\/wordpress\/wp-content\/uploads\/2019\/10\/4743b374-34eb-47a4-9301-2e47a7c418d9.jpg\"><img loading=\"lazy\" decoding=\"async\" width=\"1024\" height=\"768\" src=\"https:\/\/ginaundseppontour.de\/wordpress\/wp-content\/uploads\/2019\/10\/4743b374-34eb-47a4-9301-2e47a7c418d9-1024x768.jpg\" alt=\"\" class=\"wp-image-2360\" srcset=\"https:\/\/ginaundseppontour.de\/wordpress\/wp-content\/uploads\/2019\/10\/4743b374-34eb-47a4-9301-2e47a7c418d9-1024x768.jpg 1024w, https:\/\/ginaundseppontour.de\/wordpress\/wp-content\/uploads\/2019\/10\/4743b374-34eb-47a4-9301-2e47a7c418d9-300x225.jpg 300w, https:\/\/ginaundseppontour.de\/wordpress\/wp-content\/uploads\/2019\/10\/4743b374-34eb-47a4-9301-2e47a7c418d9-768x576.jpg 768w, https:\/\/ginaundseppontour.de\/wordpress\/wp-content\/uploads\/2019\/10\/4743b374-34eb-47a4-9301-2e47a7c418d9-676x507.jpg 676w, https:\/\/ginaundseppontour.de\/wordpress\/wp-content\/uploads\/2019\/10\/4743b374-34eb-47a4-9301-2e47a7c418d9.jpg 1600w\" sizes=\"auto, (max-width: 1024px) 100vw, 1024px\" \/><\/a><figcaption class=\"wp-element-caption\">Sepp und Gina<\/figcaption><\/figure>\n<\/div>\n\n\n<figure class=\"wp-block-gallery has-nested-images columns-2 is-cropped wp-block-gallery-1 is-layout-flex wp-block-gallery-is-layout-flex\">\n<figure class=\"wp-block-image size-large\"><a href=\"https:\/\/ginaundseppontour.de\/wordpress\/wp-content\/uploads\/2020\/01\/IMG_5351-e1578296461869.jpg\"><img loading=\"lazy\" decoding=\"async\" width=\"180\" height=\"205\" data-id=\"2496\" src=\"https:\/\/ginaundseppontour.de\/wordpress\/wp-content\/uploads\/2020\/01\/IMG_5351-e1578296461869.jpg\" alt=\"\" class=\"wp-image-2496\"\/><\/a><figcaption class=\"wp-element-caption\">Lucky<\/figcaption><\/figure>\n\n\n\n<figure class=\"wp-block-image size-large\"><a href=\"https:\/\/ginaundseppontour.de\/wordpress\/wp-content\/uploads\/2018\/10\/IMG_4322-e1578296358219.jpg\"><img loading=\"lazy\" decoding=\"async\" width=\"160\" height=\"213\" data-id=\"2195\" src=\"https:\/\/ginaundseppontour.de\/wordpress\/wp-content\/uploads\/2018\/10\/IMG_4322-e1578296358219.jpg\" alt=\"\" class=\"wp-image-2195\"\/><\/a><figcaption class=\"wp-element-caption\">Hannah<\/figcaption><\/figure>\n<\/figure>\n\n\n\n<blockquote class=\"wp-block-quote is-layout-flow wp-block-quote-is-layout-flow\">\n<p class=\"wp-block-paragraph\">&#8222;Jede Wurzel braucht a Wasser, jedes Leben braucht an Sinn<\/p>\n\n\n\n<p class=\"wp-block-paragraph\">ich sp\u00fcr\u00b4s auf bestimmte Weise, wann i auf der Suche bin.<\/p>\n\n\n\n<p class=\"wp-block-paragraph\">Jede Wurzel braucht a Wasser, jedes Leben braucht an Sinn<\/p>\n\n\n\n<p class=\"wp-block-paragraph\">mir geht\u00b4s besser, wann i auf der Reise bin.&#8220;<\/p>\n\n\n\n<p class=\"wp-block-paragraph\">(Verfasser: Wurzelwasser)<\/p>\n<\/blockquote>\n\n\n\n<p class=\"wp-block-paragraph\">Hallo, wir sind die Gina und der Sepp aus dem sch\u00f6nen Altm\u00fchltal.<\/p>\n\n\n\n<p class=\"wp-block-paragraph\">Am Liebsten sind wir am Meer und erkunden mit unserem WoMo den wundersch\u00f6nen S\u00fcden Europas&#8230;<\/p>\n\n\n\n<p class=\"wp-block-paragraph\">Vor einiger Zeit haben wir beschlossen, dass 6 Wochen Urlaub im Jahr viel zu wenig sind und es doch voll cool w\u00e4re wenn der Urlaub einfach mal nicht aufh\u00f6ren w\u00fcrde&#8230;.<\/p>\n\n\n\n<p class=\"wp-block-paragraph\">Gesagt getan, wir haben beide Sabbaticals beantragt und 2016&nbsp;waren wir f\u00fcr 7 Monate auf Reisen durch S\u00fcdeuropa. N\u00e4heres siehe On Tour 2016 \ud83d\ude42<\/p>\n\n\n\n<p class=\"wp-block-paragraph\">Die 7 Monate 2016 haben noch lange nicht ausgereicht und wir sind umso mehr vom Reisevirus infiziert&#8230;<\/p>\n","protected":false},"excerpt":{"rendered":"<p>&#8222;Jede Wurzel braucht a Wasser, jedes Leben braucht an Sinn ich sp\u00fcr\u00b4s auf bestimmte Weise, wann i auf der Suche bin. Jede Wurzel braucht a Wasser, jedes Leben braucht an Sinn mir geht\u00b4s besser, wann i auf der Reise bin.&#8220; (Verfasser: Wurzelwasser) Hallo, wir sind die Gina und der Sepp aus dem sch\u00f6nen Altm\u00fchltal. Am [&hellip;]<\/p>\n","protected":false},"author":1,"featured_media":0,"parent":0,"menu_order":0,"comment_status":"open","ping_status":"open","template":"template-fullwidth.php","meta":{"_crdt_document":"","pgc_sgb_lightbox_settings":"","footnotes":""},"class_list":["post-2","page","type-page","status-publish","hentry"],"_links":{"self":[{"href":"https:\/\/ginaundseppontour.de\/index.php?rest_route=\/wp\/v2\/pages\/2","targetHints":{"allow":["GET"]}}],"collection":[{"href":"https:\/\/ginaundseppontour.de\/index.php?rest_route=\/wp\/v2\/pages"}],"about":[{"href":"https:\/\/ginaundseppontour.de\/index.php?rest_route=\/wp\/v2\/types\/page"}],"author":[{"embeddable":true,"href":"https:\/\/ginaundseppontour.de\/index.php?rest_route=\/wp\/v2\/users\/1"}],"replies":[{"embeddable":true,"href":"https:\/\/ginaundseppontour.de\/index.php?rest_route=%2Fwp%2Fv2%2Fcomments&post=2"}],"version-history":[{"count":37,"href":"https:\/\/ginaundseppontour.de\/index.php?rest_route=\/wp\/v2\/pages\/2\/revisions"}],"predecessor-version":[{"id":3564,"href":"https:\/\/ginaundseppontour.de\/index.php?rest_route=\/wp\/v2\/pages\/2\/revisions\/3564"}],"wp:attachment":[{"href":"https:\/\/ginaundseppontour.de\/index.php?rest_route=%2Fwp%2Fv2%2Fmedia&parent=2"}],"curies":[{"name":"wp","href":"https:\/\/api.w.org\/{rel}","templated":true}]}}