{"id":1801,"date":"2017-06-20T07:09:16","date_gmt":"2017-06-20T06:09:16","guid":{"rendered":"http:\/\/ginaundseppontour.de\/?page_id=1801"},"modified":"2017-06-23T10:54:21","modified_gmt":"2017-06-23T09:54:21","slug":"osten-2017","status":"publish","type":"page","link":"https:\/\/ginaundseppontour.de\/?page_id=1801","title":{"rendered":"Kurztrip Fronleichnam"},"content":{"rendered":"<p>\u00dcber das verl\u00e4ngerte Fronleichnamswochenende sind wir Richtung Polen aufgebrochen.<\/p>\n<p>Die erste Station war Breslau (Wroclaw). Eine sehr sch\u00f6ne Stadt mit einem sch\u00f6nen Altstadtkern.<\/p>\n<p>Weiter ging es nach G\u00f6rlitz, auch eine wundersch\u00f6ne Altstadt. Leider hatten wir am Freitag sehr schlechtes Wetter und es hat nur f\u00fcr einen kleinen Stadtbummel gereicht.<\/p>\n<p>Am Samstag ging es dann nach Dresden. Wir waren sch\u00f6n \u00f6fter dort und es ist wirklich immer wieder sehr sch\u00f6n!!!<\/p>\n\n\t\t<style type=\"text\/css\">\n\t\t\t#gallery-1 {\n\t\t\t\tmargin: auto;\n\t\t\t}\n\t\t\t#gallery-1 .gallery-item {\n\t\t\t\tfloat: left;\n\t\t\t\tmargin-top: 10px;\n\t\t\t\ttext-align: center;\n\t\t\t\twidth: 33%;\n\t\t\t}\n\t\t\t#gallery-1 img {\n\t\t\t\tborder: 2px solid #cfcfcf;\n\t\t\t}\n\t\t\t#gallery-1 .gallery-caption {\n\t\t\t\tmargin-left: 0;\n\t\t\t}\n\t\t\t\/* see gallery_shortcode() in wp-includes\/media.php *\/\n\t\t<\/style>\n\t\t<div id='gallery-1' class='gallery galleryid-1801 gallery-columns-3 gallery-size-medium'><dl class='gallery-item'>\n\t\t\t<dt class='gallery-icon portrait'>\n\t\t\t\t<a href='https:\/\/ginaundseppontour.de\/wordpress\/wp-content\/uploads\/2017\/06\/IMG_7061.jpg'><img loading=\"lazy\" decoding=\"async\" width=\"225\" height=\"300\" src=\"https:\/\/ginaundseppontour.de\/wordpress\/wp-content\/uploads\/2017\/06\/IMG_7061-225x300.jpg\" class=\"attachment-medium size-medium\" alt=\"\" aria-describedby=\"gallery-1-1799\" srcset=\"https:\/\/ginaundseppontour.de\/wordpress\/wp-content\/uploads\/2017\/06\/IMG_7061-225x300.jpg 225w, https:\/\/ginaundseppontour.de\/wordpress\/wp-content\/uploads\/2017\/06\/IMG_7061-768x1024.jpg 768w, https:\/\/ginaundseppontour.de\/wordpress\/wp-content\/uploads\/2017\/06\/IMG_7061-676x901.jpg 676w\" sizes=\"auto, (max-width: 225px) 100vw, 225px\" \/><\/a>\n\t\t\t<\/dt>\n\t\t\t\t<dd class='wp-caption-text gallery-caption' id='gallery-1-1799'>\n\t\t\t\tDie Altstadt&#8230;\n\t\t\t\t<\/dd><\/dl><dl class='gallery-item'>\n\t\t\t<dt class='gallery-icon portrait'>\n\t\t\t\t<a href='https:\/\/ginaundseppontour.de\/wordpress\/wp-content\/uploads\/2017\/06\/IMG_7060.jpg'><img loading=\"lazy\" decoding=\"async\" width=\"225\" height=\"300\" src=\"https:\/\/ginaundseppontour.de\/wordpress\/wp-content\/uploads\/2017\/06\/IMG_7060-225x300.jpg\" class=\"attachment-medium size-medium\" alt=\"\" aria-describedby=\"gallery-1-1796\" srcset=\"https:\/\/ginaundseppontour.de\/wordpress\/wp-content\/uploads\/2017\/06\/IMG_7060-225x300.jpg 225w, https:\/\/ginaundseppontour.de\/wordpress\/wp-content\/uploads\/2017\/06\/IMG_7060-768x1024.jpg 768w, https:\/\/ginaundseppontour.de\/wordpress\/wp-content\/uploads\/2017\/06\/IMG_7060-676x901.jpg 676w\" sizes=\"auto, (max-width: 225px) 100vw, 225px\" \/><\/a>\n\t\t\t<\/dt>\n\t\t\t\t<dd class='wp-caption-text gallery-caption' id='gallery-1-1796'>\n\t\t\t\t&#8230;von Breslau\n\t\t\t\t<\/dd><\/dl><dl class='gallery-item'>\n\t\t\t<dt class='gallery-icon landscape'>\n\t\t\t\t<a href='https:\/\/ginaundseppontour.de\/wordpress\/wp-content\/uploads\/2017\/06\/IMG_7065.jpg'><img loading=\"lazy\" decoding=\"async\" width=\"300\" height=\"225\" src=\"https:\/\/ginaundseppontour.de\/wordpress\/wp-content\/uploads\/2017\/06\/IMG_7065-300x225.jpg\" class=\"attachment-medium size-medium\" alt=\"\" aria-describedby=\"gallery-1-1790\" srcset=\"https:\/\/ginaundseppontour.de\/wordpress\/wp-content\/uploads\/2017\/06\/IMG_7065-300x225.jpg 300w, https:\/\/ginaundseppontour.de\/wordpress\/wp-content\/uploads\/2017\/06\/IMG_7065-768x576.jpg 768w, https:\/\/ginaundseppontour.de\/wordpress\/wp-content\/uploads\/2017\/06\/IMG_7065-1024x768.jpg 1024w, https:\/\/ginaundseppontour.de\/wordpress\/wp-content\/uploads\/2017\/06\/IMG_7065-676x507.jpg 676w\" sizes=\"auto, (max-width: 300px) 100vw, 300px\" \/><\/a>\n\t\t\t<\/dt>\n\t\t\t\t<dd class='wp-caption-text gallery-caption' id='gallery-1-1790'>\n\t\t\t\tBreslauer Rathaus\n\t\t\t\t<\/dd><\/dl><br style=\"clear: both\" \/><dl class='gallery-item'>\n\t\t\t<dt class='gallery-icon portrait'>\n\t\t\t\t<a href='https:\/\/ginaundseppontour.de\/wordpress\/wp-content\/uploads\/2017\/06\/IMG_7064.jpg'><img loading=\"lazy\" decoding=\"async\" width=\"225\" height=\"300\" src=\"https:\/\/ginaundseppontour.de\/wordpress\/wp-content\/uploads\/2017\/06\/IMG_7064-225x300.jpg\" class=\"attachment-medium size-medium\" alt=\"\" aria-describedby=\"gallery-1-1798\" srcset=\"https:\/\/ginaundseppontour.de\/wordpress\/wp-content\/uploads\/2017\/06\/IMG_7064-225x300.jpg 225w, https:\/\/ginaundseppontour.de\/wordpress\/wp-content\/uploads\/2017\/06\/IMG_7064-768x1024.jpg 768w, https:\/\/ginaundseppontour.de\/wordpress\/wp-content\/uploads\/2017\/06\/IMG_7064-676x901.jpg 676w\" sizes=\"auto, (max-width: 225px) 100vw, 225px\" \/><\/a>\n\t\t\t<\/dt>\n\t\t\t\t<dd class='wp-caption-text gallery-caption' id='gallery-1-1798'>\n\t\t\t\tEispause \ud83d\ude42\n\t\t\t\t<\/dd><\/dl><dl class='gallery-item'>\n\t\t\t<dt class='gallery-icon portrait'>\n\t\t\t\t<a href='https:\/\/ginaundseppontour.de\/wordpress\/wp-content\/uploads\/2017\/06\/IMG_7068.jpg'><img loading=\"lazy\" decoding=\"async\" width=\"225\" height=\"300\" src=\"https:\/\/ginaundseppontour.de\/wordpress\/wp-content\/uploads\/2017\/06\/IMG_7068-225x300.jpg\" class=\"attachment-medium size-medium\" alt=\"\" aria-describedby=\"gallery-1-1795\" srcset=\"https:\/\/ginaundseppontour.de\/wordpress\/wp-content\/uploads\/2017\/06\/IMG_7068-225x300.jpg 225w, https:\/\/ginaundseppontour.de\/wordpress\/wp-content\/uploads\/2017\/06\/IMG_7068-768x1024.jpg 768w, https:\/\/ginaundseppontour.de\/wordpress\/wp-content\/uploads\/2017\/06\/IMG_7068-676x901.jpg 676w\" sizes=\"auto, (max-width: 225px) 100vw, 225px\" \/><\/a>\n\t\t\t<\/dt>\n\t\t\t\t<dd class='wp-caption-text gallery-caption' id='gallery-1-1795'>\n\t\t\t\tLucky liebt den Beifahrersitz\n\t\t\t\t<\/dd><\/dl><dl class='gallery-item'>\n\t\t\t<dt class='gallery-icon landscape'>\n\t\t\t\t<a href='https:\/\/ginaundseppontour.de\/wordpress\/wp-content\/uploads\/2017\/06\/IMG_7074.jpg'><img loading=\"lazy\" decoding=\"async\" width=\"300\" height=\"225\" src=\"https:\/\/ginaundseppontour.de\/wordpress\/wp-content\/uploads\/2017\/06\/IMG_7074-300x225.jpg\" class=\"attachment-medium size-medium\" alt=\"\" aria-describedby=\"gallery-1-1794\" srcset=\"https:\/\/ginaundseppontour.de\/wordpress\/wp-content\/uploads\/2017\/06\/IMG_7074-300x225.jpg 300w, https:\/\/ginaundseppontour.de\/wordpress\/wp-content\/uploads\/2017\/06\/IMG_7074-768x576.jpg 768w, https:\/\/ginaundseppontour.de\/wordpress\/wp-content\/uploads\/2017\/06\/IMG_7074-1024x768.jpg 1024w, https:\/\/ginaundseppontour.de\/wordpress\/wp-content\/uploads\/2017\/06\/IMG_7074-676x507.jpg 676w\" sizes=\"auto, (max-width: 300px) 100vw, 300px\" \/><\/a>\n\t\t\t<\/dt>\n\t\t\t\t<dd class='wp-caption-text gallery-caption' id='gallery-1-1794'>\n\t\t\t\tG\u00f6rlitz im Regen\n\t\t\t\t<\/dd><\/dl><br style=\"clear: both\" \/><dl class='gallery-item'>\n\t\t\t<dt class='gallery-icon landscape'>\n\t\t\t\t<a href='https:\/\/ginaundseppontour.de\/wordpress\/wp-content\/uploads\/2017\/06\/IMG_7107.jpg'><img loading=\"lazy\" decoding=\"async\" width=\"300\" height=\"225\" src=\"https:\/\/ginaundseppontour.de\/wordpress\/wp-content\/uploads\/2017\/06\/IMG_7107-300x225.jpg\" class=\"attachment-medium size-medium\" alt=\"\" aria-describedby=\"gallery-1-1800\" srcset=\"https:\/\/ginaundseppontour.de\/wordpress\/wp-content\/uploads\/2017\/06\/IMG_7107-300x225.jpg 300w, https:\/\/ginaundseppontour.de\/wordpress\/wp-content\/uploads\/2017\/06\/IMG_7107-768x576.jpg 768w, https:\/\/ginaundseppontour.de\/wordpress\/wp-content\/uploads\/2017\/06\/IMG_7107-1024x768.jpg 1024w, https:\/\/ginaundseppontour.de\/wordpress\/wp-content\/uploads\/2017\/06\/IMG_7107-676x507.jpg 676w\" sizes=\"auto, (max-width: 300px) 100vw, 300px\" \/><\/a>\n\t\t\t<\/dt>\n\t\t\t\t<dd class='wp-caption-text gallery-caption' id='gallery-1-1800'>\n\t\t\t\tAm Elbufer in Dresden\n\t\t\t\t<\/dd><\/dl><dl class='gallery-item'>\n\t\t\t<dt class='gallery-icon landscape'>\n\t\t\t\t<a href='https:\/\/ginaundseppontour.de\/wordpress\/wp-content\/uploads\/2017\/06\/IMG_7115.jpg'><img loading=\"lazy\" decoding=\"async\" width=\"300\" height=\"225\" src=\"https:\/\/ginaundseppontour.de\/wordpress\/wp-content\/uploads\/2017\/06\/IMG_7115-300x225.jpg\" class=\"attachment-medium size-medium\" alt=\"\" aria-describedby=\"gallery-1-1793\" srcset=\"https:\/\/ginaundseppontour.de\/wordpress\/wp-content\/uploads\/2017\/06\/IMG_7115-300x225.jpg 300w, https:\/\/ginaundseppontour.de\/wordpress\/wp-content\/uploads\/2017\/06\/IMG_7115-768x576.jpg 768w, https:\/\/ginaundseppontour.de\/wordpress\/wp-content\/uploads\/2017\/06\/IMG_7115-1024x768.jpg 1024w, https:\/\/ginaundseppontour.de\/wordpress\/wp-content\/uploads\/2017\/06\/IMG_7115-676x507.jpg 676w\" sizes=\"auto, (max-width: 300px) 100vw, 300px\" \/><\/a>\n\t\t\t<\/dt>\n\t\t\t\t<dd class='wp-caption-text gallery-caption' id='gallery-1-1793'>\n\t\t\t\tLucky mit Hundefreundin Fine\n\t\t\t\t<\/dd><\/dl><dl class='gallery-item'>\n\t\t\t<dt class='gallery-icon landscape'>\n\t\t\t\t<a href='https:\/\/ginaundseppontour.de\/wordpress\/wp-content\/uploads\/2017\/06\/IMG_7116.jpg'><img loading=\"lazy\" decoding=\"async\" width=\"300\" height=\"225\" src=\"https:\/\/ginaundseppontour.de\/wordpress\/wp-content\/uploads\/2017\/06\/IMG_7116-300x225.jpg\" class=\"attachment-medium size-medium\" alt=\"\" srcset=\"https:\/\/ginaundseppontour.de\/wordpress\/wp-content\/uploads\/2017\/06\/IMG_7116-300x225.jpg 300w, https:\/\/ginaundseppontour.de\/wordpress\/wp-content\/uploads\/2017\/06\/IMG_7116-768x576.jpg 768w, https:\/\/ginaundseppontour.de\/wordpress\/wp-content\/uploads\/2017\/06\/IMG_7116-1024x768.jpg 1024w, https:\/\/ginaundseppontour.de\/wordpress\/wp-content\/uploads\/2017\/06\/IMG_7116-676x507.jpg 676w\" sizes=\"auto, (max-width: 300px) 100vw, 300px\" \/><\/a>\n\t\t\t<\/dt><\/dl><br style=\"clear: both\" \/><dl class='gallery-item'>\n\t\t\t<dt class='gallery-icon landscape'>\n\t\t\t\t<a href='https:\/\/ginaundseppontour.de\/wordpress\/wp-content\/uploads\/2017\/06\/IMG_7113.jpg'><img loading=\"lazy\" decoding=\"async\" width=\"300\" height=\"225\" src=\"https:\/\/ginaundseppontour.de\/wordpress\/wp-content\/uploads\/2017\/06\/IMG_7113-300x225.jpg\" class=\"attachment-medium size-medium\" alt=\"\" srcset=\"https:\/\/ginaundseppontour.de\/wordpress\/wp-content\/uploads\/2017\/06\/IMG_7113-300x225.jpg 300w, https:\/\/ginaundseppontour.de\/wordpress\/wp-content\/uploads\/2017\/06\/IMG_7113-768x576.jpg 768w, https:\/\/ginaundseppontour.de\/wordpress\/wp-content\/uploads\/2017\/06\/IMG_7113-1024x768.jpg 1024w, https:\/\/ginaundseppontour.de\/wordpress\/wp-content\/uploads\/2017\/06\/IMG_7113-676x507.jpg 676w\" sizes=\"auto, (max-width: 300px) 100vw, 300px\" \/><\/a>\n\t\t\t<\/dt><\/dl><dl class='gallery-item'>\n\t\t\t<dt class='gallery-icon landscape'>\n\t\t\t\t<a href='https:\/\/ginaundseppontour.de\/wordpress\/wp-content\/uploads\/2017\/06\/IMG_7112.jpg'><img loading=\"lazy\" decoding=\"async\" width=\"300\" height=\"225\" src=\"https:\/\/ginaundseppontour.de\/wordpress\/wp-content\/uploads\/2017\/06\/IMG_7112-300x225.jpg\" class=\"attachment-medium size-medium\" alt=\"\" srcset=\"https:\/\/ginaundseppontour.de\/wordpress\/wp-content\/uploads\/2017\/06\/IMG_7112-300x225.jpg 300w, https:\/\/ginaundseppontour.de\/wordpress\/wp-content\/uploads\/2017\/06\/IMG_7112-768x576.jpg 768w, https:\/\/ginaundseppontour.de\/wordpress\/wp-content\/uploads\/2017\/06\/IMG_7112-1024x768.jpg 1024w, https:\/\/ginaundseppontour.de\/wordpress\/wp-content\/uploads\/2017\/06\/IMG_7112-676x507.jpg 676w\" sizes=\"auto, (max-width: 300px) 100vw, 300px\" \/><\/a>\n\t\t\t<\/dt><\/dl><dl class='gallery-item'>\n\t\t\t<dt class='gallery-icon landscape'>\n\t\t\t\t<a href='https:\/\/ginaundseppontour.de\/wordpress\/wp-content\/uploads\/2017\/06\/IMG_7117.jpg'><img loading=\"lazy\" decoding=\"async\" width=\"300\" height=\"225\" src=\"https:\/\/ginaundseppontour.de\/wordpress\/wp-content\/uploads\/2017\/06\/IMG_7117-300x225.jpg\" class=\"attachment-medium size-medium\" alt=\"\" aria-describedby=\"gallery-1-1788\" srcset=\"https:\/\/ginaundseppontour.de\/wordpress\/wp-content\/uploads\/2017\/06\/IMG_7117-300x225.jpg 300w, https:\/\/ginaundseppontour.de\/wordpress\/wp-content\/uploads\/2017\/06\/IMG_7117-768x576.jpg 768w, https:\/\/ginaundseppontour.de\/wordpress\/wp-content\/uploads\/2017\/06\/IMG_7117-1024x768.jpg 1024w, https:\/\/ginaundseppontour.de\/wordpress\/wp-content\/uploads\/2017\/06\/IMG_7117-676x507.jpg 676w\" sizes=\"auto, (max-width: 300px) 100vw, 300px\" \/><\/a>\n\t\t\t<\/dt>\n\t\t\t\t<dd class='wp-caption-text gallery-caption' id='gallery-1-1788'>\n\t\t\t\tKonzert vor der Frauenkirche\n\t\t\t\t<\/dd><\/dl><br style=\"clear: both\" \/><dl class='gallery-item'>\n\t\t\t<dt class='gallery-icon landscape'>\n\t\t\t\t<a href='https:\/\/ginaundseppontour.de\/wordpress\/wp-content\/uploads\/2017\/06\/IMG_7119.jpg'><img loading=\"lazy\" decoding=\"async\" width=\"300\" height=\"225\" src=\"https:\/\/ginaundseppontour.de\/wordpress\/wp-content\/uploads\/2017\/06\/IMG_7119-300x225.jpg\" class=\"attachment-medium size-medium\" alt=\"\" srcset=\"https:\/\/ginaundseppontour.de\/wordpress\/wp-content\/uploads\/2017\/06\/IMG_7119-300x225.jpg 300w, https:\/\/ginaundseppontour.de\/wordpress\/wp-content\/uploads\/2017\/06\/IMG_7119-768x576.jpg 768w, https:\/\/ginaundseppontour.de\/wordpress\/wp-content\/uploads\/2017\/06\/IMG_7119-1024x768.jpg 1024w, https:\/\/ginaundseppontour.de\/wordpress\/wp-content\/uploads\/2017\/06\/IMG_7119-676x507.jpg 676w, https:\/\/ginaundseppontour.de\/wordpress\/wp-content\/uploads\/2017\/06\/IMG_7119.jpg 1280w\" sizes=\"auto, (max-width: 300px) 100vw, 300px\" \/><\/a>\n\t\t\t<\/dt><\/dl>\n\t\t\t<br style='clear: both' \/>\n\t\t<\/div>\n\n","protected":false},"excerpt":{"rendered":"<p>\u00dcber das verl\u00e4ngerte Fronleichnamswochenende sind wir Richtung Polen aufgebrochen. Die erste Station war Breslau (Wroclaw). Eine sehr sch\u00f6ne Stadt mit einem sch\u00f6nen Altstadtkern. Weiter ging es nach G\u00f6rlitz, auch eine wundersch\u00f6ne Altstadt. Leider hatten wir am Freitag sehr schlechtes Wetter und es hat nur f\u00fcr einen kleinen Stadtbummel gereicht. Am Samstag ging es dann nach [&hellip;]<\/p>\n","protected":false},"author":1,"featured_media":0,"parent":0,"menu_order":0,"comment_status":"closed","ping_status":"closed","template":"","meta":{"_crdt_document":"","pgc_sgb_lightbox_settings":"","footnotes":""},"class_list":["post-1801","page","type-page","status-publish","hentry"],"_links":{"self":[{"href":"https:\/\/ginaundseppontour.de\/index.php?rest_route=\/wp\/v2\/pages\/1801","targetHints":{"allow":["GET"]}}],"collection":[{"href":"https:\/\/ginaundseppontour.de\/index.php?rest_route=\/wp\/v2\/pages"}],"about":[{"href":"https:\/\/ginaundseppontour.de\/index.php?rest_route=\/wp\/v2\/types\/page"}],"author":[{"embeddable":true,"href":"https:\/\/ginaundseppontour.de\/index.php?rest_route=\/wp\/v2\/users\/1"}],"replies":[{"embeddable":true,"href":"https:\/\/ginaundseppontour.de\/index.php?rest_route=%2Fwp%2Fv2%2Fcomments&post=1801"}],"version-history":[{"count":3,"href":"https:\/\/ginaundseppontour.de\/index.php?rest_route=\/wp\/v2\/pages\/1801\/revisions"}],"predecessor-version":[{"id":1805,"href":"https:\/\/ginaundseppontour.de\/index.php?rest_route=\/wp\/v2\/pages\/1801\/revisions\/1805"}],"wp:attachment":[{"href":"https:\/\/ginaundseppontour.de\/index.php?rest_route=%2Fwp%2Fv2%2Fmedia&parent=1801"}],"curies":[{"name":"wp","href":"https:\/\/api.w.org\/{rel}","templated":true}]}}