{"id":1693,"date":"2017-01-02T08:36:59","date_gmt":"2017-01-02T07:36:59","guid":{"rendered":"http:\/\/ginaundseppontour.de\/?page_id=1693"},"modified":"2017-01-07T07:43:11","modified_gmt":"2017-01-07T06:43:11","slug":"wellness-januar-2017","status":"publish","type":"page","link":"https:\/\/ginaundseppontour.de\/?page_id=1693","title":{"rendered":"Wellness Januar"},"content":{"rendered":"<p>Anfang Januar haben wir ein paar Tage Wellness in Untergriesbach gemacht. Neben Entspannung und Schneespa\u00df f\u00fcr Lucky haben wir zwei wundersch\u00f6ne Abende mit Nicole und Manuel verbracht, die wir auf unserer Reise kennengelernt haben \ud83d\ude42<\/p>\n<p>&nbsp;<\/p>\n\n\t\t<style type=\"text\/css\">\n\t\t\t#gallery-1 {\n\t\t\t\tmargin: auto;\n\t\t\t}\n\t\t\t#gallery-1 .gallery-item {\n\t\t\t\tfloat: left;\n\t\t\t\tmargin-top: 10px;\n\t\t\t\ttext-align: center;\n\t\t\t\twidth: 33%;\n\t\t\t}\n\t\t\t#gallery-1 img {\n\t\t\t\tborder: 2px solid #cfcfcf;\n\t\t\t}\n\t\t\t#gallery-1 .gallery-caption {\n\t\t\t\tmargin-left: 0;\n\t\t\t}\n\t\t\t\/* see gallery_shortcode() in wp-includes\/media.php *\/\n\t\t<\/style>\n\t\t<div id='gallery-1' class='gallery galleryid-1693 gallery-columns-3 gallery-size-medium'><dl class='gallery-item'>\n\t\t\t<dt class='gallery-icon landscape'>\n\t\t\t\t<a href='https:\/\/ginaundseppontour.de\/wordpress\/wp-content\/uploads\/2017\/01\/IMG_6079.jpg'><img loading=\"lazy\" decoding=\"async\" width=\"300\" height=\"225\" src=\"https:\/\/ginaundseppontour.de\/wordpress\/wp-content\/uploads\/2017\/01\/IMG_6079-300x225.jpg\" class=\"attachment-medium size-medium\" alt=\"\" aria-describedby=\"gallery-1-1701\" srcset=\"https:\/\/ginaundseppontour.de\/wordpress\/wp-content\/uploads\/2017\/01\/IMG_6079-300x225.jpg 300w, https:\/\/ginaundseppontour.de\/wordpress\/wp-content\/uploads\/2017\/01\/IMG_6079-768x576.jpg 768w, https:\/\/ginaundseppontour.de\/wordpress\/wp-content\/uploads\/2017\/01\/IMG_6079-1024x768.jpg 1024w, https:\/\/ginaundseppontour.de\/wordpress\/wp-content\/uploads\/2017\/01\/IMG_6079-676x507.jpg 676w\" sizes=\"auto, (max-width: 300px) 100vw, 300px\" \/><\/a>\n\t\t\t<\/dt>\n\t\t\t\t<dd class='wp-caption-text gallery-caption' id='gallery-1-1701'>\n\t\t\t\tSchee wars \ud83d\ude42\n\t\t\t\t<\/dd><\/dl><dl class='gallery-item'>\n\t\t\t<dt class='gallery-icon landscape'>\n\t\t\t\t<a href='https:\/\/ginaundseppontour.de\/wordpress\/wp-content\/uploads\/2017\/01\/IMG_6081.jpg'><img loading=\"lazy\" decoding=\"async\" width=\"300\" height=\"225\" src=\"https:\/\/ginaundseppontour.de\/wordpress\/wp-content\/uploads\/2017\/01\/IMG_6081-300x225.jpg\" class=\"attachment-medium size-medium\" alt=\"\" aria-describedby=\"gallery-1-1702\" srcset=\"https:\/\/ginaundseppontour.de\/wordpress\/wp-content\/uploads\/2017\/01\/IMG_6081-300x225.jpg 300w, https:\/\/ginaundseppontour.de\/wordpress\/wp-content\/uploads\/2017\/01\/IMG_6081-768x576.jpg 768w, https:\/\/ginaundseppontour.de\/wordpress\/wp-content\/uploads\/2017\/01\/IMG_6081-1024x768.jpg 1024w, https:\/\/ginaundseppontour.de\/wordpress\/wp-content\/uploads\/2017\/01\/IMG_6081-676x507.jpg 676w\" sizes=\"auto, (max-width: 300px) 100vw, 300px\" \/><\/a>\n\t\t\t<\/dt>\n\t\t\t\t<dd class='wp-caption-text gallery-caption' id='gallery-1-1702'>\n\t\t\t\tLucky liebt Schnee\n\t\t\t\t<\/dd><\/dl><dl class='gallery-item'>\n\t\t\t<dt class='gallery-icon portrait'>\n\t\t\t\t<a href='https:\/\/ginaundseppontour.de\/wordpress\/wp-content\/uploads\/2017\/01\/IMG_6085-e1483771306828.jpg'><img loading=\"lazy\" decoding=\"async\" width=\"225\" height=\"300\" src=\"https:\/\/ginaundseppontour.de\/wordpress\/wp-content\/uploads\/2017\/01\/IMG_6085-e1483771306828-225x300.jpg\" class=\"attachment-medium size-medium\" alt=\"\" aria-describedby=\"gallery-1-1699\" srcset=\"https:\/\/ginaundseppontour.de\/wordpress\/wp-content\/uploads\/2017\/01\/IMG_6085-e1483771306828-225x300.jpg 225w, https:\/\/ginaundseppontour.de\/wordpress\/wp-content\/uploads\/2017\/01\/IMG_6085-e1483771306828-768x1024.jpg 768w, https:\/\/ginaundseppontour.de\/wordpress\/wp-content\/uploads\/2017\/01\/IMG_6085-e1483771306828-676x901.jpg 676w\" sizes=\"auto, (max-width: 225px) 100vw, 225px\" \/><\/a>\n\t\t\t<\/dt>\n\t\t\t\t<dd class='wp-caption-text gallery-caption' id='gallery-1-1699'>\n\t\t\t\t\ud83d\ude42\n\t\t\t\t<\/dd><\/dl><br style=\"clear: both\" \/><dl class='gallery-item'>\n\t\t\t<dt class='gallery-icon landscape'>\n\t\t\t\t<a href='https:\/\/ginaundseppontour.de\/wordpress\/wp-content\/uploads\/2017\/01\/IMG_6076.jpg'><img loading=\"lazy\" decoding=\"async\" width=\"300\" height=\"225\" src=\"https:\/\/ginaundseppontour.de\/wordpress\/wp-content\/uploads\/2017\/01\/IMG_6076-300x225.jpg\" class=\"attachment-medium size-medium\" alt=\"\" aria-describedby=\"gallery-1-1700\" srcset=\"https:\/\/ginaundseppontour.de\/wordpress\/wp-content\/uploads\/2017\/01\/IMG_6076-300x225.jpg 300w, https:\/\/ginaundseppontour.de\/wordpress\/wp-content\/uploads\/2017\/01\/IMG_6076-768x576.jpg 768w, https:\/\/ginaundseppontour.de\/wordpress\/wp-content\/uploads\/2017\/01\/IMG_6076-1024x768.jpg 1024w, https:\/\/ginaundseppontour.de\/wordpress\/wp-content\/uploads\/2017\/01\/IMG_6076-676x507.jpg 676w\" sizes=\"auto, (max-width: 300px) 100vw, 300px\" \/><\/a>\n\t\t\t<\/dt>\n\t\t\t\t<dd class='wp-caption-text gallery-caption' id='gallery-1-1700'>\n\t\t\t\tWellnesshotel in Untergriesbach\n\t\t\t\t<\/dd><\/dl>\n\t\t\t<br style='clear: both' \/>\n\t\t<\/div>\n\n","protected":false},"excerpt":{"rendered":"<p>Anfang Januar haben wir ein paar Tage Wellness in Untergriesbach gemacht. Neben Entspannung und Schneespa\u00df f\u00fcr Lucky haben wir zwei wundersch\u00f6ne Abende mit Nicole und Manuel verbracht, die wir auf unserer Reise kennengelernt haben \ud83d\ude42 &nbsp;<\/p>\n","protected":false},"author":1,"featured_media":0,"parent":0,"menu_order":0,"comment_status":"closed","ping_status":"closed","template":"","meta":{"_crdt_document":"","pgc_sgb_lightbox_settings":"","footnotes":""},"class_list":["post-1693","page","type-page","status-publish","hentry"],"_links":{"self":[{"href":"https:\/\/ginaundseppontour.de\/index.php?rest_route=\/wp\/v2\/pages\/1693","targetHints":{"allow":["GET"]}}],"collection":[{"href":"https:\/\/ginaundseppontour.de\/index.php?rest_route=\/wp\/v2\/pages"}],"about":[{"href":"https:\/\/ginaundseppontour.de\/index.php?rest_route=\/wp\/v2\/types\/page"}],"author":[{"embeddable":true,"href":"https:\/\/ginaundseppontour.de\/index.php?rest_route=\/wp\/v2\/users\/1"}],"replies":[{"embeddable":true,"href":"https:\/\/ginaundseppontour.de\/index.php?rest_route=%2Fwp%2Fv2%2Fcomments&post=1693"}],"version-history":[{"count":4,"href":"https:\/\/ginaundseppontour.de\/index.php?rest_route=\/wp\/v2\/pages\/1693\/revisions"}],"predecessor-version":[{"id":1704,"href":"https:\/\/ginaundseppontour.de\/index.php?rest_route=\/wp\/v2\/pages\/1693\/revisions\/1704"}],"wp:attachment":[{"href":"https:\/\/ginaundseppontour.de\/index.php?rest_route=%2Fwp%2Fv2%2Fmedia&parent=1693"}],"curies":[{"name":"wp","href":"https:\/\/api.w.org\/{rel}","templated":true}]}}